{"id":984,"date":"2023-02-06T19:19:41","date_gmt":"2023-02-06T19:19:41","guid":{"rendered":"https:\/\/www.hotelmultatuli.nl\/sss\/"},"modified":"2023-05-04T15:29:23","modified_gmt":"2023-05-04T15:29:23","slug":"sss","status":"publish","type":"page","link":"https:\/\/www.hotelmultatuli.nl\/tr\/sss\/","title":{"rendered":"SSS"},"content":{"rendered":"\n<p><strong><em>Otelinizde internet kullanabilir miyim?<\/em><\/strong><\/p>\n\n<ul class=\"wp-block-list\">\n<li>Otelde \u00fccretsiz Wi-Fi mevcuttur.<\/li>\n<\/ul>\n\n<p><strong><em>Otel bebek yata\u011f\u0131 sa\u011fl\u0131yor mu?<\/em><\/strong><\/p>\n\n<ul class=\"wp-block-list\">\n<li>\u0130ste\u011finiz \u00fczerine odan\u0131za \u00fccretsiz bir bebek yata\u011f\u0131 yerle\u015ftirilir. Otelimizde 3 ya\u015f\u0131na kadar olan \u00e7ocuklar \u00fccretsiz konaklayabilir.<\/li>\n<\/ul>\n\n<p><em><strong>De\u011ferli e\u015fyalar\u0131m\u0131 nereye b\u0131rakabilirim?  <\/strong><\/em><\/p>\n\n<ul class=\"wp-block-list\">\n<li>T\u00fcm odalarda emanet kasas\u0131 bulunmaktad\u0131r.<\/li>\n<\/ul>\n\n<p><strong><em>Otelden \u00e7\u0131k\u0131\u015f yapt\u0131ktan sonra bagaj\u0131m\u0131 nereye b\u0131rakabilirim?<\/em><\/strong><\/p>\n\n<ul class=\"wp-block-list\">\n<li>Otelde e\u015fyalar\u0131n\u0131z\u0131 g\u00fcvenle saklayabilece\u011finiz bir bagaj odas\u0131 bulunmaktad\u0131r.<\/li>\n<\/ul>\n\n<p><strong><em>Otel resepsiyonu geceleri kapal\u0131 m\u0131?<\/em><\/strong><\/p>\n\n<ul class=\"wp-block-list\">\n<li>Hotel Multatuli haftan\u0131n 7 g\u00fcn\u00fc, g\u00fcn\u00fcn 24 saati a\u00e7\u0131kt\u0131r. Personelimiz her zaman hizmetinizde olacakt\u0131r<\/li>\n<\/ul>\n\n<p><strong><em>Otelinizde kald\u0131\u011f\u0131m s\u00fcre boyunca hastalan\u0131rsam ne yapmal\u0131y\u0131m?<\/em><\/strong><\/p>\n\n<ul class=\"wp-block-list\">\n<li>T\u0131bbi yard\u0131ma ihtiya\u00e7 duyman\u0131z halinde resepsiyon talebiniz \u00fczerine bir doktor \u00e7a\u011f\u0131racakt\u0131r. Odan\u0131za yap\u0131lan doktor ziyaretleri 80 ila 100 avroya mal olmaktad\u0131r. \u00dccretin iadesi i\u00e7in sa\u011fl\u0131k sigortan\u0131z\u0131 kontrol edin.<\/li>\n<\/ul>\n\n<p><strong><em>Odam web sitesindeki resimlerle tamamen ayn\u0131 m\u0131 olacak?<\/em><\/strong><\/p>\n\n<ul class=\"wp-block-list\">\n<li>Web sitesindeki foto\u011fraflar konuk odalar\u0131m\u0131z hakk\u0131nda bir izlenim vermek i\u00e7indir. \u00d6zenle se\u00e7ilmi\u015flerdir ve otel ambiyans\u0131n\u0131 temsil etmektedirler. Ancak, odan\u0131z foto\u011fraflarda g\u00f6rd\u00fc\u011f\u00fcn\u00fczden biraz farkl\u0131 olabilir.<\/li>\n<\/ul>\n\n<p><strong><em>Kredi kart\u0131m yok. Hotel Multatuli&#8217;de hala oda rezervasyonu yapabilir miyim?<\/em><\/strong><\/p>\n\n<ul class=\"wp-block-list\">\n<li>Otelimiz ile ileti\u015fime ge\u00e7menizi rica ederiz:<br\/><a href=\"mailto:reservations@multatulihote.nl\">reservations@multatulihotel.nl<\/a> <br\/>+31 020 627 4282<\/li>\n<\/ul>\n\n<p><strong><em>Rezervasyonumu iptal etmek istiyorum. \u0130ptal ko\u015fullar\u0131 nelerdir?<\/em><\/strong><\/p>\n\n<ul class=\"wp-block-list\">\n<li>Bir oda rezervasyonu yapt\u0131ktan sonra var\u0131\u015f tarihinden 48 saat \u00f6ncesine kadar \u00fccretsiz olarak iptal edebilirsiniz. L\u00fctfen var\u0131\u015f g\u00fcn\u00fcn\u00fcn saat 00.00&#8217;da (CET) ba\u015flad\u0131\u011f\u0131n\u0131 unutmay\u0131n. \u00c7ok ge\u00e7 iptal ederseniz veya kararla\u015ft\u0131r\u0131lan g\u00fcnde gelemezseniz, rezervasyonunuzun ilk gecesi i\u00e7in sizden \u00fccret al\u0131r\u0131z. L\u00fctfen <a rel=\"noreferrer noopener\" href=\"https:\/\/www.hotelmultatuli.nl\/tr\/rezervasyon-iptal-politikasi\/\" data-type=\"page\" data-id=\"272\" target=\"_blank\">Rezervasyon ve \u0130ptal Politikam\u0131za<\/a> bak\u0131n\u0131z.<\/li>\n<\/ul>\n\n<p><em><strong>Kredi kart\u0131 ekstrem, otele varmadan \u00f6nce otel faturam\u0131 \u00f6dedi\u011fimi s\u00f6yl\u00fcyor. Bu nas\u0131l m\u00fcmk\u00fcn olabilir?<\/strong><\/em><\/p>\n\n<ul class=\"wp-block-list\">\n<li>Rezervasyonunuzu yaparken kredi kart\u0131 bilgilerinizi verdiniz. Hotel Multatuli bu bilgileri kredi kart\u0131 \u015firketinizden yetki talep etmek i\u00e7in kullanm\u0131\u015ft\u0131r. Bu, kredi limitlerinin potansiyel harcamalara izin verdi\u011fini belgelemek i\u00e7in standart bir prosed\u00fcrd\u00fcr. Baz\u0131 kredi kart\u0131 \u015firketleri kart sahiplerini yetkilendirme talepleri hakk\u0131nda bilgilendirir. Bu durumda, banka ekstrenizde kredi limitinizin rezervasyon tutar\u0131na kadar ge\u00e7ici olarak s\u0131n\u0131rland\u0131r\u0131ld\u0131\u011f\u0131 bildirilebilir. Bu hi\u00e7bir \u015fekilde ger\u00e7ek bir \u00f6deme de\u011fildir. Otele herhangi bir para transferi yap\u0131lmam\u0131\u015ft\u0131r. Otele vard\u0131\u011f\u0131n\u0131zda kalmak istedi\u011finiz gece say\u0131s\u0131 i\u00e7in \u00f6deme yapars\u0131n\u0131z. Bunu nakit veya pin ile yapabilirsiniz. Maksimum kredi limitiniz derhal iptal edilecektir. Kredi kart\u0131 ile \u00f6deme yapmay\u0131 tercih ederseniz, kredi kart\u0131 i\u015flemini onaylars\u0131n\u0131z. Ancak bu noktada maksimum krediniz \u00f6denmesi gereken masraflarla birlikte azalt\u0131lacakt\u0131r. <a href=\"https:\/\/www.hotelmultatuli.nl\/tr\/rezervasyon-iptal-politikasi\/\" data-type=\"page\" data-id=\"272\">Rezervasyon ve \u0130ptal Politikas\u0131.<\/a><\/li>\n<\/ul>\n\n<p><strong><em>Schiphol \u015fehrinden Hotel Multatuli \u015fehrine nas\u0131l gidebilirim?<\/em><\/strong><\/p>\n\n<ul class=\"wp-block-list\">\n<li>En h\u0131zl\u0131 ve en ekonomik ula\u015f\u0131m yolu, Schiphol Havaliman\u0131&#8217;ndan Amsterdam Merkez \u0130stasyonu&#8217;na do\u011frudan trenle gitmektir. Hotel Multatuli&#8217;yi istasyon meydan\u0131n\u0131n hemen kar\u015f\u0131s\u0131nda, 5 dakikadan k\u0131sa bir y\u00fcr\u00fcy\u00fc\u015f\u00fcn ard\u0131ndan bulabilirsiniz. Trenle yolculuk 15 ila 19 dakika s\u00fcrmektedir.  <a href=\"https:\/\/www.hotelmultatuli.nl\/tr\/konum\/\" data-type=\"URL\" data-id=\"\/location\" target=\"_blank\" rel=\"noreferrer noopener\">Tren Bilgileri<\/a><\/li>\n<\/ul>\n\n<p><strong><em>Otele Schiphol Hotel Shuttle otob\u00fcs\u00fc ile gidip gelebilir miyim?<\/em><\/strong><\/p>\n\n<ul class=\"wp-block-list\">\n<li>Evet, yapabilirsin. Schiphol&#8217;den yolculu\u011fu kendiniz ayarlaman\u0131z gerekir. Otel resepsiyonu sizin i\u00e7in gerekli d\u00fczenlemeleri yapacakt\u0131r. Yolculuk yakla\u015f\u0131k 45 dakika s\u00fcrmektedir.  <a href=\"https:\/\/www.hotelmultatuli.nl\/tr\/konum\/\" data-type=\"URL\" data-id=\"\/location\" target=\"_blank\" rel=\"noreferrer noopener\">Servis Bilgileri<\/a><\/li>\n<\/ul>\n\n<p><strong><em>Arabam\u0131 otelin yak\u0131n\u0131na park edebilir miyim?<\/em><\/strong><\/p>\n\n<ul class=\"wp-block-list\">\n<li>Hotel Multatuli&#8217;de \u00f6zel park yeri bulunmamaktad\u0131r. Ancak, yolun hemen kar\u015f\u0131s\u0131nda (bir dakikal\u0131k y\u00fcr\u00fcme mesafesinde) Q-Park&#8217;ta park olanaklar\u0131 bulabilirsiniz. G\u00fcnl\u00fck \u00fccret yakla\u015f\u0131k 50 avrodur. \u015eehir merkezinin i\u00e7inde (arabayla 5 dakika) daha az pahal\u0131 tesisler g\u00fcnl\u00fck yakla\u015f\u0131k 15 avro \u00fccret almaktad\u0131r. Otel resepsiyonu uygun park yerleri bularak bilgi vermekten mutluluk duyacakt\u0131r.  <a href=\"https:\/\/www.hotelmultatuli.nl\/tr\/konum\/\" data-type=\"URL\" data-id=\"\/location\">Otopark Bilgileri<\/a><\/li>\n<\/ul>\n\n<p><strong><em>Ayr\u0131l\u0131\u015f g\u00fcn\u00fc odam\u0131 saat ka\u00e7ta bo\u015faltmam gerekiyor?<\/em><\/strong><\/p>\n\n<ul class=\"wp-block-list\">\n<li>Saat 11.00&#8217;e kadar odan\u0131zda kalabilirsiniz. Sadece resepsiyona dan\u0131\u015ft\u0131ktan sonra daha uzun kalabilirsiniz. Resepsiyon, uzun s\u00fcreli konaklamalar i\u00e7in sizden \u00fccret talep edebilir.<\/li>\n<\/ul>\n\n<p><strong><em>Odam\u0131 ne zaman kullanabilirim?<\/em><\/strong><\/p>\n\n<ul class=\"wp-block-list\">\n<li>Konuk odan\u0131za var\u0131\u015f g\u00fcn\u00fcn\u00fczde saat 13.00&#8217;ten itibaren girebilirsiniz. Erken var\u0131\u015fta, personelimiz rahat\u0131n\u0131z i\u00e7in ayarlad\u0131ktan hemen sonra odan\u0131z\u0131 kullanabilirsiniz.<\/li>\n<\/ul>\n\n<p><strong><em>Otelde sigara i\u00e7ebilir miyim?<\/em><\/strong><\/p>\n\n<ul class=\"wp-block-list\">\n<li>Hollanda yasalar\u0131 otelimizde ve konuk odalar\u0131nda sigara i\u00e7ilmesini yasaklamaktad\u0131r. Faturan\u0131za 300 Euro&#8217;ya kadar \u00e7\u0131kabilecek para cezalar\u0131 eklenecektir. Otelin tamam\u0131nda uyu\u015fturucu kullan\u0131m\u0131 (esrar ve ha\u015fha\u015f dahil) kesinlikle yasakt\u0131r.<\/li>\n<\/ul>\n\n<p><strong><em>K\u00f6pe\u011fimin otelinize girmesine izin var m\u0131?<\/em><\/strong><\/p>\n\n<ul class=\"wp-block-list\">\n<li>\u00dczg\u00fcn\u00fcz, otelimize evcil hayvan kabul edilmemektedir.<\/li>\n<\/ul>\n","protected":false},"excerpt":{"rendered":"<p>Otelinizde internet kullanabilir miyim? Otel bebek yata\u011f\u0131 sa\u011fl\u0131yor mu? De\u011ferli e\u015fyalar\u0131m\u0131 nereye b\u0131rakabilirim? Otelden \u00e7\u0131k\u0131\u015f yapt\u0131ktan sonra bagaj\u0131m\u0131 nereye b\u0131rakabilirim? Otel resepsiyonu geceleri kapal\u0131 m\u0131? Otelinizde kald\u0131\u011f\u0131m s\u00fcre boyunca hastalan\u0131rsam ne yapmal\u0131y\u0131m? Odam web sitesindeki resimlerle tamamen ayn\u0131 m\u0131 olacak? Kredi kart\u0131m yok. Hotel Multatuli&#8217;de hala oda rezervasyonu yapabilir miyim? Rezervasyonumu iptal etmek istiyorum. \u0130ptal&hellip; <br \/> <a class=\"read-more\" href=\"https:\/\/www.hotelmultatuli.nl\/tr\/sss\/\">Read more<\/a><\/p>\n","protected":false},"author":1,"featured_media":0,"parent":0,"menu_order":0,"comment_status":"closed","ping_status":"closed","template":"","meta":{"footnotes":""},"class_list":["post-984","page","type-page","status-publish","hentry"],"yoast_head":"<!-- This site is optimized with the Yoast SEO plugin v27.5 - https:\/\/yoast.com\/product\/yoast-seo-wordpress\/ -->\n<title>SSS - Hotel Multatuli<\/title>\n<meta name=\"robots\" content=\"index, follow, max-snippet:-1, max-image-preview:large, max-video-preview:-1\" \/>\n<link rel=\"canonical\" href=\"https:\/\/www.hotelmultatuli.nl\/tr\/sss\/\" \/>\n<meta property=\"og:locale\" content=\"tr_TR\" \/>\n<meta property=\"og:type\" content=\"article\" \/>\n<meta property=\"og:title\" content=\"SSS - Hotel Multatuli\" \/>\n<meta property=\"og:description\" content=\"Otelinizde internet kullanabilir miyim? Otel bebek yata\u011f\u0131 sa\u011fl\u0131yor mu? De\u011ferli e\u015fyalar\u0131m\u0131 nereye b\u0131rakabilirim? Otelden \u00e7\u0131k\u0131\u015f yapt\u0131ktan sonra bagaj\u0131m\u0131 nereye b\u0131rakabilirim? Otel resepsiyonu geceleri kapal\u0131 m\u0131? Otelinizde kald\u0131\u011f\u0131m s\u00fcre boyunca hastalan\u0131rsam ne yapmal\u0131y\u0131m? Odam web sitesindeki resimlerle tamamen ayn\u0131 m\u0131 olacak? Kredi kart\u0131m yok. Hotel Multatuli&#8217;de hala oda rezervasyonu yapabilir miyim? Rezervasyonumu iptal etmek istiyorum. \u0130ptal&hellip; Read more\" \/>\n<meta property=\"og:url\" content=\"https:\/\/www.hotelmultatuli.nl\/tr\/sss\/\" \/>\n<meta property=\"og:site_name\" content=\"Hotel Multatuli\" \/>\n<meta property=\"article:modified_time\" content=\"2023-05-04T15:29:23+00:00\" \/>\n<meta name=\"twitter:card\" content=\"summary_large_image\" \/>\n<meta name=\"twitter:label1\" content=\"Tahmini okuma s\u00fcresi\" \/>\n\t<meta name=\"twitter:data1\" content=\"4 dakika\" \/>\n<script type=\"application\/ld+json\" class=\"yoast-schema-graph\">{\"@context\":\"https:\\\/\\\/schema.org\",\"@graph\":[{\"@type\":\"WebPage\",\"@id\":\"https:\\\/\\\/www.hotelmultatuli.nl\\\/tr\\\/sss\\\/\",\"url\":\"https:\\\/\\\/www.hotelmultatuli.nl\\\/tr\\\/sss\\\/\",\"name\":\"SSS - Hotel Multatuli\",\"isPartOf\":{\"@id\":\"https:\\\/\\\/www.hotelmultatuli.nl\\\/tr\\\/#website\"},\"datePublished\":\"2023-02-06T19:19:41+00:00\",\"dateModified\":\"2023-05-04T15:29:23+00:00\",\"breadcrumb\":{\"@id\":\"https:\\\/\\\/www.hotelmultatuli.nl\\\/tr\\\/sss\\\/#breadcrumb\"},\"inLanguage\":\"tr\",\"potentialAction\":[{\"@type\":\"ReadAction\",\"target\":[\"https:\\\/\\\/www.hotelmultatuli.nl\\\/tr\\\/sss\\\/\"]}]},{\"@type\":\"BreadcrumbList\",\"@id\":\"https:\\\/\\\/www.hotelmultatuli.nl\\\/tr\\\/sss\\\/#breadcrumb\",\"itemListElement\":[{\"@type\":\"ListItem\",\"position\":1,\"name\":\"Home\",\"item\":\"https:\\\/\\\/www.hotelmultatuli.nl\\\/tr\\\/\"},{\"@type\":\"ListItem\",\"position\":2,\"name\":\"SSS\"}]},{\"@type\":\"WebSite\",\"@id\":\"https:\\\/\\\/www.hotelmultatuli.nl\\\/tr\\\/#website\",\"url\":\"https:\\\/\\\/www.hotelmultatuli.nl\\\/tr\\\/\",\"name\":\"Hotel Multatuli\",\"description\":\"Amsterdam\",\"publisher\":{\"@id\":\"https:\\\/\\\/www.hotelmultatuli.nl\\\/tr\\\/#organization\"},\"potentialAction\":[{\"@type\":\"SearchAction\",\"target\":{\"@type\":\"EntryPoint\",\"urlTemplate\":\"https:\\\/\\\/www.hotelmultatuli.nl\\\/tr\\\/?s={search_term_string}\"},\"query-input\":{\"@type\":\"PropertyValueSpecification\",\"valueRequired\":true,\"valueName\":\"search_term_string\"}}],\"inLanguage\":\"tr\"},{\"@type\":\"Organization\",\"@id\":\"https:\\\/\\\/www.hotelmultatuli.nl\\\/tr\\\/#organization\",\"name\":\"Hotel Multatuli\",\"url\":\"https:\\\/\\\/www.hotelmultatuli.nl\\\/tr\\\/\",\"logo\":{\"@type\":\"ImageObject\",\"inLanguage\":\"tr\",\"@id\":\"https:\\\/\\\/www.hotelmultatuli.nl\\\/tr\\\/#\\\/schema\\\/logo\\\/image\\\/\",\"url\":\"https:\\\/\\\/www.hotelmultatuli.nl\\\/wp-content\\\/uploads\\\/2022\\\/09\\\/logo-multatuli-hotel.png\",\"contentUrl\":\"https:\\\/\\\/www.hotelmultatuli.nl\\\/wp-content\\\/uploads\\\/2022\\\/09\\\/logo-multatuli-hotel.png\",\"width\":300,\"height\":69,\"caption\":\"Hotel Multatuli\"},\"image\":{\"@id\":\"https:\\\/\\\/www.hotelmultatuli.nl\\\/tr\\\/#\\\/schema\\\/logo\\\/image\\\/\"}}]}<\/script>\n<!-- \/ Yoast SEO plugin. -->","yoast_head_json":{"title":"SSS - Hotel Multatuli","robots":{"index":"index","follow":"follow","max-snippet":"max-snippet:-1","max-image-preview":"max-image-preview:large","max-video-preview":"max-video-preview:-1"},"canonical":"https:\/\/www.hotelmultatuli.nl\/tr\/sss\/","og_locale":"tr_TR","og_type":"article","og_title":"SSS - Hotel Multatuli","og_description":"Otelinizde internet kullanabilir miyim? Otel bebek yata\u011f\u0131 sa\u011fl\u0131yor mu? De\u011ferli e\u015fyalar\u0131m\u0131 nereye b\u0131rakabilirim? Otelden \u00e7\u0131k\u0131\u015f yapt\u0131ktan sonra bagaj\u0131m\u0131 nereye b\u0131rakabilirim? Otel resepsiyonu geceleri kapal\u0131 m\u0131? Otelinizde kald\u0131\u011f\u0131m s\u00fcre boyunca hastalan\u0131rsam ne yapmal\u0131y\u0131m? Odam web sitesindeki resimlerle tamamen ayn\u0131 m\u0131 olacak? Kredi kart\u0131m yok. Hotel Multatuli&#8217;de hala oda rezervasyonu yapabilir miyim? Rezervasyonumu iptal etmek istiyorum. \u0130ptal&hellip; Read more","og_url":"https:\/\/www.hotelmultatuli.nl\/tr\/sss\/","og_site_name":"Hotel Multatuli","article_modified_time":"2023-05-04T15:29:23+00:00","twitter_card":"summary_large_image","twitter_misc":{"Tahmini okuma s\u00fcresi":"4 dakika"},"schema":{"@context":"https:\/\/schema.org","@graph":[{"@type":"WebPage","@id":"https:\/\/www.hotelmultatuli.nl\/tr\/sss\/","url":"https:\/\/www.hotelmultatuli.nl\/tr\/sss\/","name":"SSS - Hotel Multatuli","isPartOf":{"@id":"https:\/\/www.hotelmultatuli.nl\/tr\/#website"},"datePublished":"2023-02-06T19:19:41+00:00","dateModified":"2023-05-04T15:29:23+00:00","breadcrumb":{"@id":"https:\/\/www.hotelmultatuli.nl\/tr\/sss\/#breadcrumb"},"inLanguage":"tr","potentialAction":[{"@type":"ReadAction","target":["https:\/\/www.hotelmultatuli.nl\/tr\/sss\/"]}]},{"@type":"BreadcrumbList","@id":"https:\/\/www.hotelmultatuli.nl\/tr\/sss\/#breadcrumb","itemListElement":[{"@type":"ListItem","position":1,"name":"Home","item":"https:\/\/www.hotelmultatuli.nl\/tr\/"},{"@type":"ListItem","position":2,"name":"SSS"}]},{"@type":"WebSite","@id":"https:\/\/www.hotelmultatuli.nl\/tr\/#website","url":"https:\/\/www.hotelmultatuli.nl\/tr\/","name":"Hotel Multatuli","description":"Amsterdam","publisher":{"@id":"https:\/\/www.hotelmultatuli.nl\/tr\/#organization"},"potentialAction":[{"@type":"SearchAction","target":{"@type":"EntryPoint","urlTemplate":"https:\/\/www.hotelmultatuli.nl\/tr\/?s={search_term_string}"},"query-input":{"@type":"PropertyValueSpecification","valueRequired":true,"valueName":"search_term_string"}}],"inLanguage":"tr"},{"@type":"Organization","@id":"https:\/\/www.hotelmultatuli.nl\/tr\/#organization","name":"Hotel Multatuli","url":"https:\/\/www.hotelmultatuli.nl\/tr\/","logo":{"@type":"ImageObject","inLanguage":"tr","@id":"https:\/\/www.hotelmultatuli.nl\/tr\/#\/schema\/logo\/image\/","url":"https:\/\/www.hotelmultatuli.nl\/wp-content\/uploads\/2022\/09\/logo-multatuli-hotel.png","contentUrl":"https:\/\/www.hotelmultatuli.nl\/wp-content\/uploads\/2022\/09\/logo-multatuli-hotel.png","width":300,"height":69,"caption":"Hotel Multatuli"},"image":{"@id":"https:\/\/www.hotelmultatuli.nl\/tr\/#\/schema\/logo\/image\/"}}]}},"_links":{"self":[{"href":"https:\/\/www.hotelmultatuli.nl\/tr\/wp-json\/wp\/v2\/pages\/984","targetHints":{"allow":["GET"]}}],"collection":[{"href":"https:\/\/www.hotelmultatuli.nl\/tr\/wp-json\/wp\/v2\/pages"}],"about":[{"href":"https:\/\/www.hotelmultatuli.nl\/tr\/wp-json\/wp\/v2\/types\/page"}],"author":[{"embeddable":true,"href":"https:\/\/www.hotelmultatuli.nl\/tr\/wp-json\/wp\/v2\/users\/1"}],"replies":[{"embeddable":true,"href":"https:\/\/www.hotelmultatuli.nl\/tr\/wp-json\/wp\/v2\/comments?post=984"}],"version-history":[{"count":1,"href":"https:\/\/www.hotelmultatuli.nl\/tr\/wp-json\/wp\/v2\/pages\/984\/revisions"}],"predecessor-version":[{"id":986,"href":"https:\/\/www.hotelmultatuli.nl\/tr\/wp-json\/wp\/v2\/pages\/984\/revisions\/986"}],"wp:attachment":[{"href":"https:\/\/www.hotelmultatuli.nl\/tr\/wp-json\/wp\/v2\/media?parent=984"}],"curies":[{"name":"wp","href":"https:\/\/api.w.org\/{rel}","templated":true}]}}