{"id":966,"date":"2023-02-05T18:55:47","date_gmt":"2023-02-05T18:55:47","guid":{"rendered":"https:\/\/www.hotelmultatuli.nl\/rezervasyon-iptal-politikasi\/"},"modified":"2026-01-01T22:16:07","modified_gmt":"2026-01-01T22:16:07","slug":"rezervasyon-iptal-politikasi","status":"publish","type":"page","link":"https:\/\/www.hotelmultatuli.nl\/tr\/rezervasyon-iptal-politikasi\/","title":{"rendered":"Rezervasyon &amp; \u0130ptal Politikas\u0131"},"content":{"rendered":"<div data-id=\"initial-content-section\" data-export-id=\"initial-content-section\" data-label=\"Initial Content\" id=\"initial-content-section\" class=\"content-section content-section-spacing\">\n   <div class=\"gridContainer\">\n     <div class=\"row\">\n\n        <div class=\"col-xs-12 col-sm-12\">                <p><\/p>\n<p><strong>Rezervasyon &amp; \u0130ptal Politikas\u0131<\/strong><\/p>\n<p><\/p>\n<p><\/p>\n<p><span style=\"font-weight: 600;\">Rezervasyonlar<\/span><\/p>\n<p><\/p>\n<p><\/p>\n<p>Bir veya daha fazla konuk odas\u0131 rezerve etmek i\u00e7in kredi kart\u0131 bilgilerinizi vermeniz gerekmektedir. Bu bilgiler, otelimizin kredi kart\u0131 \u015firketinizden onay talep etmesini sa\u011flar. Bu, kredi limitlerinin potansiyel harcamalara izin verdi\u011fini belgelemek i\u00e7in standart bir prosed\u00fcrd\u00fcr. Baz\u0131 kredi kart\u0131 \u015firketleri kart sahiplerini yetkilendirme talepleri hakk\u0131nda bilgilendirir. Bu durumda, banka ekstrenizde kredi limitinizin rezervasyon tutar\u0131na kadar ge\u00e7ici olarak s\u0131n\u0131rland\u0131r\u0131ld\u0131\u011f\u0131 bildirilebilir. Ancak bu s\u0131n\u0131rlama bir \u00f6deme de\u011fildir. As\u0131l \u00f6deme, otele vard\u0131\u011f\u0131n\u0131zda oturum a\u00e7t\u0131\u011f\u0131n\u0131zda yap\u0131l\u0131r. Bu noktada kart harcamalar\u0131n\u0131z\u0131 do\u011frulayarak kredi kart\u0131n\u0131z\u0131 kullanmaya karar verebilirsiniz. Nakit veya pin ile \u00f6deme yapmay\u0131 tercih ederseniz, maksimum kredi limitiniz derhal iptal edilecektir.<\/p>\n<p><\/p>\n<p><\/p>\n<p>Var\u0131\u015fta, rezerve edilen gece say\u0131s\u0131 i\u00e7in \u00f6deme yapman\u0131z istenir. Fiyatlara kahvalt\u0131 dahildir. Faturan\u0131za %12,50 oran\u0131nda turist vergisi eklenecektir. Resepsiyon g\u00f6revlilerimiz \u00f6demeleri kredi kart\u0131, pin veya nakit olarak kabul etmektedir.<\/p>\n<p><\/p>\n<p><\/p>\n<p>Hotel Multatuli, 7 ki\u015fiden fazla gruplar i\u00e7in rezervasyon veya 3&#8217;ten fazla oda i\u00e7in rezervasyon kabul etmemektedir.<\/p>\n<p><\/p>\n<p><\/p>\n<p>Konuk odan\u0131z var\u0131\u015f g\u00fcn\u00fcn\u00fczde saat 13.00&#8217;ten itibaren kullan\u0131labilir. Ayr\u0131l\u0131\u015f g\u00fcn\u00fc saat 11.00&#8217;den \u00f6nce odan\u0131z\u0131 bo\u015faltman\u0131z rica olunur.<\/p>\n<p><\/p>\n<p><\/p>\n<p><span style=\"font-weight: 600;\">Rezervasyonunuzu de\u011fi\u015ftirme<\/span><\/p>\n<p><\/p>\n<p><\/p>\n<p>Rezervasyonunuzu iptal etmek veya de\u011fi\u015ftirmek isterseniz, bunu kararla\u015ft\u0131r\u0131lan var\u0131\u015f g\u00fcn\u00fcn\u00fcn 00.00 (CET) saatinden 48 saat \u00f6ncesine kadar \u00fccretsiz olarak yapabilirsiniz. Yeni rezervasyonunuzu veya iptalinizi onaylamak i\u00e7in bir e-posta alacaks\u0131n\u0131z.<\/p>\n<p><\/p>\n<p><\/p>\n<p><span style=\"font-weight: 600;\">\u0130ptal<\/span><\/p>\n<p><\/p>\n<p><\/p>\n<p>Kendinizi iptal etmek zorunda hissederseniz, bunu \u00e7evrimi\u00e7i iptal i\u015flevini kullanarak veya do\u011frudan otelle ileti\u015fime ge\u00e7erek yapabilirsiniz. \u0130ptal, kararla\u015ft\u0131r\u0131lan var\u0131\u015f tarihinden 00.00 (CET) 48 saat \u00f6ncesine kadar \u00fccretsizdir. Beklenen var\u0131\u015f saatinizden sonraki 48 saat i\u00e7inde yap\u0131lan iptallerde ilk gece tutar\u0131 faturaland\u0131r\u0131lacakt\u0131r. Hi\u00e7 iptal edilmeyen bir rezervasyon da ilk gecenin tutar\u0131 kadar faturaland\u0131r\u0131lacakt\u0131r. Otel, bu \u00fccreti kredi kart\u0131n\u0131zdan tahsil edecek ve iptalinizi ve \u00f6demenizi e-posta ile onaylayacakt\u0131r.<\/p>\n<p><\/p>\n<p><\/p>\n<p><\/p>\n<p><\/p>\n<p><\/p>\n<p><\/p>\n<p><\/p>\n<p><\/p>\n<p><\/p>\n<p><\/p>\n\n          <\/div>\n      <\/div>\n  <\/div>\n<\/div>","protected":false},"excerpt":{"rendered":"<p>Rezervasyon &amp; \u0130ptal Politikas\u0131 Rezervasyonlar Bir veya daha fazla konuk odas\u0131 rezerve etmek i\u00e7in kredi kart\u0131 bilgilerinizi vermeniz gerekmektedir. Bu bilgiler, otelimizin kredi kart\u0131 \u015firketinizden onay talep etmesini sa\u011flar. Bu, kredi limitlerinin potansiyel harcamalara izin verdi\u011fini belgelemek i\u00e7in standart bir prosed\u00fcrd\u00fcr. Baz\u0131 kredi kart\u0131 \u015firketleri kart sahiplerini yetkilendirme talepleri hakk\u0131nda bilgilendirir. Bu durumda, banka ekstrenizde&hellip; <br \/> <a class=\"read-more\" href=\"https:\/\/www.hotelmultatuli.nl\/tr\/rezervasyon-iptal-politikasi\/\">Read more<\/a><\/p>\n","protected":false},"author":1,"featured_media":0,"parent":0,"menu_order":0,"comment_status":"closed","ping_status":"closed","template":"pro\/page-templates\/full-width-page.php","meta":{"footnotes":""},"class_list":["post-966","page","type-page","status-publish","hentry"],"yoast_head":"<!-- This site is optimized with the Yoast SEO plugin v27.5 - https:\/\/yoast.com\/product\/yoast-seo-wordpress\/ -->\n<title>Rezervasyon &amp; \u0130ptal Politikas\u0131 - Hotel Multatuli<\/title>\n<meta name=\"robots\" content=\"index, follow, max-snippet:-1, max-image-preview:large, max-video-preview:-1\" \/>\n<link rel=\"canonical\" href=\"https:\/\/www.hotelmultatuli.nl\/tr\/rezervasyon-iptal-politikasi\/\" \/>\n<meta property=\"og:locale\" content=\"tr_TR\" \/>\n<meta property=\"og:type\" content=\"article\" \/>\n<meta property=\"og:title\" content=\"Rezervasyon &amp; \u0130ptal Politikas\u0131 - Hotel Multatuli\" \/>\n<meta property=\"og:description\" content=\"Rezervasyon &amp; \u0130ptal Politikas\u0131 Rezervasyonlar Bir veya daha fazla konuk odas\u0131 rezerve etmek i\u00e7in kredi kart\u0131 bilgilerinizi vermeniz gerekmektedir. Bu bilgiler, otelimizin kredi kart\u0131 \u015firketinizden onay talep etmesini sa\u011flar. Bu, kredi limitlerinin potansiyel harcamalara izin verdi\u011fini belgelemek i\u00e7in standart bir prosed\u00fcrd\u00fcr. Baz\u0131 kredi kart\u0131 \u015firketleri kart sahiplerini yetkilendirme talepleri hakk\u0131nda bilgilendirir. Bu durumda, banka ekstrenizde&hellip; Read more\" \/>\n<meta property=\"og:url\" content=\"https:\/\/www.hotelmultatuli.nl\/tr\/rezervasyon-iptal-politikasi\/\" \/>\n<meta property=\"og:site_name\" content=\"Hotel Multatuli\" \/>\n<meta property=\"article:modified_time\" content=\"2026-01-01T22:16:07+00:00\" \/>\n<meta name=\"twitter:card\" content=\"summary_large_image\" \/>\n<meta name=\"twitter:label1\" content=\"Tahmini okuma s\u00fcresi\" \/>\n\t<meta name=\"twitter:data1\" content=\"2 dakika\" \/>\n<script type=\"application\/ld+json\" class=\"yoast-schema-graph\">{\"@context\":\"https:\\\/\\\/schema.org\",\"@graph\":[{\"@type\":\"WebPage\",\"@id\":\"https:\\\/\\\/www.hotelmultatuli.nl\\\/tr\\\/rezervasyon-iptal-politikasi\\\/\",\"url\":\"https:\\\/\\\/www.hotelmultatuli.nl\\\/tr\\\/rezervasyon-iptal-politikasi\\\/\",\"name\":\"Rezervasyon &amp; \u0130ptal Politikas\u0131 - Hotel Multatuli\",\"isPartOf\":{\"@id\":\"https:\\\/\\\/www.hotelmultatuli.nl\\\/tr\\\/#website\"},\"datePublished\":\"2023-02-05T18:55:47+00:00\",\"dateModified\":\"2026-01-01T22:16:07+00:00\",\"breadcrumb\":{\"@id\":\"https:\\\/\\\/www.hotelmultatuli.nl\\\/tr\\\/rezervasyon-iptal-politikasi\\\/#breadcrumb\"},\"inLanguage\":\"tr\",\"potentialAction\":[{\"@type\":\"ReadAction\",\"target\":[\"https:\\\/\\\/www.hotelmultatuli.nl\\\/tr\\\/rezervasyon-iptal-politikasi\\\/\"]}]},{\"@type\":\"BreadcrumbList\",\"@id\":\"https:\\\/\\\/www.hotelmultatuli.nl\\\/tr\\\/rezervasyon-iptal-politikasi\\\/#breadcrumb\",\"itemListElement\":[{\"@type\":\"ListItem\",\"position\":1,\"name\":\"Home\",\"item\":\"https:\\\/\\\/www.hotelmultatuli.nl\\\/tr\\\/\"},{\"@type\":\"ListItem\",\"position\":2,\"name\":\"Rezervasyon &amp; \u0130ptal Politikas\u0131\"}]},{\"@type\":\"WebSite\",\"@id\":\"https:\\\/\\\/www.hotelmultatuli.nl\\\/tr\\\/#website\",\"url\":\"https:\\\/\\\/www.hotelmultatuli.nl\\\/tr\\\/\",\"name\":\"Hotel Multatuli\",\"description\":\"Amsterdam\",\"publisher\":{\"@id\":\"https:\\\/\\\/www.hotelmultatuli.nl\\\/tr\\\/#organization\"},\"potentialAction\":[{\"@type\":\"SearchAction\",\"target\":{\"@type\":\"EntryPoint\",\"urlTemplate\":\"https:\\\/\\\/www.hotelmultatuli.nl\\\/tr\\\/?s={search_term_string}\"},\"query-input\":{\"@type\":\"PropertyValueSpecification\",\"valueRequired\":true,\"valueName\":\"search_term_string\"}}],\"inLanguage\":\"tr\"},{\"@type\":\"Organization\",\"@id\":\"https:\\\/\\\/www.hotelmultatuli.nl\\\/tr\\\/#organization\",\"name\":\"Hotel Multatuli\",\"url\":\"https:\\\/\\\/www.hotelmultatuli.nl\\\/tr\\\/\",\"logo\":{\"@type\":\"ImageObject\",\"inLanguage\":\"tr\",\"@id\":\"https:\\\/\\\/www.hotelmultatuli.nl\\\/tr\\\/#\\\/schema\\\/logo\\\/image\\\/\",\"url\":\"https:\\\/\\\/www.hotelmultatuli.nl\\\/wp-content\\\/uploads\\\/2022\\\/09\\\/logo-multatuli-hotel.png\",\"contentUrl\":\"https:\\\/\\\/www.hotelmultatuli.nl\\\/wp-content\\\/uploads\\\/2022\\\/09\\\/logo-multatuli-hotel.png\",\"width\":300,\"height\":69,\"caption\":\"Hotel Multatuli\"},\"image\":{\"@id\":\"https:\\\/\\\/www.hotelmultatuli.nl\\\/tr\\\/#\\\/schema\\\/logo\\\/image\\\/\"}}]}<\/script>\n<!-- \/ Yoast SEO plugin. -->","yoast_head_json":{"title":"Rezervasyon &amp; \u0130ptal Politikas\u0131 - Hotel Multatuli","robots":{"index":"index","follow":"follow","max-snippet":"max-snippet:-1","max-image-preview":"max-image-preview:large","max-video-preview":"max-video-preview:-1"},"canonical":"https:\/\/www.hotelmultatuli.nl\/tr\/rezervasyon-iptal-politikasi\/","og_locale":"tr_TR","og_type":"article","og_title":"Rezervasyon &amp; \u0130ptal Politikas\u0131 - Hotel Multatuli","og_description":"Rezervasyon &amp; \u0130ptal Politikas\u0131 Rezervasyonlar Bir veya daha fazla konuk odas\u0131 rezerve etmek i\u00e7in kredi kart\u0131 bilgilerinizi vermeniz gerekmektedir. Bu bilgiler, otelimizin kredi kart\u0131 \u015firketinizden onay talep etmesini sa\u011flar. Bu, kredi limitlerinin potansiyel harcamalara izin verdi\u011fini belgelemek i\u00e7in standart bir prosed\u00fcrd\u00fcr. Baz\u0131 kredi kart\u0131 \u015firketleri kart sahiplerini yetkilendirme talepleri hakk\u0131nda bilgilendirir. Bu durumda, banka ekstrenizde&hellip; Read more","og_url":"https:\/\/www.hotelmultatuli.nl\/tr\/rezervasyon-iptal-politikasi\/","og_site_name":"Hotel Multatuli","article_modified_time":"2026-01-01T22:16:07+00:00","twitter_card":"summary_large_image","twitter_misc":{"Tahmini okuma s\u00fcresi":"2 dakika"},"schema":{"@context":"https:\/\/schema.org","@graph":[{"@type":"WebPage","@id":"https:\/\/www.hotelmultatuli.nl\/tr\/rezervasyon-iptal-politikasi\/","url":"https:\/\/www.hotelmultatuli.nl\/tr\/rezervasyon-iptal-politikasi\/","name":"Rezervasyon &amp; \u0130ptal Politikas\u0131 - Hotel Multatuli","isPartOf":{"@id":"https:\/\/www.hotelmultatuli.nl\/tr\/#website"},"datePublished":"2023-02-05T18:55:47+00:00","dateModified":"2026-01-01T22:16:07+00:00","breadcrumb":{"@id":"https:\/\/www.hotelmultatuli.nl\/tr\/rezervasyon-iptal-politikasi\/#breadcrumb"},"inLanguage":"tr","potentialAction":[{"@type":"ReadAction","target":["https:\/\/www.hotelmultatuli.nl\/tr\/rezervasyon-iptal-politikasi\/"]}]},{"@type":"BreadcrumbList","@id":"https:\/\/www.hotelmultatuli.nl\/tr\/rezervasyon-iptal-politikasi\/#breadcrumb","itemListElement":[{"@type":"ListItem","position":1,"name":"Home","item":"https:\/\/www.hotelmultatuli.nl\/tr\/"},{"@type":"ListItem","position":2,"name":"Rezervasyon &amp; \u0130ptal Politikas\u0131"}]},{"@type":"WebSite","@id":"https:\/\/www.hotelmultatuli.nl\/tr\/#website","url":"https:\/\/www.hotelmultatuli.nl\/tr\/","name":"Hotel Multatuli","description":"Amsterdam","publisher":{"@id":"https:\/\/www.hotelmultatuli.nl\/tr\/#organization"},"potentialAction":[{"@type":"SearchAction","target":{"@type":"EntryPoint","urlTemplate":"https:\/\/www.hotelmultatuli.nl\/tr\/?s={search_term_string}"},"query-input":{"@type":"PropertyValueSpecification","valueRequired":true,"valueName":"search_term_string"}}],"inLanguage":"tr"},{"@type":"Organization","@id":"https:\/\/www.hotelmultatuli.nl\/tr\/#organization","name":"Hotel Multatuli","url":"https:\/\/www.hotelmultatuli.nl\/tr\/","logo":{"@type":"ImageObject","inLanguage":"tr","@id":"https:\/\/www.hotelmultatuli.nl\/tr\/#\/schema\/logo\/image\/","url":"https:\/\/www.hotelmultatuli.nl\/wp-content\/uploads\/2022\/09\/logo-multatuli-hotel.png","contentUrl":"https:\/\/www.hotelmultatuli.nl\/wp-content\/uploads\/2022\/09\/logo-multatuli-hotel.png","width":300,"height":69,"caption":"Hotel Multatuli"},"image":{"@id":"https:\/\/www.hotelmultatuli.nl\/tr\/#\/schema\/logo\/image\/"}}]}},"_links":{"self":[{"href":"https:\/\/www.hotelmultatuli.nl\/tr\/wp-json\/wp\/v2\/pages\/966","targetHints":{"allow":["GET"]}}],"collection":[{"href":"https:\/\/www.hotelmultatuli.nl\/tr\/wp-json\/wp\/v2\/pages"}],"about":[{"href":"https:\/\/www.hotelmultatuli.nl\/tr\/wp-json\/wp\/v2\/types\/page"}],"author":[{"embeddable":true,"href":"https:\/\/www.hotelmultatuli.nl\/tr\/wp-json\/wp\/v2\/users\/1"}],"replies":[{"embeddable":true,"href":"https:\/\/www.hotelmultatuli.nl\/tr\/wp-json\/wp\/v2\/comments?post=966"}],"version-history":[{"count":2,"href":"https:\/\/www.hotelmultatuli.nl\/tr\/wp-json\/wp\/v2\/pages\/966\/revisions"}],"predecessor-version":[{"id":2245,"href":"https:\/\/www.hotelmultatuli.nl\/tr\/wp-json\/wp\/v2\/pages\/966\/revisions\/2245"}],"wp:attachment":[{"href":"https:\/\/www.hotelmultatuli.nl\/tr\/wp-json\/wp\/v2\/media?parent=966"}],"curies":[{"name":"wp","href":"https:\/\/api.w.org\/{rel}","templated":true}]}}