{"id":952,"date":"2023-02-05T18:51:26","date_gmt":"2023-02-05T18:51:26","guid":{"rendered":"https:\/\/www.hotelmultatuli.nl\/gizlilik-politikasi\/"},"modified":"2023-05-04T15:29:04","modified_gmt":"2023-05-04T15:29:04","slug":"gizlilik-politikasi","status":"publish","type":"page","link":"https:\/\/www.hotelmultatuli.nl\/tr\/gizlilik-politikasi\/","title":{"rendered":"Gizlilik Politikas\u0131"},"content":{"rendered":"\n<p>Gizlilik Politikas\u0131<br\/>Son G\u00fcncelleme Tarihi 06-Feb-2023<br\/>Y\u00fcr\u00fcrl\u00fck Tarihi 06-\u015eubat-2023<\/p>\n\n<p>Bu Gizlilik Politikas\u0131, Hotel Multatuli, Prins Hendrikkade 12, Noord Holland 1012 TL,, Hollanda (the), e-posta: reservations@multatulihotel.nl, telefon politikalar\u0131n\u0131 a\u00e7\u0131klar: +310206274282 web sitemizi ( https:\/\/www.hotelmultatuli.nl ) kulland\u0131\u011f\u0131n\u0131zda toplad\u0131\u011f\u0131m\u0131z bilgilerinizin toplanmas\u0131, kullan\u0131lmas\u0131 ve if\u015fa edilmesine ili\u015fkin politikalar\u0131n\u0131 a\u00e7\u0131klar. (&#8220;Hizmet&#8221;). Hizmete eri\u015ferek veya Hizmeti kullanarak, bilgilerinizin bu Gizlilik Politikas\u0131na uygun olarak toplanmas\u0131na, kullan\u0131lmas\u0131na ve if\u015fa edilmesine izin vermi\u015f olursunuz. Ayn\u0131 \u015feyi kabul etmiyorsan\u0131z, l\u00fctfen Hizmete eri\u015fmeyin veya Hizmeti kullanmay\u0131n.<br\/>Bu Gizlilik Politikas\u0131n\u0131 size \u00f6nceden bildirimde bulunmaks\u0131z\u0131n herhangi bir zamanda de\u011fi\u015ftirebiliriz ve revize edilmi\u015f Gizlilik Politikas\u0131n\u0131 Hizmette yay\u0131nlayaca\u011f\u0131z. Revize edilen Politika, revize edilen Politikan\u0131n Hizmette yay\u0131nlanmas\u0131ndan 180 g\u00fcn sonra y\u00fcr\u00fcrl\u00fc\u011fe girecek ve bu s\u00fcreden sonra Hizmete eri\u015fmeye veya kullanmaya devam etmeniz, revize edilen Gizlilik Politikas\u0131n\u0131 kabul etti\u011finiz anlam\u0131na gelecektir. Bu nedenle bu sayfay\u0131 periyodik olarak g\u00f6zden ge\u00e7irmenizi \u00f6neririz.<\/p>\n\n<p><strong>\n  <em>Toplad\u0131\u011f\u0131m\u0131z Bilgiler:<br\/><\/em>\n<\/strong>Sizinle ilgili a\u015fa\u011f\u0131daki ki\u015fisel bilgileri toplayacak ve i\u015fleyece\u011fiz:<\/p>\n\n<p>\u0130sim<br\/>E-posta<br\/>Mobil<\/p>\n\n<p><em><strong>Bilgilerinizi Nas\u0131l Kullan\u0131yoruz:<\/strong><\/em><br\/>Sizin hakk\u0131n\u0131zda toplad\u0131\u011f\u0131m\u0131z bilgileri a\u015fa\u011f\u0131daki ama\u00e7lar i\u00e7in kullanaca\u011f\u0131z:<\/p>\n\n<p>Pazarlama \/ Promosyon<br\/>Saha korumas\u0131<br\/>Bilgilerinizi ba\u015fka herhangi bir ama\u00e7la kullanmak istersek, sizden onay isteyece\u011fiz ve bilgilerinizi yaln\u0131zca onay\u0131n\u0131z\u0131 ald\u0131ktan sonra ve daha sonra, yasalarca aksini yapmam\u0131z gerekmedik\u00e7e, yaln\u0131zca onay verilen ama\u00e7 (lar) i\u00e7in kullanaca\u011f\u0131z.<\/p>\n\n<p><strong><em>Bilgilerinizi Nas\u0131l Payla\u015f\u0131yoruz:<\/em><\/strong><br\/>Ki\u015fisel bilgilerinizi, a\u015fa\u011f\u0131da a\u00e7\u0131klanan s\u0131n\u0131rl\u0131 durumlar d\u0131\u015f\u0131nda, izninizi almadan herhangi bir \u00fc\u00e7\u00fcnc\u00fc tarafa aktarmayaca\u011f\u0131z:<\/p>\n\n<p>Reklam hizmeti<br\/>Analitik<br\/><br\/>Bu t\u00fcr \u00fc\u00e7\u00fcnc\u00fc taraflar\u0131n, kendilerine aktard\u0131\u011f\u0131m\u0131z ki\u015fisel bilgileri yaln\u0131zca aktar\u0131ld\u0131\u011f\u0131 ama\u00e7 i\u00e7in kullanmalar\u0131n\u0131 ve s\u00f6z konusu amac\u0131 yerine getirmek i\u00e7in gerekenden daha uzun s\u00fcre saklamamalar\u0131n\u0131 \u015fart ko\u015fuyoruz.<br\/>Ki\u015fisel bilgilerinizi a\u015fa\u011f\u0131dakiler i\u00e7in de if\u015fa edebiliriz: (1) y\u00fcr\u00fcrl\u00fckteki yasa, y\u00f6netmelik, mahkeme emri veya di\u011fer yasal s\u00fcre\u00e7lere uymak; (2) bu Gizlilik Politikas\u0131 dahil olmak \u00fczere bizimle olan s\u00f6zle\u015fmelerinizi uygulamak; veya (3) Hizmeti kullan\u0131m\u0131n\u0131z\u0131n herhangi bir \u00fc\u00e7\u00fcnc\u00fc taraf hakk\u0131n\u0131 ihlal etti\u011fi iddialar\u0131na yan\u0131t vermek. Hizmet veya \u015firketimiz ba\u015fka bir \u015firketle birle\u015fir veya sat\u0131n al\u0131n\u0131rsa, bilgileriniz yeni sahibine aktar\u0131lan varl\u0131klardan biri olacakt\u0131r.<\/p>\n\n<p><strong><em>Bilgilerinizin Saklanmas\u0131:<\/em><\/strong><br\/>Ki\u015fisel bilgilerinizi, kullan\u0131c\u0131lar hesaplar\u0131n\u0131 sonland\u0131rd\u0131ktan sonra 90 g\u00fcn ila 2 y\u0131l boyunca veya bu Gizlilik Politikas\u0131nda ayr\u0131nt\u0131l\u0131 olarak a\u00e7\u0131kland\u0131\u011f\u0131 \u015fekilde topland\u0131\u011f\u0131 ama\u00e7lar\u0131 yerine getirmek i\u00e7in ihtiya\u00e7 duydu\u011fumuz s\u00fcrece saklayaca\u011f\u0131z. Y\u00fcr\u00fcrl\u00fckteki yasalara uygun olarak kay\u0131t tutma \/ raporlama veya yasal haklar\u0131n uygulanmas\u0131, doland\u0131r\u0131c\u0131l\u0131\u011f\u0131n \u00f6nlenmesi vb. gibi di\u011fer me\u015fru nedenlerle belirli bilgileri daha uzun s\u00fcre saklamam\u0131z gerekebilir. Hi\u00e7biri sizi (do\u011frudan veya dolayl\u0131 olarak) tan\u0131mlamayan art\u0131k anonim bilgiler ve toplu bilgiler s\u00fcresiz olarak saklanabilir.<\/p>\n\n<p><strong><em>Haklar\u0131n\u0131z:<\/em><\/strong><br\/>Ge\u00e7erli yasalara ba\u011fl\u0131 olarak, ki\u015fisel verilerinize eri\u015fme ve bunlar\u0131 d\u00fczeltme veya silme veya ki\u015fisel verilerinizin bir kopyas\u0131n\u0131 alma, verilerinizin aktif olarak i\u015flenmesini k\u0131s\u0131tlama veya buna itiraz etme, ki\u015fisel bilgilerinizi ba\u015fka bir kurulu\u015fla payla\u015fmam\u0131z\u0131 (ta\u015f\u0131ma) isteme, verilerinizi i\u015flememiz i\u00e7in bize verdi\u011finiz herhangi bir izni geri \u00e7ekme, yasal bir makama \u015fikayette bulunma hakk\u0131na ve ge\u00e7erli yasalar kapsam\u0131nda ilgili olabilecek di\u011fer haklara sahip olabilirsiniz. Bu haklar\u0131n\u0131z\u0131 kullanmak i\u00e7in bize reservations@multatulihotel.nl adresinden yazabilirsiniz. Talebinize y\u00fcr\u00fcrl\u00fckteki yasalara uygun olarak yan\u0131t verece\u011fiz.<br\/>Gerekli ki\u015fisel bilgileri toplamam\u0131za veya i\u015flememize izin vermezseniz veya gerekli ama\u00e7lar i\u00e7in ayn\u0131 bilgileri i\u015fleme iznini geri \u00e7ekerseniz, bilgilerinizin istendi\u011fi hizmetlere eri\u015femeyebilece\u011finizi veya bunlar\u0131 kullanamayabilece\u011finizi unutmay\u0131n.<\/p>\n\n<p><strong><em>\u00c7erezler vb:<\/em><\/strong><br\/>Bunlar\u0131 nas\u0131l kulland\u0131\u011f\u0131m\u0131z ve bu izleme teknolojileriyle ilgili se\u00e7imleriniz hakk\u0131nda daha fazla bilgi edinmek i\u00e7in l\u00fctfen \u00c7erez Politikam\u0131za bak\u0131n.<\/p>\n\n<p><strong><em>G\u00fcvenlik:<\/em><\/strong><br\/>Bilgilerinizin g\u00fcvenli\u011fi bizim i\u00e7in \u00f6nemlidir ve kontrol\u00fcm\u00fcz alt\u0131ndaki bilgilerinizin kaybolmas\u0131n\u0131, k\u00f6t\u00fcye kullan\u0131lmas\u0131n\u0131 veya yetkisiz olarak de\u011fi\u015ftirilmesini \u00f6nlemek i\u00e7in makul g\u00fcvenlik \u00f6nlemlerini kullanaca\u011f\u0131z. Ancak, i\u00e7sel riskler g\u00f6z \u00f6n\u00fcne al\u0131nd\u0131\u011f\u0131nda, mutlak g\u00fcvenli\u011fi garanti edemeyiz ve sonu\u00e7 olarak, bize iletti\u011finiz herhangi bir bilginin g\u00fcvenli\u011fini sa\u011flayamay\u0131z veya garanti edemeyiz ve bunu kendi sorumlulu\u011funuzda yapars\u0131n\u0131z.<\/p>\n\n<p><strong><em>\u00dc\u00e7\u00fcnc\u00fc Taraf Ba\u011flant\u0131lar\u0131 ve Bilgilerinizin Kullan\u0131m\u0131:<\/em><\/strong><br\/>Hizmetimiz, taraf\u0131m\u0131zca i\u015fletilmeyen di\u011fer web sitelerine ba\u011flant\u0131lar i\u00e7erebilir. Bu Gizlilik Politikas\u0131, Hizmet \u00fczerindeki bir ba\u011flant\u0131 arac\u0131l\u0131\u011f\u0131yla eri\u015filebilen herhangi bir web sitesini veya hizmeti i\u015fleten herhangi bir \u00fc\u00e7\u00fcnc\u00fc taraf da dahil olmak \u00fczere, herhangi bir \u00fc\u00e7\u00fcnc\u00fc taraf\u0131n gizlilik politikas\u0131n\u0131 ve di\u011fer uygulamalar\u0131n\u0131 ele almaz. Ziyaret etti\u011finiz her sitenin gizlilik politikas\u0131n\u0131 incelemenizi \u00f6nemle tavsiye ederiz. \u00dc\u00e7\u00fcnc\u00fc taraf sitelerinin veya hizmetlerinin i\u00e7eri\u011fi, gizlilik politikalar\u0131 veya uygulamalar\u0131 \u00fczerinde hi\u00e7bir kontrol\u00fcm\u00fcz yoktur ve bunlar i\u00e7in hi\u00e7bir sorumluluk kabul etmiyoruz.<\/p>\n\n<p><strong><em>\u015eikayet \/ Veri Koruma G\u00f6revlisi:<\/em><\/strong><br\/>Bizde bulunan bilgilerinizin i\u015flenmesiyle ilgili herhangi bir sorunuz veya endi\u015feniz varsa, Hotel Multatuli, Prins Hendrikkade 12 adresindeki \u015eikayet Sorumlumuza e-posta g\u00f6nderebilirsiniz, e-posta: reservations@multatulihotel.nl. Endi\u015felerinizi y\u00fcr\u00fcrl\u00fckteki yasalara uygun olarak ele alaca\u011f\u0131z.<\/p>\n","protected":false},"excerpt":{"rendered":"<p>Gizlilik Politikas\u0131Son G\u00fcncelleme Tarihi 06-Feb-2023Y\u00fcr\u00fcrl\u00fck Tarihi 06-\u015eubat-2023 Bu Gizlilik Politikas\u0131, Hotel Multatuli, Prins Hendrikkade 12, Noord Holland 1012 TL,, Hollanda (the), e-posta: reservations@multatulihotel.nl, telefon politikalar\u0131n\u0131 a\u00e7\u0131klar: +310206274282 web sitemizi ( https:\/\/www.hotelmultatuli.nl ) kulland\u0131\u011f\u0131n\u0131zda toplad\u0131\u011f\u0131m\u0131z bilgilerinizin toplanmas\u0131, kullan\u0131lmas\u0131 ve if\u015fa edilmesine ili\u015fkin politikalar\u0131n\u0131 a\u00e7\u0131klar. (&#8220;Hizmet&#8221;). Hizmete eri\u015ferek veya Hizmeti kullanarak, bilgilerinizin bu Gizlilik Politikas\u0131na uygun olarak&hellip; <br \/> <a class=\"read-more\" href=\"https:\/\/www.hotelmultatuli.nl\/tr\/gizlilik-politikasi\/\">Read more<\/a><\/p>\n","protected":false},"author":1,"featured_media":0,"parent":0,"menu_order":0,"comment_status":"closed","ping_status":"closed","template":"","meta":{"footnotes":""},"class_list":["post-952","page","type-page","status-publish","hentry"],"yoast_head":"<!-- This site is optimized with the Yoast SEO plugin v27.5 - https:\/\/yoast.com\/product\/yoast-seo-wordpress\/ -->\n<title>Gizlilik Politikas\u0131 - Hotel Multatuli<\/title>\n<meta name=\"robots\" content=\"index, follow, max-snippet:-1, max-image-preview:large, max-video-preview:-1\" \/>\n<link rel=\"canonical\" href=\"https:\/\/www.hotelmultatuli.nl\/tr\/gizlilik-politikasi\/\" \/>\n<meta property=\"og:locale\" content=\"tr_TR\" \/>\n<meta property=\"og:type\" content=\"article\" \/>\n<meta property=\"og:title\" content=\"Gizlilik Politikas\u0131 - Hotel Multatuli\" \/>\n<meta property=\"og:description\" content=\"Gizlilik Politikas\u0131Son G\u00fcncelleme Tarihi 06-Feb-2023Y\u00fcr\u00fcrl\u00fck Tarihi 06-\u015eubat-2023 Bu Gizlilik Politikas\u0131, Hotel Multatuli, Prins Hendrikkade 12, Noord Holland 1012 TL,, Hollanda (the), e-posta: reservations@multatulihotel.nl, telefon politikalar\u0131n\u0131 a\u00e7\u0131klar: +310206274282 web sitemizi ( https:\/\/www.hotelmultatuli.nl ) kulland\u0131\u011f\u0131n\u0131zda toplad\u0131\u011f\u0131m\u0131z bilgilerinizin toplanmas\u0131, kullan\u0131lmas\u0131 ve if\u015fa edilmesine ili\u015fkin politikalar\u0131n\u0131 a\u00e7\u0131klar. (&#8220;Hizmet&#8221;). Hizmete eri\u015ferek veya Hizmeti kullanarak, bilgilerinizin bu Gizlilik Politikas\u0131na uygun olarak&hellip; Read more\" \/>\n<meta property=\"og:url\" content=\"https:\/\/www.hotelmultatuli.nl\/tr\/gizlilik-politikasi\/\" \/>\n<meta property=\"og:site_name\" content=\"Hotel Multatuli\" \/>\n<meta property=\"article:modified_time\" content=\"2023-05-04T15:29:04+00:00\" \/>\n<meta name=\"twitter:card\" content=\"summary_large_image\" \/>\n<meta name=\"twitter:label1\" content=\"Tahmini okuma s\u00fcresi\" \/>\n\t<meta name=\"twitter:data1\" content=\"5 dakika\" \/>\n<script type=\"application\/ld+json\" class=\"yoast-schema-graph\">{\"@context\":\"https:\\\/\\\/schema.org\",\"@graph\":[{\"@type\":\"WebPage\",\"@id\":\"https:\\\/\\\/www.hotelmultatuli.nl\\\/tr\\\/gizlilik-politikasi\\\/\",\"url\":\"https:\\\/\\\/www.hotelmultatuli.nl\\\/tr\\\/gizlilik-politikasi\\\/\",\"name\":\"Gizlilik Politikas\u0131 - Hotel Multatuli\",\"isPartOf\":{\"@id\":\"https:\\\/\\\/www.hotelmultatuli.nl\\\/tr\\\/#website\"},\"datePublished\":\"2023-02-05T18:51:26+00:00\",\"dateModified\":\"2023-05-04T15:29:04+00:00\",\"breadcrumb\":{\"@id\":\"https:\\\/\\\/www.hotelmultatuli.nl\\\/tr\\\/gizlilik-politikasi\\\/#breadcrumb\"},\"inLanguage\":\"tr\",\"potentialAction\":[{\"@type\":\"ReadAction\",\"target\":[\"https:\\\/\\\/www.hotelmultatuli.nl\\\/tr\\\/gizlilik-politikasi\\\/\"]}]},{\"@type\":\"BreadcrumbList\",\"@id\":\"https:\\\/\\\/www.hotelmultatuli.nl\\\/tr\\\/gizlilik-politikasi\\\/#breadcrumb\",\"itemListElement\":[{\"@type\":\"ListItem\",\"position\":1,\"name\":\"Home\",\"item\":\"https:\\\/\\\/www.hotelmultatuli.nl\\\/tr\\\/\"},{\"@type\":\"ListItem\",\"position\":2,\"name\":\"Gizlilik Politikas\u0131\"}]},{\"@type\":\"WebSite\",\"@id\":\"https:\\\/\\\/www.hotelmultatuli.nl\\\/tr\\\/#website\",\"url\":\"https:\\\/\\\/www.hotelmultatuli.nl\\\/tr\\\/\",\"name\":\"Hotel Multatuli\",\"description\":\"Amsterdam\",\"publisher\":{\"@id\":\"https:\\\/\\\/www.hotelmultatuli.nl\\\/tr\\\/#organization\"},\"potentialAction\":[{\"@type\":\"SearchAction\",\"target\":{\"@type\":\"EntryPoint\",\"urlTemplate\":\"https:\\\/\\\/www.hotelmultatuli.nl\\\/tr\\\/?s={search_term_string}\"},\"query-input\":{\"@type\":\"PropertyValueSpecification\",\"valueRequired\":true,\"valueName\":\"search_term_string\"}}],\"inLanguage\":\"tr\"},{\"@type\":\"Organization\",\"@id\":\"https:\\\/\\\/www.hotelmultatuli.nl\\\/tr\\\/#organization\",\"name\":\"Hotel Multatuli\",\"url\":\"https:\\\/\\\/www.hotelmultatuli.nl\\\/tr\\\/\",\"logo\":{\"@type\":\"ImageObject\",\"inLanguage\":\"tr\",\"@id\":\"https:\\\/\\\/www.hotelmultatuli.nl\\\/tr\\\/#\\\/schema\\\/logo\\\/image\\\/\",\"url\":\"https:\\\/\\\/www.hotelmultatuli.nl\\\/wp-content\\\/uploads\\\/2022\\\/09\\\/logo-multatuli-hotel.png\",\"contentUrl\":\"https:\\\/\\\/www.hotelmultatuli.nl\\\/wp-content\\\/uploads\\\/2022\\\/09\\\/logo-multatuli-hotel.png\",\"width\":300,\"height\":69,\"caption\":\"Hotel Multatuli\"},\"image\":{\"@id\":\"https:\\\/\\\/www.hotelmultatuli.nl\\\/tr\\\/#\\\/schema\\\/logo\\\/image\\\/\"}}]}<\/script>\n<!-- \/ Yoast SEO plugin. -->","yoast_head_json":{"title":"Gizlilik Politikas\u0131 - Hotel Multatuli","robots":{"index":"index","follow":"follow","max-snippet":"max-snippet:-1","max-image-preview":"max-image-preview:large","max-video-preview":"max-video-preview:-1"},"canonical":"https:\/\/www.hotelmultatuli.nl\/tr\/gizlilik-politikasi\/","og_locale":"tr_TR","og_type":"article","og_title":"Gizlilik Politikas\u0131 - Hotel Multatuli","og_description":"Gizlilik Politikas\u0131Son G\u00fcncelleme Tarihi 06-Feb-2023Y\u00fcr\u00fcrl\u00fck Tarihi 06-\u015eubat-2023 Bu Gizlilik Politikas\u0131, Hotel Multatuli, Prins Hendrikkade 12, Noord Holland 1012 TL,, Hollanda (the), e-posta: reservations@multatulihotel.nl, telefon politikalar\u0131n\u0131 a\u00e7\u0131klar: +310206274282 web sitemizi ( https:\/\/www.hotelmultatuli.nl ) kulland\u0131\u011f\u0131n\u0131zda toplad\u0131\u011f\u0131m\u0131z bilgilerinizin toplanmas\u0131, kullan\u0131lmas\u0131 ve if\u015fa edilmesine ili\u015fkin politikalar\u0131n\u0131 a\u00e7\u0131klar. (&#8220;Hizmet&#8221;). Hizmete eri\u015ferek veya Hizmeti kullanarak, bilgilerinizin bu Gizlilik Politikas\u0131na uygun olarak&hellip; Read more","og_url":"https:\/\/www.hotelmultatuli.nl\/tr\/gizlilik-politikasi\/","og_site_name":"Hotel Multatuli","article_modified_time":"2023-05-04T15:29:04+00:00","twitter_card":"summary_large_image","twitter_misc":{"Tahmini okuma s\u00fcresi":"5 dakika"},"schema":{"@context":"https:\/\/schema.org","@graph":[{"@type":"WebPage","@id":"https:\/\/www.hotelmultatuli.nl\/tr\/gizlilik-politikasi\/","url":"https:\/\/www.hotelmultatuli.nl\/tr\/gizlilik-politikasi\/","name":"Gizlilik Politikas\u0131 - Hotel Multatuli","isPartOf":{"@id":"https:\/\/www.hotelmultatuli.nl\/tr\/#website"},"datePublished":"2023-02-05T18:51:26+00:00","dateModified":"2023-05-04T15:29:04+00:00","breadcrumb":{"@id":"https:\/\/www.hotelmultatuli.nl\/tr\/gizlilik-politikasi\/#breadcrumb"},"inLanguage":"tr","potentialAction":[{"@type":"ReadAction","target":["https:\/\/www.hotelmultatuli.nl\/tr\/gizlilik-politikasi\/"]}]},{"@type":"BreadcrumbList","@id":"https:\/\/www.hotelmultatuli.nl\/tr\/gizlilik-politikasi\/#breadcrumb","itemListElement":[{"@type":"ListItem","position":1,"name":"Home","item":"https:\/\/www.hotelmultatuli.nl\/tr\/"},{"@type":"ListItem","position":2,"name":"Gizlilik Politikas\u0131"}]},{"@type":"WebSite","@id":"https:\/\/www.hotelmultatuli.nl\/tr\/#website","url":"https:\/\/www.hotelmultatuli.nl\/tr\/","name":"Hotel Multatuli","description":"Amsterdam","publisher":{"@id":"https:\/\/www.hotelmultatuli.nl\/tr\/#organization"},"potentialAction":[{"@type":"SearchAction","target":{"@type":"EntryPoint","urlTemplate":"https:\/\/www.hotelmultatuli.nl\/tr\/?s={search_term_string}"},"query-input":{"@type":"PropertyValueSpecification","valueRequired":true,"valueName":"search_term_string"}}],"inLanguage":"tr"},{"@type":"Organization","@id":"https:\/\/www.hotelmultatuli.nl\/tr\/#organization","name":"Hotel Multatuli","url":"https:\/\/www.hotelmultatuli.nl\/tr\/","logo":{"@type":"ImageObject","inLanguage":"tr","@id":"https:\/\/www.hotelmultatuli.nl\/tr\/#\/schema\/logo\/image\/","url":"https:\/\/www.hotelmultatuli.nl\/wp-content\/uploads\/2022\/09\/logo-multatuli-hotel.png","contentUrl":"https:\/\/www.hotelmultatuli.nl\/wp-content\/uploads\/2022\/09\/logo-multatuli-hotel.png","width":300,"height":69,"caption":"Hotel Multatuli"},"image":{"@id":"https:\/\/www.hotelmultatuli.nl\/tr\/#\/schema\/logo\/image\/"}}]}},"_links":{"self":[{"href":"https:\/\/www.hotelmultatuli.nl\/tr\/wp-json\/wp\/v2\/pages\/952","targetHints":{"allow":["GET"]}}],"collection":[{"href":"https:\/\/www.hotelmultatuli.nl\/tr\/wp-json\/wp\/v2\/pages"}],"about":[{"href":"https:\/\/www.hotelmultatuli.nl\/tr\/wp-json\/wp\/v2\/types\/page"}],"author":[{"embeddable":true,"href":"https:\/\/www.hotelmultatuli.nl\/tr\/wp-json\/wp\/v2\/users\/1"}],"replies":[{"embeddable":true,"href":"https:\/\/www.hotelmultatuli.nl\/tr\/wp-json\/wp\/v2\/comments?post=952"}],"version-history":[{"count":1,"href":"https:\/\/www.hotelmultatuli.nl\/tr\/wp-json\/wp\/v2\/pages\/952\/revisions"}],"predecessor-version":[{"id":955,"href":"https:\/\/www.hotelmultatuli.nl\/tr\/wp-json\/wp\/v2\/pages\/952\/revisions\/955"}],"wp:attachment":[{"href":"https:\/\/www.hotelmultatuli.nl\/tr\/wp-json\/wp\/v2\/media?parent=952"}],"curies":[{"name":"wp","href":"https:\/\/api.w.org\/{rel}","templated":true}]}}