{"id":924,"date":"2022-11-11T14:37:00","date_gmt":"2022-11-11T14:37:00","guid":{"rendered":"https:\/\/www.hotelmultatuli.nl\/on-sayfa\/"},"modified":"2026-01-07T11:10:19","modified_gmt":"2026-01-07T11:10:19","slug":"on-sayfa","status":"publish","type":"page","link":"https:\/\/www.hotelmultatuli.nl\/tr\/","title":{"rendered":"\u00d6n Sayfa"},"content":{"rendered":"<div  data-label=\"About Us\" data-id=\"about--2\" data-export-id=\"about-text-image\" data-category=\"about\" class=\"about-text-image content-section content-section-spacing\" id=\"about-us\" style=\"background-color: rgb(255, 255, 255); background-image: none;\"><div  class=\"gridContainer\"> <div  class=\"row\"><div  class=\"col-sm-6 col-padding-small-xs col-sm-padding-large bg-color5 white-text content-col\" data-type=\"column\">  <h2  class=\"\">Hakk\u0131m\u0131zda<\/h2> <p  class=\"\">Hotel Multatuli, Amsterdam\u2019\u0131n \u201cGrachtengordel\u201d kanal b\u00f6lgesinin ba\u015f\u0131nda yer almaktad\u0131r. 17. y\u00fczy\u0131ldan kalma kanallar 2010 y\u0131l\u0131nda Unesco D\u00fcnya Miras\u0131 Listesi\u2019ne eklenmi\u015ftir. Otel, 1744 y\u0131l\u0131ndan kalma listelenmi\u015f bir ulusal an\u0131t\u0131n i\u00e7inde yer almaktad\u0131r. Otelin kar\u015f\u0131s\u0131ndan gidi\u015f-d\u00f6n\u00fc\u015f tekne turlar\u0131na kat\u0131labilirsiniz. Baraj ve Anne Frank Evi sadece 10 dakikal\u0131k y\u00fcr\u00fcme mesafesindedir.<\/p><\/div> <div  class=\"col-sm-6 flexbox-strech center-xs middle-xs no-gutter-col\"><div  class=\"shadow-large overlap-left-large flexbox middle-xs center-xs right-img\" data-bg=\"image\" style=\"background-image: url(&quot;https:\/\/www.hotelmultatuli.nl\/wp-content\/uploads\/2023\/07\/cropped-MULTATULI_AANZICHT_OVERDAG-2-scaled-1.jpg&quot;);\" https:=\"\" www.hotelmultatuli.nl=\"\" wp-content=\"\" uploads=\"\" 2023=\"\" 07=\"\" cropped-multatuli_aanzicht_overdag-2-scaled-1.jpg\");\"=\"\"><\/div><\/div> <\/div><\/div> <\/div><div  data-label=\"Multatuli\" data-id=\"about--1\" data-export-id=\"about-image-text\" data-category=\"about\" class=\"about-image-text content-section content-section-spacing\" id=\"multatuli\" style=\"background-color: rgb(255, 255, 255); background-image: none;\"><div  class=\"gridContainer\"> <div  class=\"row\"><div  class=\"col-sm-6 flexbox-strech center-xs middle-xs no-gutter-col\"> <div  class=\"shadow-large overlap-right-large flexbox middle-xs center-xs left-img\" data-bg=\"image\" style=\"background-image: url(&quot;https:\/\/www.hotelmultatuli.nl\/wp-content\/uploads\/2022\/11\/cropped-Multatuli001.gif&quot;);\" https:=\"\" www.hotelmultatuli.nl=\"\" wp-content=\"\" uploads=\"\" 2022=\"\" 11=\"\" cropped-multatuli001.gif\");\"=\"\"><\/div><\/div> <div  class=\"col-sm-6 space-bottom-xs col-padding-small-xs col-sm-padding-large bg-color5 white-text content-col\" data-type=\"column\"> <h2  class=\"\">Multatuli<br > <span  href=\"#\" style=\"font-family: Playfair Display,sans-serif; font-weight: 700; font-style: italic;\">\u201cAy\u2019dan bak\u0131ld\u0131\u011f\u0131nda hepimiz ayn\u0131 b\u00fcy\u00fckl\u00fckteyiz.\u201d<\/span><\/h2> <p  class=\"\">Hotel Multatuli ad\u0131n\u0131 ve logosunu Hollanda edebiyat\u0131n\u0131n en ba\u015far\u0131l\u0131 ve b\u00fcy\u00fcleyici kitaplar\u0131ndan biri olan \u2018Max Havelaar\u2019\u0131n yazar\u0131 Multatuli\u2019den (1820-1887) almaktad\u0131r.<\/p><\/div> <\/div><\/div> <\/div><div  data-label=\"Amenities and Services\" data-id=\"content--2\" data-export-id=\"content-6\" data-category=\"content\" class=\"content-6 content-section content-section-spacing\" id=\"amenities-and-services\" style=\"background-color: rgb(255, 255, 255); background-image: none;\"><div  class=\"gridContainer\"> <div  class=\"row text-center\"><div  class=\"section-title-col\" data-type=\"column\"> <h2  class=\"\"><span  style=\"color: rgb(0, 0, 0);\">Olanaklar &amp; Hizmetler<\/span><\/h2> <p  class=\"lead\">Her sabah kahvalt\u0131 servis edilmektedir, ak\u015famlar\u0131 ise bar\u0131m\u0131zda arkan\u0131za yaslan\u0131p dinlenebilirsiniz<\/p><\/div> <\/div> <div  class=\"row middle-sm\"> <div  class=\"col-sm-6\"> <div  class=\"row\"> <div  class=\"col-xs-12 space-bottom\" data-type=\"column\">  <\/div> <div  data-type=\"row\" class=\"col-xs-12 start-sm content-left-sm\"><div  class=\"row space-bottom force-align\"> <div  class=\"col-xs-12 col-sm-fit text-center\"><i  class=\"fa icon fa-user big color1\"><\/i><\/div> <div  class=\"col-xs-12 col-sm\" data-type=\"column\"><h5  class=\"color1\">Hizmetler<\/h5> <p  class=\"\">7\/24 Resepsiyon, 7\/24 Oda Servisi, Zengin \u00c7e\u015fitli Kahvalt\u0131 B\u00fcfesi, \u00c7ama\u015f\u0131rhane, Sa\u011fl\u0131k Hizmetleri<\/p><\/div> <\/div> <div  class=\"row space-bottom force-align\"> <div  class=\"col-xs-12 col-sm-fit text-center\"> <i  class=\"fa icon fa-building big color1\"><\/i><\/div> <div  class=\"col-xs-12 col-sm\" data-type=\"column\"><h5  class=\"color1\">Olanaklar<\/h5> <p  class=\"\">Asans\u00f6r, Bagaj Odas\u0131, Bar, \u00dccretsiz Wifi<\/p><\/div> <\/div> <div  class=\"row space-bottom force-align\"> <div  class=\"col-xs-12 col-sm-fit text-center\"> <i  class=\"fa icon fa-star big color1\"><\/i><\/div> <div  class=\"col-xs-12 col-sm\" data-type=\"column\"><h5  class=\"color1\">Misafir Odas\u0131<\/h5> <p  class=\"\">Tek Ki\u015filik Yatak, Klima, WiFi, Du\u015f, Televizyon, Telefon, Tuvalet, Banyo Olanaklar\u0131, Minibar<\/p><\/div> <\/div><\/div> <\/div><\/div> <div  class=\"col-sm-6 flexbox around-xs top-xs space-bottom-xs\"><div  class=\"overlay-box flexbox middle-xs center-xs overlay-holder\"> <div  class=\"overlay-box-offset shadow-medium border-color2 hide-xs offset-background\"><\/div> <img  decoding=\"async\" class=\"flexbox shadow-large img1\" data-size=\"485x632\" src=\"https:\/\/www.hotelmultatuli.nl\/wp-content\/uploads\/2023\/07\/cropped-MULTATULI-13-scaled-1.jpg\" title=\"MULTATULI-13\" alt=\"\"><\/div> <\/div><\/div> <\/div><\/div><div  data-label=\"Book With Us\" data-id=\"cta--1\" data-export-id=\"cta-blue-section\" data-category=\"cta\" class=\"cta-blue-section content-section content-section-spacing-medium bg-color1 white-text\" id=\"book-with-us\" style=\"background-image: none; background-color: rgb(0, 0, 0); --darkreader-inline-bgimage: none; --darkreader-inline-bgcolor: #2c2f31;\" data-darkreader-inline-bgimage=\"\" data-darkreader-inline-bgcolor=\"\"><div  class=\"gridContainer\"> <div  class=\"row middle-xs\"><div  class=\"col-sm-8 space-bottom-xs\" data-type=\"column\">  <h3  class=\"\"><span  style=\"font-weight: 400; font-family: Muli, arial, helvetica, sans-serif;\">Konaklaman\u0131zda 10% indirim kazanmak i\u00e7in bizimle rezervasyon yap\u0131n<\/span><\/h3><\/div> <div  class=\"col-sm-4 end-sm\" data-type=\"column\"> <a  class=\"button color4 white-text\" href=\"https:\/\/ibe2.smarthotel.nl?id=41da65c8-6f1f-4bb1-977c-dd21cf1e89e0&amp;segment=Hotel&amp;promocode=MULTATULI\" target=\"_blank\" data-cp-link=\"1\" data-icon=\"fa-arrow-circle-right\" rel=\"noopener\"><span  class=\"button-icon fa fa-arrow-circle-right\"><\/span>\u015eimdi Rezervasyon Yap\u0131n<\/a><\/div> <\/div><\/div> <\/div><div  data-label=\"Top Footer\" data-id=\"clients--1\" data-export-id=\"clients-1\" data-category=\"clients\" class=\"clients-1 content-section content-section-spacing content-relative\" id=\"top-footer\" style=\"background-color: rgb(255, 255, 255); background-image: none; --darkreader-inline-bgcolor: #181a1b; --darkreader-inline-bgimage: none;\" data-darkreader-inline-bgcolor=\"\" data-darkreader-inline-bgimage=\"\"><div  class=\"gridContainer\"> <div  class=\"row middle-sm\"><div  data-type=\"column\" class=\"col-sm-6 space-bottom-xs\"><img  decoding=\"async\" class=\"custom-image\" src=\"https:\/\/www.hotelmultatuli.nl\/wp-content\/uploads\/2022\/11\/Keurmerk-3-Ster-Superior-Zwart-1-e1668187604616.png\" title=\"Keurmerk-3-Ster-Superior-Zwart\" alt=\"\">  <\/div> <div  class=\"col-sm-6\"><div  data-type=\"row\" class=\"row spaced-cols center-xs padding-lr\"> <div  class=\"col-xs-3 col-md-2\"> <img  decoding=\"async\" src=\"https:\/\/www.hotelmultatuli.nl\/wp-content\/uploads\/2023\/04\/cropped-8385-ideal_102481.png\" class=\"desaturate\" title=\"cropped-8385-ideal_102481.png\" alt=\"\"><\/div><div  class=\"col-xs-3 col-md-2\"> <img  decoding=\"async\" src=\"https:\/\/www.hotelmultatuli.nl\/wp-content\/uploads\/2023\/04\/Sofort-klarna-logo.svg_.png\" class=\"desaturate\" title=\"Sofort-klarna-logo.svg\" alt=\"\"><\/div><div  class=\"col-xs-3 col-md-2\"> <img  decoding=\"async\" src=\"https:\/\/www.hotelmultatuli.nl\/wp-content\/uploads\/2023\/04\/1280px-Bancontact_logo.svg_.png\" class=\"desaturate\" title=\"1280px-Bancontact_logo.svg\" alt=\"\"><\/div><div  class=\"col-xs-3 col-md-2\"> <img  decoding=\"async\" src=\"https:\/\/www.hotelmultatuli.nl\/wp-content\/uploads\/2022\/11\/Mastercard_new_logo-1200x865-1.jpg\" class=\"desaturate\" title=\"Mastercard_new_logo-1200x865\" alt=\"\"><\/div><div  class=\"col-xs-3 col-md-2\"> <img  decoding=\"async\" src=\"https:\/\/www.hotelmultatuli.nl\/wp-content\/uploads\/2023\/04\/Maestro_logo.png\" class=\"desaturate\" title=\"Maestro_logo\" alt=\"\"><\/div><div  class=\"col-xs-3 col-md-2\"> <img  decoding=\"async\" src=\"https:\/\/www.hotelmultatuli.nl\/wp-content\/uploads\/2022\/11\/visa-logo-800x450-1.webp\" class=\"desaturate\" title=\"visa-logo-800x450\" alt=\"\"><\/div>  <div  class=\"col-xs-3 col-md-2\"> <img  decoding=\"async\" src=\"https:\/\/www.hotelmultatuli.nl\/wp-content\/uploads\/2022\/11\/4-you-might-not-notice-amex-new-brand.webp\" class=\"desaturate\" title=\"4-yeni-marka-amex'i-fark-etmeyebilirsiniz\" alt=\"\"><\/div>  <div  class=\"col-xs-3 col-md-2\"> <img  decoding=\"async\" src=\"https:\/\/www.hotelmultatuli.nl\/wp-content\/uploads\/2023\/04\/Diners_Club_International-logo-EF50D35BE8-seeklogo.com_.png\" class=\"desaturate\" title=\"Diners_Club_International-logo-EF50D35BE8-seeklogo.com\" alt=\"\"><\/div><div  class=\"col-xs-3 col-md-2\"> <img  decoding=\"async\" src=\"https:\/\/www.hotelmultatuli.nl\/wp-content\/uploads\/2023\/04\/Discover_Card-logo-4BC5D7C02C-seeklogo.com_.png\" class=\"desaturate\" title=\"Discover_Card-logo-4BC5D7C02C-seeklogo.com\" alt=\"\"><\/div><div  class=\"col-xs-3 col-md-2\"> <img  decoding=\"async\" src=\"https:\/\/www.hotelmultatuli.nl\/wp-content\/uploads\/2022\/11\/2560px-JCB_logo.svg_.png\" class=\"desaturate\" title=\"2560px-JCB_logo.svg\" alt=\"\"><\/div><\/div><\/div> <\/div><\/div> <\/div>","protected":false},"excerpt":{"rendered":"<p>Hakk\u0131m\u0131zda Hotel Multatuli, Amsterdam\u2019\u0131n \u201cGrachtengordel\u201d kanal b\u00f6lgesinin ba\u015f\u0131nda yer almaktad\u0131r. 17. y\u00fczy\u0131ldan kalma kanallar 2010 y\u0131l\u0131nda Unesco D\u00fcnya Miras\u0131 Listesi\u2019ne eklenmi\u015ftir. Otel, 1744 y\u0131l\u0131ndan kalma listelenmi\u015f bir ulusal an\u0131t\u0131n i\u00e7inde yer almaktad\u0131r. Otelin kar\u015f\u0131s\u0131ndan gidi\u015f-d\u00f6n\u00fc\u015f tekne turlar\u0131na kat\u0131labilirsiniz. Baraj ve Anne Frank Evi sadece 10 dakikal\u0131k y\u00fcr\u00fcme mesafesindedir. Multatuli \u201cAy\u2019dan bak\u0131ld\u0131\u011f\u0131nda hepimiz ayn\u0131 b\u00fcy\u00fckl\u00fckteyiz.\u201d Hotel&hellip; <br \/> <a class=\"read-more\" href=\"https:\/\/www.hotelmultatuli.nl\/tr\/\">Read more<\/a><\/p>\n","protected":false},"author":1,"featured_media":0,"parent":0,"menu_order":0,"comment_status":"closed","ping_status":"closed","template":"page-templates\/homepage.php","meta":{"footnotes":""},"class_list":["post-924","page","type-page","status-publish","hentry"],"yoast_head":"<!-- This site is optimized with the Yoast SEO plugin v27.5 - https:\/\/yoast.com\/product\/yoast-seo-wordpress\/ -->\n<title>\u00d6n Sayfa - Hotel Multatuli<\/title>\n<meta name=\"robots\" content=\"index, follow, max-snippet:-1, max-image-preview:large, max-video-preview:-1\" \/>\n<link rel=\"canonical\" href=\"https:\/\/www.hotelmultatuli.nl\/tr\/\" \/>\n<meta property=\"og:locale\" content=\"tr_TR\" \/>\n<meta property=\"og:type\" content=\"article\" \/>\n<meta property=\"og:title\" content=\"\u00d6n Sayfa - Hotel Multatuli\" \/>\n<meta property=\"og:description\" content=\"Hakk\u0131m\u0131zda Hotel Multatuli, Amsterdam\u2019\u0131n \u201cGrachtengordel\u201d kanal b\u00f6lgesinin ba\u015f\u0131nda yer almaktad\u0131r. 17. y\u00fczy\u0131ldan kalma kanallar 2010 y\u0131l\u0131nda Unesco D\u00fcnya Miras\u0131 Listesi\u2019ne eklenmi\u015ftir. Otel, 1744 y\u0131l\u0131ndan kalma listelenmi\u015f bir ulusal an\u0131t\u0131n i\u00e7inde yer almaktad\u0131r. Otelin kar\u015f\u0131s\u0131ndan gidi\u015f-d\u00f6n\u00fc\u015f tekne turlar\u0131na kat\u0131labilirsiniz. Baraj ve Anne Frank Evi sadece 10 dakikal\u0131k y\u00fcr\u00fcme mesafesindedir. Multatuli \u201cAy\u2019dan bak\u0131ld\u0131\u011f\u0131nda hepimiz ayn\u0131 b\u00fcy\u00fckl\u00fckteyiz.\u201d Hotel&hellip; Read more\" \/>\n<meta property=\"og:url\" content=\"https:\/\/www.hotelmultatuli.nl\/tr\/\" \/>\n<meta property=\"og:site_name\" content=\"Hotel Multatuli\" \/>\n<meta property=\"article:modified_time\" content=\"2026-01-07T11:10:19+00:00\" \/>\n<meta property=\"og:image\" content=\"https:\/\/www.hotelmultatuli.nl\/wp-content\/uploads\/2023\/07\/cropped-MULTATULI-13-scaled-1.jpg\" \/>\n<meta name=\"twitter:card\" content=\"summary_large_image\" \/>\n<meta name=\"twitter:label1\" content=\"Tahmini okuma s\u00fcresi\" \/>\n\t<meta name=\"twitter:data1\" content=\"1 dakika\" \/>\n<script type=\"application\/ld+json\" class=\"yoast-schema-graph\">{\"@context\":\"https:\\\/\\\/schema.org\",\"@graph\":[{\"@type\":\"WebPage\",\"@id\":\"https:\\\/\\\/www.hotelmultatuli.nl\\\/tr\\\/\",\"url\":\"https:\\\/\\\/www.hotelmultatuli.nl\\\/tr\\\/\",\"name\":\"\u00d6n Sayfa - Hotel Multatuli\",\"isPartOf\":{\"@id\":\"https:\\\/\\\/www.hotelmultatuli.nl\\\/tr\\\/#website\"},\"primaryImageOfPage\":{\"@id\":\"https:\\\/\\\/www.hotelmultatuli.nl\\\/tr\\\/#primaryimage\"},\"image\":{\"@id\":\"https:\\\/\\\/www.hotelmultatuli.nl\\\/tr\\\/#primaryimage\"},\"thumbnailUrl\":\"https:\\\/\\\/www.hotelmultatuli.nl\\\/wp-content\\\/uploads\\\/2023\\\/07\\\/cropped-MULTATULI-13-scaled-1.jpg\",\"datePublished\":\"2022-11-11T14:37:00+00:00\",\"dateModified\":\"2026-01-07T11:10:19+00:00\",\"breadcrumb\":{\"@id\":\"https:\\\/\\\/www.hotelmultatuli.nl\\\/tr\\\/#breadcrumb\"},\"inLanguage\":\"tr\",\"potentialAction\":[{\"@type\":\"ReadAction\",\"target\":[\"https:\\\/\\\/www.hotelmultatuli.nl\\\/tr\\\/\"]}]},{\"@type\":\"ImageObject\",\"inLanguage\":\"tr\",\"@id\":\"https:\\\/\\\/www.hotelmultatuli.nl\\\/tr\\\/#primaryimage\",\"url\":\"https:\\\/\\\/www.hotelmultatuli.nl\\\/wp-content\\\/uploads\\\/2023\\\/07\\\/cropped-MULTATULI-13-scaled-1.jpg\",\"contentUrl\":\"https:\\\/\\\/www.hotelmultatuli.nl\\\/wp-content\\\/uploads\\\/2023\\\/07\\\/cropped-MULTATULI-13-scaled-1.jpg\"},{\"@type\":\"BreadcrumbList\",\"@id\":\"https:\\\/\\\/www.hotelmultatuli.nl\\\/tr\\\/#breadcrumb\",\"itemListElement\":[{\"@type\":\"ListItem\",\"position\":1,\"name\":\"Home\",\"item\":\"https:\\\/\\\/www.hotelmultatuli.nl\\\/tr\\\/\"},{\"@type\":\"ListItem\",\"position\":2,\"name\":\"\u00d6n Sayfa\"}]},{\"@type\":\"WebSite\",\"@id\":\"https:\\\/\\\/www.hotelmultatuli.nl\\\/tr\\\/#website\",\"url\":\"https:\\\/\\\/www.hotelmultatuli.nl\\\/tr\\\/\",\"name\":\"Hotel Multatuli\",\"description\":\"Amsterdam\",\"publisher\":{\"@id\":\"https:\\\/\\\/www.hotelmultatuli.nl\\\/tr\\\/#organization\"},\"potentialAction\":[{\"@type\":\"SearchAction\",\"target\":{\"@type\":\"EntryPoint\",\"urlTemplate\":\"https:\\\/\\\/www.hotelmultatuli.nl\\\/tr\\\/?s={search_term_string}\"},\"query-input\":{\"@type\":\"PropertyValueSpecification\",\"valueRequired\":true,\"valueName\":\"search_term_string\"}}],\"inLanguage\":\"tr\"},{\"@type\":\"Organization\",\"@id\":\"https:\\\/\\\/www.hotelmultatuli.nl\\\/tr\\\/#organization\",\"name\":\"Hotel Multatuli\",\"url\":\"https:\\\/\\\/www.hotelmultatuli.nl\\\/tr\\\/\",\"logo\":{\"@type\":\"ImageObject\",\"inLanguage\":\"tr\",\"@id\":\"https:\\\/\\\/www.hotelmultatuli.nl\\\/tr\\\/#\\\/schema\\\/logo\\\/image\\\/\",\"url\":\"https:\\\/\\\/www.hotelmultatuli.nl\\\/wp-content\\\/uploads\\\/2022\\\/09\\\/logo-multatuli-hotel.png\",\"contentUrl\":\"https:\\\/\\\/www.hotelmultatuli.nl\\\/wp-content\\\/uploads\\\/2022\\\/09\\\/logo-multatuli-hotel.png\",\"width\":300,\"height\":69,\"caption\":\"Hotel Multatuli\"},\"image\":{\"@id\":\"https:\\\/\\\/www.hotelmultatuli.nl\\\/tr\\\/#\\\/schema\\\/logo\\\/image\\\/\"}}]}<\/script>\n<!-- \/ Yoast SEO plugin. -->","yoast_head_json":{"title":"\u00d6n Sayfa - Hotel Multatuli","robots":{"index":"index","follow":"follow","max-snippet":"max-snippet:-1","max-image-preview":"max-image-preview:large","max-video-preview":"max-video-preview:-1"},"canonical":"https:\/\/www.hotelmultatuli.nl\/tr\/","og_locale":"tr_TR","og_type":"article","og_title":"\u00d6n Sayfa - Hotel Multatuli","og_description":"Hakk\u0131m\u0131zda Hotel Multatuli, Amsterdam\u2019\u0131n \u201cGrachtengordel\u201d kanal b\u00f6lgesinin ba\u015f\u0131nda yer almaktad\u0131r. 17. y\u00fczy\u0131ldan kalma kanallar 2010 y\u0131l\u0131nda Unesco D\u00fcnya Miras\u0131 Listesi\u2019ne eklenmi\u015ftir. Otel, 1744 y\u0131l\u0131ndan kalma listelenmi\u015f bir ulusal an\u0131t\u0131n i\u00e7inde yer almaktad\u0131r. Otelin kar\u015f\u0131s\u0131ndan gidi\u015f-d\u00f6n\u00fc\u015f tekne turlar\u0131na kat\u0131labilirsiniz. Baraj ve Anne Frank Evi sadece 10 dakikal\u0131k y\u00fcr\u00fcme mesafesindedir. Multatuli \u201cAy\u2019dan bak\u0131ld\u0131\u011f\u0131nda hepimiz ayn\u0131 b\u00fcy\u00fckl\u00fckteyiz.\u201d Hotel&hellip; Read more","og_url":"https:\/\/www.hotelmultatuli.nl\/tr\/","og_site_name":"Hotel Multatuli","article_modified_time":"2026-01-07T11:10:19+00:00","og_image":[{"url":"https:\/\/www.hotelmultatuli.nl\/wp-content\/uploads\/2023\/07\/cropped-MULTATULI-13-scaled-1.jpg","type":"","width":"","height":""}],"twitter_card":"summary_large_image","twitter_misc":{"Tahmini okuma s\u00fcresi":"1 dakika"},"schema":{"@context":"https:\/\/schema.org","@graph":[{"@type":"WebPage","@id":"https:\/\/www.hotelmultatuli.nl\/tr\/","url":"https:\/\/www.hotelmultatuli.nl\/tr\/","name":"\u00d6n Sayfa - Hotel Multatuli","isPartOf":{"@id":"https:\/\/www.hotelmultatuli.nl\/tr\/#website"},"primaryImageOfPage":{"@id":"https:\/\/www.hotelmultatuli.nl\/tr\/#primaryimage"},"image":{"@id":"https:\/\/www.hotelmultatuli.nl\/tr\/#primaryimage"},"thumbnailUrl":"https:\/\/www.hotelmultatuli.nl\/wp-content\/uploads\/2023\/07\/cropped-MULTATULI-13-scaled-1.jpg","datePublished":"2022-11-11T14:37:00+00:00","dateModified":"2026-01-07T11:10:19+00:00","breadcrumb":{"@id":"https:\/\/www.hotelmultatuli.nl\/tr\/#breadcrumb"},"inLanguage":"tr","potentialAction":[{"@type":"ReadAction","target":["https:\/\/www.hotelmultatuli.nl\/tr\/"]}]},{"@type":"ImageObject","inLanguage":"tr","@id":"https:\/\/www.hotelmultatuli.nl\/tr\/#primaryimage","url":"https:\/\/www.hotelmultatuli.nl\/wp-content\/uploads\/2023\/07\/cropped-MULTATULI-13-scaled-1.jpg","contentUrl":"https:\/\/www.hotelmultatuli.nl\/wp-content\/uploads\/2023\/07\/cropped-MULTATULI-13-scaled-1.jpg"},{"@type":"BreadcrumbList","@id":"https:\/\/www.hotelmultatuli.nl\/tr\/#breadcrumb","itemListElement":[{"@type":"ListItem","position":1,"name":"Home","item":"https:\/\/www.hotelmultatuli.nl\/tr\/"},{"@type":"ListItem","position":2,"name":"\u00d6n Sayfa"}]},{"@type":"WebSite","@id":"https:\/\/www.hotelmultatuli.nl\/tr\/#website","url":"https:\/\/www.hotelmultatuli.nl\/tr\/","name":"Hotel Multatuli","description":"Amsterdam","publisher":{"@id":"https:\/\/www.hotelmultatuli.nl\/tr\/#organization"},"potentialAction":[{"@type":"SearchAction","target":{"@type":"EntryPoint","urlTemplate":"https:\/\/www.hotelmultatuli.nl\/tr\/?s={search_term_string}"},"query-input":{"@type":"PropertyValueSpecification","valueRequired":true,"valueName":"search_term_string"}}],"inLanguage":"tr"},{"@type":"Organization","@id":"https:\/\/www.hotelmultatuli.nl\/tr\/#organization","name":"Hotel Multatuli","url":"https:\/\/www.hotelmultatuli.nl\/tr\/","logo":{"@type":"ImageObject","inLanguage":"tr","@id":"https:\/\/www.hotelmultatuli.nl\/tr\/#\/schema\/logo\/image\/","url":"https:\/\/www.hotelmultatuli.nl\/wp-content\/uploads\/2022\/09\/logo-multatuli-hotel.png","contentUrl":"https:\/\/www.hotelmultatuli.nl\/wp-content\/uploads\/2022\/09\/logo-multatuli-hotel.png","width":300,"height":69,"caption":"Hotel Multatuli"},"image":{"@id":"https:\/\/www.hotelmultatuli.nl\/tr\/#\/schema\/logo\/image\/"}}]}},"_links":{"self":[{"href":"https:\/\/www.hotelmultatuli.nl\/tr\/wp-json\/wp\/v2\/pages\/924","targetHints":{"allow":["GET"]}}],"collection":[{"href":"https:\/\/www.hotelmultatuli.nl\/tr\/wp-json\/wp\/v2\/pages"}],"about":[{"href":"https:\/\/www.hotelmultatuli.nl\/tr\/wp-json\/wp\/v2\/types\/page"}],"author":[{"embeddable":true,"href":"https:\/\/www.hotelmultatuli.nl\/tr\/wp-json\/wp\/v2\/users\/1"}],"replies":[{"embeddable":true,"href":"https:\/\/www.hotelmultatuli.nl\/tr\/wp-json\/wp\/v2\/comments?post=924"}],"version-history":[{"count":7,"href":"https:\/\/www.hotelmultatuli.nl\/tr\/wp-json\/wp\/v2\/pages\/924\/revisions"}],"predecessor-version":[{"id":2347,"href":"https:\/\/www.hotelmultatuli.nl\/tr\/wp-json\/wp\/v2\/pages\/924\/revisions\/2347"}],"wp:attachment":[{"href":"https:\/\/www.hotelmultatuli.nl\/tr\/wp-json\/wp\/v2\/media?parent=924"}],"curies":[{"name":"wp","href":"https:\/\/api.w.org\/{rel}","templated":true}]}}