{"id":972,"date":"2023-02-05T18:55:47","date_gmt":"2023-02-05T18:55:47","guid":{"rendered":"https:\/\/www.hotelmultatuli.nl\/politica-de-reserva-e-cancelamento\/"},"modified":"2026-01-01T22:16:03","modified_gmt":"2026-01-01T22:16:03","slug":"politica-de-reserva-e-cancelamento","status":"publish","type":"page","link":"https:\/\/www.hotelmultatuli.nl\/pt-pt\/politica-de-reserva-e-cancelamento\/","title":{"rendered":"Pol\u00edtica de reserva e cancelamento"},"content":{"rendered":"<div data-id=\"initial-content-section\" data-export-id=\"initial-content-section\" data-label=\"Initial Content\" id=\"initial-content-section\" class=\"content-section content-section-spacing\">\n   <div class=\"gridContainer\">\n     <div class=\"row\">\n\n        <div class=\"col-xs-12 col-sm-12\">                <p><\/p>\n<p><strong>Pol\u00edtica de reserva e cancelamento<\/strong><\/p>\n<p><\/p>\n<p><\/p>\n<p><span style=\"font-weight: 600;\">Reservas<\/span><\/p>\n<p><\/p>\n<p><\/p>\n<p>Para reservar um ou mais quartos, \u00e9 necess\u00e1rio fornecer os dados do seu cart\u00e3o de cr\u00e9dito. Estes dados permitem ao nosso hotel solicitar a autoriza\u00e7\u00e3o da empresa do seu cart\u00e3o de cr\u00e9dito. Trata-se de um procedimento normalizado para certificar que os limites de cr\u00e9dito permitem cobrir eventuais despesas. Algumas empresas de cart\u00f5es de cr\u00e9dito informam os titulares dos cart\u00f5es sobre os pedidos de autoriza\u00e7\u00e3o. Neste caso, o seu extracto banc\u00e1rio pode indicar uma limita\u00e7\u00e3o tempor\u00e1ria do seu cr\u00e9dito m\u00e1ximo at\u00e9 ao montante da sua reserva. No entanto, esta limita\u00e7\u00e3o n\u00e3o constitui um pagamento. O pagamento efectivo \u00e9 efectuado no momento da assinatura \u00e0 chegada ao hotel. Nesta altura, pode decidir utilizar o seu cart\u00e3o de cr\u00e9dito, validando as despesas do cart\u00e3o. Se optar pelo pagamento em numer\u00e1rio ou por transfer\u00eancia banc\u00e1ria, a limita\u00e7\u00e3o do seu cr\u00e9dito m\u00e1ximo ser\u00e1 imediatamente anulada.<\/p>\n<p><\/p>\n<p><\/p>\n<p>Aquando da chegada, \u00e9-lhe pedido que pague o n\u00famero de noites reservadas. Os pre\u00e7os incluem o pequeno-almo\u00e7o. A tua conta ser\u00e1 acrescida de uma taxa tur\u00edstica de 12,50 %. Os nossos recepcionistas aceitam pagamentos por cart\u00e3o de cr\u00e9dito, cart\u00e3o de d\u00e9bito ou dinheiro.<\/p>\n<p><\/p>\n<p><\/p>\n<p>O Hotel Multatuli n\u00e3o aceita reservas para grupos superiores a 7 pessoas ou reservas para mais de 3 quartos.<\/p>\n<p><\/p>\n<p><\/p>\n<p>O seu quarto est\u00e1 dispon\u00edvel a partir das 13:00 horas do dia de chegada. \u00c9-lhe pedido que desocupe o seu quarto antes das 11h00 do dia da partida.<\/p>\n<p><\/p>\n<p><\/p>\n<p><span style=\"font-weight: 600;\">Alterar a sua reserva<\/span><\/p>\n<p><\/p>\n<p><\/p>\n<p>Se desejar cancelar ou alterar a sua reserva, pode faz\u00ea-lo gratuitamente at\u00e9 48 horas antes das 00h00 (CET) do dia de chegada acordado. Receber\u00e1 um e-mail para confirmar a sua nova reserva ou o seu cancelamento.<\/p>\n<p><\/p>\n<p><\/p>\n<p><span style=\"font-weight: 600;\">Cancelamento<\/span><\/p>\n<p><\/p>\n<p><\/p>\n<p>Se se vir obrigado a cancelar, pode faz\u00ea-lo utilizando a fun\u00e7\u00e3o de cancelamento em linha ou contactando directamente o hotel. O cancelamento \u00e9 gratuito at\u00e9 48 horas antes das 00:00 horas (CET) da data de chegada acordada. Os cancelamentos efectuados nas 48 horas anteriores \u00e0 data prevista de chegada ser\u00e3o facturados no valor da primeira noite. Se a reserva n\u00e3o for cancelada, ser-lhe-\u00e1 cobrado o montante da primeira noite. O hotel cobrar\u00e1 esta taxa no seu cart\u00e3o de cr\u00e9dito e confirmar\u00e1 o cancelamento e o pagamento por correio electr\u00f3nico.<\/p>\n<p><\/p>\n<p><\/p>\n<p><\/p>\n<p><\/p>\n<p><\/p>\n<p><\/p>\n<p><\/p>\n<p><\/p>\n<p><\/p>\n<p><\/p>\n\n          <\/div>\n      <\/div>\n  <\/div>\n<\/div>","protected":false},"excerpt":{"rendered":"<p>Pol\u00edtica de reserva e cancelamento Reservas Para reservar um ou mais quartos, \u00e9 necess\u00e1rio fornecer os dados do seu cart\u00e3o de cr\u00e9dito. Estes dados permitem ao nosso hotel solicitar a autoriza\u00e7\u00e3o da empresa do seu cart\u00e3o de cr\u00e9dito. Trata-se de um procedimento normalizado para certificar que os limites de cr\u00e9dito permitem cobrir eventuais despesas. Algumas&hellip; <br \/> <a class=\"read-more\" href=\"https:\/\/www.hotelmultatuli.nl\/pt-pt\/politica-de-reserva-e-cancelamento\/\">Read more<\/a><\/p>\n","protected":false},"author":1,"featured_media":0,"parent":0,"menu_order":0,"comment_status":"closed","ping_status":"closed","template":"pro\/page-templates\/full-width-page.php","meta":{"footnotes":""},"class_list":["post-972","page","type-page","status-publish","hentry"],"yoast_head":"<!-- This site is optimized with the Yoast SEO plugin v27.5 - https:\/\/yoast.com\/product\/yoast-seo-wordpress\/ -->\n<title>Pol\u00edtica de reserva e cancelamento - Hotel Multatuli<\/title>\n<meta name=\"robots\" content=\"index, follow, max-snippet:-1, max-image-preview:large, max-video-preview:-1\" \/>\n<link rel=\"canonical\" href=\"https:\/\/www.hotelmultatuli.nl\/pt-pt\/politica-de-reserva-e-cancelamento\/\" \/>\n<meta property=\"og:locale\" content=\"pt_PT\" \/>\n<meta property=\"og:type\" content=\"article\" \/>\n<meta property=\"og:title\" content=\"Pol\u00edtica de reserva e cancelamento - Hotel Multatuli\" \/>\n<meta property=\"og:description\" content=\"Pol\u00edtica de reserva e cancelamento Reservas Para reservar um ou mais quartos, \u00e9 necess\u00e1rio fornecer os dados do seu cart\u00e3o de cr\u00e9dito. Estes dados permitem ao nosso hotel solicitar a autoriza\u00e7\u00e3o da empresa do seu cart\u00e3o de cr\u00e9dito. Trata-se de um procedimento normalizado para certificar que os limites de cr\u00e9dito permitem cobrir eventuais despesas. Algumas&hellip; Read more\" \/>\n<meta property=\"og:url\" content=\"https:\/\/www.hotelmultatuli.nl\/pt-pt\/politica-de-reserva-e-cancelamento\/\" \/>\n<meta property=\"og:site_name\" content=\"Hotel Multatuli\" \/>\n<meta property=\"article:modified_time\" content=\"2026-01-01T22:16:03+00:00\" \/>\n<meta name=\"twitter:card\" content=\"summary_large_image\" \/>\n<meta name=\"twitter:label1\" content=\"Tempo estimado de leitura\" \/>\n\t<meta name=\"twitter:data1\" content=\"2 minutos\" \/>\n<script type=\"application\/ld+json\" class=\"yoast-schema-graph\">{\"@context\":\"https:\\\/\\\/schema.org\",\"@graph\":[{\"@type\":\"WebPage\",\"@id\":\"https:\\\/\\\/www.hotelmultatuli.nl\\\/pt-pt\\\/politica-de-reserva-e-cancelamento\\\/\",\"url\":\"https:\\\/\\\/www.hotelmultatuli.nl\\\/pt-pt\\\/politica-de-reserva-e-cancelamento\\\/\",\"name\":\"Pol\u00edtica de reserva e cancelamento - Hotel Multatuli\",\"isPartOf\":{\"@id\":\"https:\\\/\\\/www.hotelmultatuli.nl\\\/pt-pt\\\/#website\"},\"datePublished\":\"2023-02-05T18:55:47+00:00\",\"dateModified\":\"2026-01-01T22:16:03+00:00\",\"breadcrumb\":{\"@id\":\"https:\\\/\\\/www.hotelmultatuli.nl\\\/pt-pt\\\/politica-de-reserva-e-cancelamento\\\/#breadcrumb\"},\"inLanguage\":\"pt-PT\",\"potentialAction\":[{\"@type\":\"ReadAction\",\"target\":[\"https:\\\/\\\/www.hotelmultatuli.nl\\\/pt-pt\\\/politica-de-reserva-e-cancelamento\\\/\"]}]},{\"@type\":\"BreadcrumbList\",\"@id\":\"https:\\\/\\\/www.hotelmultatuli.nl\\\/pt-pt\\\/politica-de-reserva-e-cancelamento\\\/#breadcrumb\",\"itemListElement\":[{\"@type\":\"ListItem\",\"position\":1,\"name\":\"Home\",\"item\":\"https:\\\/\\\/www.hotelmultatuli.nl\\\/pt-pt\\\/\"},{\"@type\":\"ListItem\",\"position\":2,\"name\":\"Pol\u00edtica de reserva e cancelamento\"}]},{\"@type\":\"WebSite\",\"@id\":\"https:\\\/\\\/www.hotelmultatuli.nl\\\/pt-pt\\\/#website\",\"url\":\"https:\\\/\\\/www.hotelmultatuli.nl\\\/pt-pt\\\/\",\"name\":\"Hotel Multatuli\",\"description\":\"Amsterdam\",\"publisher\":{\"@id\":\"https:\\\/\\\/www.hotelmultatuli.nl\\\/pt-pt\\\/#organization\"},\"potentialAction\":[{\"@type\":\"SearchAction\",\"target\":{\"@type\":\"EntryPoint\",\"urlTemplate\":\"https:\\\/\\\/www.hotelmultatuli.nl\\\/pt-pt\\\/?s={search_term_string}\"},\"query-input\":{\"@type\":\"PropertyValueSpecification\",\"valueRequired\":true,\"valueName\":\"search_term_string\"}}],\"inLanguage\":\"pt-PT\"},{\"@type\":\"Organization\",\"@id\":\"https:\\\/\\\/www.hotelmultatuli.nl\\\/pt-pt\\\/#organization\",\"name\":\"Hotel Multatuli\",\"url\":\"https:\\\/\\\/www.hotelmultatuli.nl\\\/pt-pt\\\/\",\"logo\":{\"@type\":\"ImageObject\",\"inLanguage\":\"pt-PT\",\"@id\":\"https:\\\/\\\/www.hotelmultatuli.nl\\\/pt-pt\\\/#\\\/schema\\\/logo\\\/image\\\/\",\"url\":\"https:\\\/\\\/www.hotelmultatuli.nl\\\/wp-content\\\/uploads\\\/2022\\\/09\\\/logo-multatuli-hotel.png\",\"contentUrl\":\"https:\\\/\\\/www.hotelmultatuli.nl\\\/wp-content\\\/uploads\\\/2022\\\/09\\\/logo-multatuli-hotel.png\",\"width\":300,\"height\":69,\"caption\":\"Hotel Multatuli\"},\"image\":{\"@id\":\"https:\\\/\\\/www.hotelmultatuli.nl\\\/pt-pt\\\/#\\\/schema\\\/logo\\\/image\\\/\"}}]}<\/script>\n<!-- \/ Yoast SEO plugin. -->","yoast_head_json":{"title":"Pol\u00edtica de reserva e cancelamento - Hotel Multatuli","robots":{"index":"index","follow":"follow","max-snippet":"max-snippet:-1","max-image-preview":"max-image-preview:large","max-video-preview":"max-video-preview:-1"},"canonical":"https:\/\/www.hotelmultatuli.nl\/pt-pt\/politica-de-reserva-e-cancelamento\/","og_locale":"pt_PT","og_type":"article","og_title":"Pol\u00edtica de reserva e cancelamento - Hotel Multatuli","og_description":"Pol\u00edtica de reserva e cancelamento Reservas Para reservar um ou mais quartos, \u00e9 necess\u00e1rio fornecer os dados do seu cart\u00e3o de cr\u00e9dito. Estes dados permitem ao nosso hotel solicitar a autoriza\u00e7\u00e3o da empresa do seu cart\u00e3o de cr\u00e9dito. Trata-se de um procedimento normalizado para certificar que os limites de cr\u00e9dito permitem cobrir eventuais despesas. Algumas&hellip; Read more","og_url":"https:\/\/www.hotelmultatuli.nl\/pt-pt\/politica-de-reserva-e-cancelamento\/","og_site_name":"Hotel Multatuli","article_modified_time":"2026-01-01T22:16:03+00:00","twitter_card":"summary_large_image","twitter_misc":{"Tempo estimado de leitura":"2 minutos"},"schema":{"@context":"https:\/\/schema.org","@graph":[{"@type":"WebPage","@id":"https:\/\/www.hotelmultatuli.nl\/pt-pt\/politica-de-reserva-e-cancelamento\/","url":"https:\/\/www.hotelmultatuli.nl\/pt-pt\/politica-de-reserva-e-cancelamento\/","name":"Pol\u00edtica de reserva e cancelamento - Hotel Multatuli","isPartOf":{"@id":"https:\/\/www.hotelmultatuli.nl\/pt-pt\/#website"},"datePublished":"2023-02-05T18:55:47+00:00","dateModified":"2026-01-01T22:16:03+00:00","breadcrumb":{"@id":"https:\/\/www.hotelmultatuli.nl\/pt-pt\/politica-de-reserva-e-cancelamento\/#breadcrumb"},"inLanguage":"pt-PT","potentialAction":[{"@type":"ReadAction","target":["https:\/\/www.hotelmultatuli.nl\/pt-pt\/politica-de-reserva-e-cancelamento\/"]}]},{"@type":"BreadcrumbList","@id":"https:\/\/www.hotelmultatuli.nl\/pt-pt\/politica-de-reserva-e-cancelamento\/#breadcrumb","itemListElement":[{"@type":"ListItem","position":1,"name":"Home","item":"https:\/\/www.hotelmultatuli.nl\/pt-pt\/"},{"@type":"ListItem","position":2,"name":"Pol\u00edtica de reserva e cancelamento"}]},{"@type":"WebSite","@id":"https:\/\/www.hotelmultatuli.nl\/pt-pt\/#website","url":"https:\/\/www.hotelmultatuli.nl\/pt-pt\/","name":"Hotel Multatuli","description":"Amsterdam","publisher":{"@id":"https:\/\/www.hotelmultatuli.nl\/pt-pt\/#organization"},"potentialAction":[{"@type":"SearchAction","target":{"@type":"EntryPoint","urlTemplate":"https:\/\/www.hotelmultatuli.nl\/pt-pt\/?s={search_term_string}"},"query-input":{"@type":"PropertyValueSpecification","valueRequired":true,"valueName":"search_term_string"}}],"inLanguage":"pt-PT"},{"@type":"Organization","@id":"https:\/\/www.hotelmultatuli.nl\/pt-pt\/#organization","name":"Hotel Multatuli","url":"https:\/\/www.hotelmultatuli.nl\/pt-pt\/","logo":{"@type":"ImageObject","inLanguage":"pt-PT","@id":"https:\/\/www.hotelmultatuli.nl\/pt-pt\/#\/schema\/logo\/image\/","url":"https:\/\/www.hotelmultatuli.nl\/wp-content\/uploads\/2022\/09\/logo-multatuli-hotel.png","contentUrl":"https:\/\/www.hotelmultatuli.nl\/wp-content\/uploads\/2022\/09\/logo-multatuli-hotel.png","width":300,"height":69,"caption":"Hotel Multatuli"},"image":{"@id":"https:\/\/www.hotelmultatuli.nl\/pt-pt\/#\/schema\/logo\/image\/"}}]}},"_links":{"self":[{"href":"https:\/\/www.hotelmultatuli.nl\/pt-pt\/wp-json\/wp\/v2\/pages\/972","targetHints":{"allow":["GET"]}}],"collection":[{"href":"https:\/\/www.hotelmultatuli.nl\/pt-pt\/wp-json\/wp\/v2\/pages"}],"about":[{"href":"https:\/\/www.hotelmultatuli.nl\/pt-pt\/wp-json\/wp\/v2\/types\/page"}],"author":[{"embeddable":true,"href":"https:\/\/www.hotelmultatuli.nl\/pt-pt\/wp-json\/wp\/v2\/users\/1"}],"replies":[{"embeddable":true,"href":"https:\/\/www.hotelmultatuli.nl\/pt-pt\/wp-json\/wp\/v2\/comments?post=972"}],"version-history":[{"count":2,"href":"https:\/\/www.hotelmultatuli.nl\/pt-pt\/wp-json\/wp\/v2\/pages\/972\/revisions"}],"predecessor-version":[{"id":2244,"href":"https:\/\/www.hotelmultatuli.nl\/pt-pt\/wp-json\/wp\/v2\/pages\/972\/revisions\/2244"}],"wp:attachment":[{"href":"https:\/\/www.hotelmultatuli.nl\/pt-pt\/wp-json\/wp\/v2\/media?parent=972"}],"curies":[{"name":"wp","href":"https:\/\/api.w.org\/{rel}","templated":true}]}}