{"id":956,"date":"2023-02-05T18:51:26","date_gmt":"2023-02-05T18:51:26","guid":{"rendered":"https:\/\/www.hotelmultatuli.nl\/politica-de-privacidade\/"},"modified":"2023-05-04T15:29:05","modified_gmt":"2023-05-04T15:29:05","slug":"politica-de-privacidade","status":"publish","type":"page","link":"https:\/\/www.hotelmultatuli.nl\/pt-pt\/politica-de-privacidade\/","title":{"rendered":"Pol\u00edtica de Privacidade"},"content":{"rendered":"\n<p>Pol\u00edtica de Privacidade<br\/>\u00daltima actualiza\u00e7\u00e3o em 06-Fev-2023<br\/>Data efectiva 06-Fev-2023<\/p>\n\n<p>Esta Pol\u00edtica de Privacidade descreve as pol\u00edticas do Hotel Multatuli, Prins Hendrikkade 12, Noord Holland 1012 TL,, Pa\u00edses Baixos (a), e-mail: reservations@multatulihotel.nl, telefone: +310206274282 sobre a recolha, utiliza\u00e7\u00e3o e divulga\u00e7\u00e3o das suas informa\u00e7\u00f5es que recolhemos quando utiliza o nosso s\u00edtio Web ( https:\/\/www.hotelmultatuli.nl ). (o &#8220;Servi\u00e7o&#8221;). Ao aceder ou utilizar o Servi\u00e7o, o utilizador consente na recolha, utiliza\u00e7\u00e3o e divulga\u00e7\u00e3o das suas informa\u00e7\u00f5es de acordo com a presente Pol\u00edtica de Privacidade. Se n\u00e3o concordar com o mesmo, n\u00e3o aceda nem utilize o Servi\u00e7o.<br\/>Podemos modificar esta Pol\u00edtica de Privacidade em qualquer altura sem aviso pr\u00e9vio ao utilizador e publicaremos a Pol\u00edtica de Privacidade revista no Servi\u00e7o. A Pol\u00edtica revista entrar\u00e1 em vigor 180 dias ap\u00f3s a publica\u00e7\u00e3o da Pol\u00edtica revista no Servi\u00e7o e o seu acesso ou utiliza\u00e7\u00e3o continuada do Servi\u00e7o ap\u00f3s esse per\u00edodo constituir\u00e1 a sua aceita\u00e7\u00e3o da Pol\u00edtica de Privacidade revista. Por conseguinte, recomendamos que reveja periodicamente esta p\u00e1gina.<\/p>\n\n<p><strong>\n  <em>Informa\u00e7\u00f5es que recolhemos:<br\/><\/em>\n<\/strong>Iremos recolher e processar as seguintes informa\u00e7\u00f5es pessoais sobre o utilizador:<\/p>\n\n<p>Nome<br\/>Correio electr\u00f3nico<br\/>M\u00f3vel<\/p>\n\n<p><em><strong>Como utilizamos as suas informa\u00e7\u00f5es:<\/strong><\/em><br\/>Utilizaremos as informa\u00e7\u00f5es que recolhemos sobre o utilizador para os seguintes fins<\/p>\n\n<p>Marketing\/Promocional<br\/>Protec\u00e7\u00e3o do s\u00edtio<br\/>Se pretendermos utilizar as suas informa\u00e7\u00f5es para qualquer outro fim, pedir-lhe-emos o seu consentimento e s\u00f3 utilizaremos as suas informa\u00e7\u00f5es depois de recebermos o seu consentimento e, em seguida, apenas para o(s) fim(ns) para o(s) qual(is) concedeu o seu consentimento, a menos que sejamos obrigados por lei a fazer o contr\u00e1rio.<\/p>\n\n<p><strong><em>Como partilhamos as suas informa\u00e7\u00f5es:<\/em><\/strong><br\/>N\u00e3o transferiremos as suas informa\u00e7\u00f5es pessoais para terceiros sem o seu consentimento, excepto em circunst\u00e2ncias limitadas, conforme descrito abaixo:<\/p>\n\n<p>Servi\u00e7o de an\u00fancios<br\/>Anal\u00edticos<br\/><br\/>Exigimos que esses terceiros utilizem as informa\u00e7\u00f5es pessoais que lhes transferimos apenas para os fins para os quais foram transferidas e que n\u00e3o as conservem por mais tempo do que o necess\u00e1rio para cumprir os referidos fins.<br\/>Tamb\u00e9m podemos divulgar as suas informa\u00e7\u00f5es pessoais para o seguinte: (1) para cumprir a lei aplic\u00e1vel, regulamento, ordem judicial ou outro processo legal; (2) para fazer cumprir os seus acordos connosco, incluindo esta Pol\u00edtica de Privacidade; ou (3) para responder a reclama\u00e7\u00f5es de que a sua utiliza\u00e7\u00e3o do Servi\u00e7o viola quaisquer direitos de terceiros. Se o Servi\u00e7o ou a nossa empresa for fundida ou adquirida por outra empresa, as suas informa\u00e7\u00f5es ser\u00e3o um dos activos transferidos para o novo propriet\u00e1rio.<\/p>\n\n<p><strong><em>Reten\u00e7\u00e3o das informa\u00e7\u00f5es do utilizador:<\/em><\/strong><br\/>Conservaremos as suas informa\u00e7\u00f5es pessoais durante 90 dias a 2 anos depois de os utilizadores encerrarem as suas contas ou enquanto precisarmos delas para cumprir os objectivos para os quais foram recolhidas, conforme descrito na presente Pol\u00edtica de Privacidade. Poderemos ter de conservar determinadas informa\u00e7\u00f5es durante per\u00edodos mais longos, como a manuten\u00e7\u00e3o de registos\/relat\u00f3rios em conformidade com a legisla\u00e7\u00e3o aplic\u00e1vel ou por outros motivos leg\u00edtimos, como a aplica\u00e7\u00e3o de direitos legais, a preven\u00e7\u00e3o de fraudes, etc. As informa\u00e7\u00f5es an\u00f3nimas residuais e as informa\u00e7\u00f5es agregadas, nenhuma das quais o identifica (directa ou indirectamente), podem ser armazenadas indefinidamente.<\/p>\n\n<p><strong><em>Os seus direitos:<\/em><\/strong><br\/>Dependendo da lei aplic\u00e1vel, o utilizador pode ter o direito de aceder e rectificar ou apagar os seus dados pessoais ou receber uma c\u00f3pia dos seus dados pessoais, restringir ou opor-se ao processamento activo dos seus dados, pedir-nos para partilhar (portar) as suas informa\u00e7\u00f5es pessoais com outra entidade, retirar qualquer consentimento que nos tenha dado para processar os seus dados, o direito de apresentar uma queixa junto de uma autoridade legal e outros direitos que possam ser relevantes ao abrigo da legisla\u00e7\u00e3o aplic\u00e1vel. Para exercer estes direitos, pode escrever-nos para reservations@multatulihotel.nl. Responderemos ao seu pedido em conformidade com a legisla\u00e7\u00e3o aplic\u00e1vel.<br\/>Tenha em aten\u00e7\u00e3o que, se n\u00e3o nos autorizar a recolher ou processar as informa\u00e7\u00f5es pessoais necess\u00e1rias ou se retirar o consentimento para o processamento das mesmas para os fins pretendidos, poder\u00e1 n\u00e3o conseguir aceder ou utilizar os servi\u00e7os para os quais as suas informa\u00e7\u00f5es foram solicitadas.<\/p>\n\n<p><strong><em>Cookies Etc:<\/em><\/strong><br\/>Para saber mais sobre a forma como as utilizamos e as suas escolhas em rela\u00e7\u00e3o a estas tecnologias de rastreio, consulte a nossa Pol\u00edtica de Cookies.<\/p>\n\n<p><strong><em>Seguran\u00e7a:<\/em><\/strong><br\/>A seguran\u00e7a das suas informa\u00e7\u00f5es \u00e9 importante para n\u00f3s e utilizaremos medidas de seguran\u00e7a razo\u00e1veis para evitar a perda, a utiliza\u00e7\u00e3o indevida ou a altera\u00e7\u00e3o n\u00e3o autorizada das suas informa\u00e7\u00f5es sob o nosso controlo. No entanto, tendo em conta os riscos inerentes, n\u00e3o podemos garantir uma seguran\u00e7a absoluta e, consequentemente, n\u00e3o podemos assegurar ou garantir a seguran\u00e7a de qualquer informa\u00e7\u00e3o que nos transmita, pelo que o utilizador o faz por sua conta e risco.<\/p>\n\n<p><strong><em>Liga\u00e7\u00f5es de terceiros e utiliza\u00e7\u00e3o das suas informa\u00e7\u00f5es:<\/em><\/strong><br\/>O nosso Servi\u00e7o pode conter liga\u00e7\u00f5es a outros s\u00edtios Web que n\u00e3o s\u00e3o operados por n\u00f3s. Esta Pol\u00edtica de Privacidade n\u00e3o aborda a pol\u00edtica de privacidade e outras pr\u00e1ticas de terceiros, incluindo terceiros que operem qualquer s\u00edtio Web ou servi\u00e7o que possa ser acedido atrav\u00e9s de uma liga\u00e7\u00e3o no Servi\u00e7o. Aconselhamos vivamente que reveja a pol\u00edtica de privacidade de todos os s\u00edtios que visita. N\u00e3o temos qualquer controlo e n\u00e3o assumimos qualquer responsabilidade pelo conte\u00fado, pol\u00edticas ou pr\u00e1ticas de privacidade de quaisquer sites ou servi\u00e7os de terceiros.<\/p>\n\n<p><strong><em>Respons\u00e1vel pelas queixas \/ protec\u00e7\u00e3o de dados:<\/em><\/strong><br\/>Se tiver quaisquer d\u00favidas ou preocupa\u00e7\u00f5es sobre o processamento das suas informa\u00e7\u00f5es que est\u00e3o dispon\u00edveis connosco, pode enviar uma mensagem de correio electr\u00f3nico para o nosso Respons\u00e1vel pelas Reclama\u00e7\u00f5es no Hotel Multatuli, Prins Hendrikkade 12, e-mail: reservations@multatulihotel.nl. Responderemos \u00e0s suas preocupa\u00e7\u00f5es em conformidade com a legisla\u00e7\u00e3o aplic\u00e1vel.<\/p>\n","protected":false},"excerpt":{"rendered":"<p>Pol\u00edtica de Privacidade\u00daltima actualiza\u00e7\u00e3o em 06-Fev-2023Data efectiva 06-Fev-2023 Esta Pol\u00edtica de Privacidade descreve as pol\u00edticas do Hotel Multatuli, Prins Hendrikkade 12, Noord Holland 1012 TL,, Pa\u00edses Baixos (a), e-mail: reservations@multatulihotel.nl, telefone: +310206274282 sobre a recolha, utiliza\u00e7\u00e3o e divulga\u00e7\u00e3o das suas informa\u00e7\u00f5es que recolhemos quando utiliza o nosso s\u00edtio Web ( https:\/\/www.hotelmultatuli.nl ). (o &#8220;Servi\u00e7o&#8221;). Ao&hellip; <br \/> <a class=\"read-more\" href=\"https:\/\/www.hotelmultatuli.nl\/pt-pt\/politica-de-privacidade\/\">Read more<\/a><\/p>\n","protected":false},"author":1,"featured_media":0,"parent":0,"menu_order":0,"comment_status":"closed","ping_status":"closed","template":"","meta":{"footnotes":""},"class_list":["post-956","page","type-page","status-publish","hentry"],"yoast_head":"<!-- This site is optimized with the Yoast SEO plugin v27.5 - https:\/\/yoast.com\/product\/yoast-seo-wordpress\/ -->\n<title>Pol\u00edtica de Privacidade - Hotel Multatuli<\/title>\n<meta name=\"robots\" content=\"index, follow, max-snippet:-1, max-image-preview:large, max-video-preview:-1\" \/>\n<link rel=\"canonical\" href=\"https:\/\/www.hotelmultatuli.nl\/pt-pt\/politica-de-privacidade\/\" \/>\n<meta property=\"og:locale\" content=\"pt_PT\" \/>\n<meta property=\"og:type\" content=\"article\" \/>\n<meta property=\"og:title\" content=\"Pol\u00edtica de Privacidade - Hotel Multatuli\" \/>\n<meta property=\"og:description\" content=\"Pol\u00edtica de Privacidade\u00daltima actualiza\u00e7\u00e3o em 06-Fev-2023Data efectiva 06-Fev-2023 Esta Pol\u00edtica de Privacidade descreve as pol\u00edticas do Hotel Multatuli, Prins Hendrikkade 12, Noord Holland 1012 TL,, Pa\u00edses Baixos (a), e-mail: reservations@multatulihotel.nl, telefone: +310206274282 sobre a recolha, utiliza\u00e7\u00e3o e divulga\u00e7\u00e3o das suas informa\u00e7\u00f5es que recolhemos quando utiliza o nosso s\u00edtio Web ( https:\/\/www.hotelmultatuli.nl ). (o &#8220;Servi\u00e7o&#8221;). Ao&hellip; Read more\" \/>\n<meta property=\"og:url\" content=\"https:\/\/www.hotelmultatuli.nl\/pt-pt\/politica-de-privacidade\/\" \/>\n<meta property=\"og:site_name\" content=\"Hotel Multatuli\" \/>\n<meta property=\"article:modified_time\" content=\"2023-05-04T15:29:05+00:00\" \/>\n<meta name=\"twitter:card\" content=\"summary_large_image\" \/>\n<meta name=\"twitter:label1\" content=\"Tempo estimado de leitura\" \/>\n\t<meta name=\"twitter:data1\" content=\"5 minutos\" \/>\n<script type=\"application\/ld+json\" class=\"yoast-schema-graph\">{\"@context\":\"https:\\\/\\\/schema.org\",\"@graph\":[{\"@type\":\"WebPage\",\"@id\":\"https:\\\/\\\/www.hotelmultatuli.nl\\\/pt-pt\\\/politica-de-privacidade\\\/\",\"url\":\"https:\\\/\\\/www.hotelmultatuli.nl\\\/pt-pt\\\/politica-de-privacidade\\\/\",\"name\":\"Pol\u00edtica de Privacidade - Hotel Multatuli\",\"isPartOf\":{\"@id\":\"https:\\\/\\\/www.hotelmultatuli.nl\\\/pt-pt\\\/#website\"},\"datePublished\":\"2023-02-05T18:51:26+00:00\",\"dateModified\":\"2023-05-04T15:29:05+00:00\",\"breadcrumb\":{\"@id\":\"https:\\\/\\\/www.hotelmultatuli.nl\\\/pt-pt\\\/politica-de-privacidade\\\/#breadcrumb\"},\"inLanguage\":\"pt-PT\",\"potentialAction\":[{\"@type\":\"ReadAction\",\"target\":[\"https:\\\/\\\/www.hotelmultatuli.nl\\\/pt-pt\\\/politica-de-privacidade\\\/\"]}]},{\"@type\":\"BreadcrumbList\",\"@id\":\"https:\\\/\\\/www.hotelmultatuli.nl\\\/pt-pt\\\/politica-de-privacidade\\\/#breadcrumb\",\"itemListElement\":[{\"@type\":\"ListItem\",\"position\":1,\"name\":\"Home\",\"item\":\"https:\\\/\\\/www.hotelmultatuli.nl\\\/pt-pt\\\/\"},{\"@type\":\"ListItem\",\"position\":2,\"name\":\"Pol\u00edtica de Privacidade\"}]},{\"@type\":\"WebSite\",\"@id\":\"https:\\\/\\\/www.hotelmultatuli.nl\\\/pt-pt\\\/#website\",\"url\":\"https:\\\/\\\/www.hotelmultatuli.nl\\\/pt-pt\\\/\",\"name\":\"Hotel Multatuli\",\"description\":\"Amsterdam\",\"publisher\":{\"@id\":\"https:\\\/\\\/www.hotelmultatuli.nl\\\/pt-pt\\\/#organization\"},\"potentialAction\":[{\"@type\":\"SearchAction\",\"target\":{\"@type\":\"EntryPoint\",\"urlTemplate\":\"https:\\\/\\\/www.hotelmultatuli.nl\\\/pt-pt\\\/?s={search_term_string}\"},\"query-input\":{\"@type\":\"PropertyValueSpecification\",\"valueRequired\":true,\"valueName\":\"search_term_string\"}}],\"inLanguage\":\"pt-PT\"},{\"@type\":\"Organization\",\"@id\":\"https:\\\/\\\/www.hotelmultatuli.nl\\\/pt-pt\\\/#organization\",\"name\":\"Hotel Multatuli\",\"url\":\"https:\\\/\\\/www.hotelmultatuli.nl\\\/pt-pt\\\/\",\"logo\":{\"@type\":\"ImageObject\",\"inLanguage\":\"pt-PT\",\"@id\":\"https:\\\/\\\/www.hotelmultatuli.nl\\\/pt-pt\\\/#\\\/schema\\\/logo\\\/image\\\/\",\"url\":\"https:\\\/\\\/www.hotelmultatuli.nl\\\/wp-content\\\/uploads\\\/2022\\\/09\\\/logo-multatuli-hotel.png\",\"contentUrl\":\"https:\\\/\\\/www.hotelmultatuli.nl\\\/wp-content\\\/uploads\\\/2022\\\/09\\\/logo-multatuli-hotel.png\",\"width\":300,\"height\":69,\"caption\":\"Hotel Multatuli\"},\"image\":{\"@id\":\"https:\\\/\\\/www.hotelmultatuli.nl\\\/pt-pt\\\/#\\\/schema\\\/logo\\\/image\\\/\"}}]}<\/script>\n<!-- \/ Yoast SEO plugin. -->","yoast_head_json":{"title":"Pol\u00edtica de Privacidade - Hotel Multatuli","robots":{"index":"index","follow":"follow","max-snippet":"max-snippet:-1","max-image-preview":"max-image-preview:large","max-video-preview":"max-video-preview:-1"},"canonical":"https:\/\/www.hotelmultatuli.nl\/pt-pt\/politica-de-privacidade\/","og_locale":"pt_PT","og_type":"article","og_title":"Pol\u00edtica de Privacidade - Hotel Multatuli","og_description":"Pol\u00edtica de Privacidade\u00daltima actualiza\u00e7\u00e3o em 06-Fev-2023Data efectiva 06-Fev-2023 Esta Pol\u00edtica de Privacidade descreve as pol\u00edticas do Hotel Multatuli, Prins Hendrikkade 12, Noord Holland 1012 TL,, Pa\u00edses Baixos (a), e-mail: reservations@multatulihotel.nl, telefone: +310206274282 sobre a recolha, utiliza\u00e7\u00e3o e divulga\u00e7\u00e3o das suas informa\u00e7\u00f5es que recolhemos quando utiliza o nosso s\u00edtio Web ( https:\/\/www.hotelmultatuli.nl ). (o &#8220;Servi\u00e7o&#8221;). Ao&hellip; Read more","og_url":"https:\/\/www.hotelmultatuli.nl\/pt-pt\/politica-de-privacidade\/","og_site_name":"Hotel Multatuli","article_modified_time":"2023-05-04T15:29:05+00:00","twitter_card":"summary_large_image","twitter_misc":{"Tempo estimado de leitura":"5 minutos"},"schema":{"@context":"https:\/\/schema.org","@graph":[{"@type":"WebPage","@id":"https:\/\/www.hotelmultatuli.nl\/pt-pt\/politica-de-privacidade\/","url":"https:\/\/www.hotelmultatuli.nl\/pt-pt\/politica-de-privacidade\/","name":"Pol\u00edtica de Privacidade - Hotel Multatuli","isPartOf":{"@id":"https:\/\/www.hotelmultatuli.nl\/pt-pt\/#website"},"datePublished":"2023-02-05T18:51:26+00:00","dateModified":"2023-05-04T15:29:05+00:00","breadcrumb":{"@id":"https:\/\/www.hotelmultatuli.nl\/pt-pt\/politica-de-privacidade\/#breadcrumb"},"inLanguage":"pt-PT","potentialAction":[{"@type":"ReadAction","target":["https:\/\/www.hotelmultatuli.nl\/pt-pt\/politica-de-privacidade\/"]}]},{"@type":"BreadcrumbList","@id":"https:\/\/www.hotelmultatuli.nl\/pt-pt\/politica-de-privacidade\/#breadcrumb","itemListElement":[{"@type":"ListItem","position":1,"name":"Home","item":"https:\/\/www.hotelmultatuli.nl\/pt-pt\/"},{"@type":"ListItem","position":2,"name":"Pol\u00edtica de Privacidade"}]},{"@type":"WebSite","@id":"https:\/\/www.hotelmultatuli.nl\/pt-pt\/#website","url":"https:\/\/www.hotelmultatuli.nl\/pt-pt\/","name":"Hotel Multatuli","description":"Amsterdam","publisher":{"@id":"https:\/\/www.hotelmultatuli.nl\/pt-pt\/#organization"},"potentialAction":[{"@type":"SearchAction","target":{"@type":"EntryPoint","urlTemplate":"https:\/\/www.hotelmultatuli.nl\/pt-pt\/?s={search_term_string}"},"query-input":{"@type":"PropertyValueSpecification","valueRequired":true,"valueName":"search_term_string"}}],"inLanguage":"pt-PT"},{"@type":"Organization","@id":"https:\/\/www.hotelmultatuli.nl\/pt-pt\/#organization","name":"Hotel Multatuli","url":"https:\/\/www.hotelmultatuli.nl\/pt-pt\/","logo":{"@type":"ImageObject","inLanguage":"pt-PT","@id":"https:\/\/www.hotelmultatuli.nl\/pt-pt\/#\/schema\/logo\/image\/","url":"https:\/\/www.hotelmultatuli.nl\/wp-content\/uploads\/2022\/09\/logo-multatuli-hotel.png","contentUrl":"https:\/\/www.hotelmultatuli.nl\/wp-content\/uploads\/2022\/09\/logo-multatuli-hotel.png","width":300,"height":69,"caption":"Hotel Multatuli"},"image":{"@id":"https:\/\/www.hotelmultatuli.nl\/pt-pt\/#\/schema\/logo\/image\/"}}]}},"_links":{"self":[{"href":"https:\/\/www.hotelmultatuli.nl\/pt-pt\/wp-json\/wp\/v2\/pages\/956","targetHints":{"allow":["GET"]}}],"collection":[{"href":"https:\/\/www.hotelmultatuli.nl\/pt-pt\/wp-json\/wp\/v2\/pages"}],"about":[{"href":"https:\/\/www.hotelmultatuli.nl\/pt-pt\/wp-json\/wp\/v2\/types\/page"}],"author":[{"embeddable":true,"href":"https:\/\/www.hotelmultatuli.nl\/pt-pt\/wp-json\/wp\/v2\/users\/1"}],"replies":[{"embeddable":true,"href":"https:\/\/www.hotelmultatuli.nl\/pt-pt\/wp-json\/wp\/v2\/comments?post=956"}],"version-history":[{"count":1,"href":"https:\/\/www.hotelmultatuli.nl\/pt-pt\/wp-json\/wp\/v2\/pages\/956\/revisions"}],"predecessor-version":[{"id":958,"href":"https:\/\/www.hotelmultatuli.nl\/pt-pt\/wp-json\/wp\/v2\/pages\/956\/revisions\/958"}],"wp:attachment":[{"href":"https:\/\/www.hotelmultatuli.nl\/pt-pt\/wp-json\/wp\/v2\/media?parent=956"}],"curies":[{"name":"wp","href":"https:\/\/api.w.org\/{rel}","templated":true}]}}