{"id":934,"date":"2022-11-11T17:47:51","date_gmt":"2022-11-11T17:47:51","guid":{"rendered":"https:\/\/www.hotelmultatuli.nl\/localizacao\/"},"modified":"2026-01-05T23:36:08","modified_gmt":"2026-01-05T23:36:08","slug":"localizacao","status":"publish","type":"page","link":"https:\/\/www.hotelmultatuli.nl\/pt-pt\/localizacao\/","title":{"rendered":"Localiza\u00e7\u00e3o"},"content":{"rendered":"<div  data-label=\"Map\" data-id=\"contact--1\" data-export-id=\"contact-4\" data-category=\"contact\" class=\"contact-4 content-section\" id=\"map\" style=\"background-color: rgb(255, 255, 255); --darkreader-inline-bgcolor: #181a1b;\" data-darkreader-inline-bgcolor=\"\"><div  class=\"\"> <div  class=\"row\"><div  class=\"col-xs-12 no-gutter-col\"> <div  data-content-shortcode=\"mesmerize_maps address=&quot;Hotel Multatuli, Prins Hendrikkade 12, 1012 TL Amsterdam, The Netherlands&quot; zoom=&quot;65&quot;\" hotel=\"\" multatuli,=\"\" prins=\"\" hendrikkade=\"\" 12,=\"\" 1012=\"\" tl=\"\" amsterdam,=\"\" the=\"\" netherlands\"=\"\" zoom=\"65\" \"=\"\" data-editable=\"true\" class=\"\">        <div class=\"mesmerize-google-maps\" style=\"width:100%\">\n            <iframe style=\"width:100%; height:100%;min-height:inherit;display:block;\" src=\"https:\/\/maps.google.com\/maps?q=Hotel%20Multatuli,%20Prins%20Hendrikkade%2012,%201012%20TL%20Amsterdam,%20The%20Netherlands&#038;z=14&#038;output=embed&#038;iwloc=near\"><\/iframe>\n        <\/div>\n    <\/div><\/div> <\/div><\/div> <\/div><div  data-label=\"Team\" data-id=\"team--2\" data-export-id=\"team-1\" data-category=\"team\" class=\"team-1 content-section content-section-spacing\" id=\"team-2\" style=\"background-color: rgb(255, 255, 255);\"><div  class=\"gridContainer\"> <div  class=\"row text-center\"><div  class=\"section-title-col\" data-type=\"column\"> <h2  class=\"\" style=\"text-align: left;\">Planear a sua viagem<\/h2> <p  class=\"lead\" style=\"text-align: left;\">O Hotel Multatuli est\u00e1 situado a poucos minutos a p\u00e9 da Esta\u00e7\u00e3o Central de Amesterd\u00e3o. A partir daqui, encontrar\u00e1 transportes por comboio, metro, el\u00e9ctrico e autocarro para qualquer local dentro ou fora dos Pa\u00edses Baixos. Abaixo encontrar\u00e1 mais informa\u00e7\u00f5es sobre o transporte de e para o hotel.<\/p><\/div> <\/div> <div  class=\"row spaced-cols content-center-sm\" data-type=\"row\"> <div  class=\"col-xs-12 col-sm-6 col-md-4 \"> <div  class=\"card bottom-border-color1 no-padding no-shadow\">  <div  data-type=\"column\" class=\"col-padding-small col-padding-small-xs description-container\"> <img  decoding=\"async\" class=\"custom-image\" src=\"https:\/\/www.hotelmultatuli.nl\/wp-content\/uploads\/2023\/04\/Train.png\" title=\"Comboio\" alt=\"\">   <h4  class=\"font-500\" style=\"text-align: left;\"><span  style=\"font-weight: 600;\">Comboio a partir de Schiphol<\/span><\/h4><p  class=\"\" style=\"text-align: left;\">No terminal de chegadas de Schiphol, apanhe o comboio para a Esta\u00e7\u00e3o Central de Amesterd\u00e3o. Depois de chegar \u00e0 Esta\u00e7\u00e3o Central, dirija-se \u00e0 entrada principal. Atravesse a Prins Hendrikkade do outro lado da pra\u00e7a da esta\u00e7\u00e3o. Na Prins Hendrikkade, vire \u00e0 direita e encontrar\u00e1 o Hotel Multatuli<\/p><a  class=\"button color4 white-text\" href=\"http:\/\/www.discoverholland.com\/tickets\" target=\"_blank\" data-cp-link=\"1\" data-icon=\"fa-arrow-circle-right\" rel=\"noopener\"><span  class=\"button-icon fa fa-arrow-circle-right\"><\/span>Reservar um bilhete<\/a><div  class=\"social-icons-group\" data-type=\"group\"> <a  href=\"#\" target=\"_self\" data-reiki-hidden=\"true\" rel=\"noopener\"><i  class=\"fa icon fa-facebook-square gray\"><\/i><\/a> <a  href=\"#\" target=\"_self\" data-reiki-hidden=\"true\" rel=\"noopener\"><i  class=\"fa icon fa-twitter-square gray\"><\/i><\/a> <a  href=\"#\" target=\"_self\" data-reiki-hidden=\"true\" rel=\"noopener\"><i  class=\"fa icon fa-linkedin-square gray\"><\/i><\/a> <a  href=\"#\" target=\"_self\" data-reiki-hidden=\"true\" rel=\"noopener\"><i  class=\"fa icon fa-google-plus-square gray\"><\/i><\/a><\/div><\/div><\/div> <\/div> <div  class=\"col-xs-12 col-sm-6 col-md-4 \"> <div  class=\"card bottom-border-color1 no-padding no-shadow\">  <div  data-type=\"column\" class=\"col-padding-small col-padding-small-xs description-container\"> <img  decoding=\"async\" class=\"custom-image\" src=\"https:\/\/www.hotelmultatuli.nl\/wp-content\/uploads\/2023\/04\/Parking.png\" title=\"Estacionamento\" alt=\"\"><h4  class=\"font-500\" style=\"text-align: left;\"><span  style=\"font-weight: 600;\">Estacionar o carro<\/span><\/h4>   <p  class=\"\" style=\"text-align: left;\">Em redor do Hotel Multatuli existem v\u00e1rios parques de estacionamento. Ao clicar na liga\u00e7\u00e3o, receber\u00e1 ofertas especiais de lugares de estacionamento em combina\u00e7\u00e3o com o aluguer de bicicletas ou uma visita a um museu. Tamb\u00e9m \u00e9 poss\u00edvel reservar um lugar de estacionamento com anteced\u00eancia.\n<br >&nbsp;<\/p><a  class=\"button color4 white-text\" href=\"https:\/\/www.q-park.nl\/en-gb\/parking\/amsterdam\/2020-ams-hotel-multatuli?utm_source=hotel&amp;utm_medium=referral&amp;utm_campaign=hotelpass\" target=\"_blank\" data-cp-link=\"1\" data-icon=\"fa-info-circle\" rel=\"noopener\"><span  class=\"button-icon fa fa-info-circle\"><\/span>Qpark<\/a><div  class=\"social-icons-group\" data-type=\"group\"> <a  href=\"#\" target=\"_self\" data-reiki-hidden=\"true\" rel=\"noopener\"><i  class=\"fa icon fa-facebook-square gray\"><\/i><\/a> <a  href=\"#\" target=\"_self\" data-reiki-hidden=\"true\" rel=\"noopener\"><i  class=\"fa icon fa-twitter-square gray\"><\/i><\/a> <a  href=\"#\" target=\"_self\" data-reiki-hidden=\"true\" rel=\"noopener\"><i  class=\"fa icon fa-linkedin-square gray\"><\/i><\/a> <a  href=\"#\" target=\"_self\" data-reiki-hidden=\"true\" rel=\"noopener\"><i  class=\"fa icon fa-google-plus-square gray\"><\/i><\/a><\/div><a  class=\"button color4\" href=\"https:\/\/www.interparking.nl\/en\/parkings\/amsterdam\/ijdock\" target=\"_blank\" data-cp-link=\"1\" data-icon=\"fa-info-circle\"><span  class=\"button-icon fa fa-info-circle\"><\/span>Interparking  <\/a><a  class=\"button color4\" href=\"https:\/\/parkingcentrumoosterdok.nl\" target=\"_blank\" data-cp-link=\"1\" data-icon=\"fa-info-circle\"><span  class=\"button-icon fa fa-info-circle\"><\/span>Estacionamento Centrum Oosterdok<\/a><\/div><\/div> <\/div> <div  class=\"col-xs-12 col-sm-6 col-md-4 \"> <div  class=\"card bottom-border-color1 no-padding no-shadow\">  <div  data-type=\"column\" class=\"col-padding-small col-padding-small-xs description-container\"> <img  decoding=\"async\" class=\"custom-image\" src=\"https:\/\/www.hotelmultatuli.nl\/wp-content\/uploads\/2023\/04\/Taxi.png\" title=\"T\u00e1xi\" alt=\"\"><h4  class=\"font-500\" style=\"text-align: left;\"><span  style=\"font-weight: 600;\">T\u00e1xi a partir de Schiphol<\/span><\/h4>   <p  class=\"\" style=\"text-align: left;\">Reserve a sua viagem online. F\u00e1cil, r\u00e1pido e seguro.\n<br ><br >O Schiphol Travel Taxi \u00e9 um servi\u00e7o de t\u00e1xi que transporta os passageiros da porta de casa para a sala de partidas do aeroporto, 24 horas por dia, 7 dias por semana.\n<br >&nbsp;<\/p><a  class=\"button color4 white-text\" href=\"https:\/\/booking.schipholtraveltaxi.nl\" target=\"_blank\" data-cp-link=\"1\" data-icon=\"fa-arrow-circle-right\" rel=\"noopener\"><span  class=\"button-icon fa fa-arrow-circle-right\"><\/span>Reservar um t\u00e1xi<\/a><div  class=\"social-icons-group\" data-type=\"group\"> <a  href=\"#\" target=\"_self\" data-reiki-hidden=\"true\" rel=\"noopener\"><i  class=\"fa icon fa-facebook-square gray\"><\/i><\/a> <a  href=\"#\" target=\"_self\" data-reiki-hidden=\"true\" rel=\"noopener\"><i  class=\"fa icon fa-twitter-square gray\"><\/i><\/a> <a  href=\"#\" target=\"_self\" data-reiki-hidden=\"true\" rel=\"noopener\"><i  class=\"fa icon fa-linkedin-square gray\"><\/i><\/a> <a  href=\"#\" target=\"_self\" data-reiki-hidden=\"true\" rel=\"noopener\"><i  class=\"fa icon fa-google-plus-square gray\"><\/i><\/a><\/div><\/div><\/div> <\/div>     <\/div> <\/div><\/div><div  data-label=\"Book With Us\" data-id=\"cta--1\" data-export-id=\"cta-blue-section\" data-category=\"cta\" class=\"cta-blue-section content-section content-section-spacing-medium bg-color1 white-text\" id=\"book-with-us\"><div  class=\"gridContainer\"> <div  class=\"row middle-xs\"><div  class=\"col-sm-8 space-bottom-xs\" data-type=\"column\"><h3  class=\"\"><span  style=\"font-weight: 400;\">Reserva connosco e obt\u00e9m 10% de desconto na tua estadia<\/span><\/h3>  <\/div> <div  class=\"col-sm-4 end-sm\" data-type=\"column\"> <a  class=\"button color4 white-text\" href=\"https:\/\/ibe2.smarthotel.nl\/?id=41da65c8-6f1f-4bb1-977c-dd21cf1e89e0&#038;segment=Hotel&#038;promocode=MULTATULI\" target=\"_blank\" data-cp-link=\"1\" data-icon=\"fa-arrow-circle-right\" rel=\"noopener\"><span class=\"button-icon fa fa-arrow-circle-right\" ><\/span>Reserva agora<\/a><\/div> <\/div><\/div> <\/div><div  data-label=\"Top Footer\" data-id=\"clients--1\" data-export-id=\"clients-1\" data-category=\"clients\" class=\"clients-1 content-section content-section-spacing\" id=\"top-footer\" style=\"background-color: rgb(255, 255, 255);\"><div  class=\"gridContainer\"> <div  class=\"row middle-sm\"><div  data-type=\"column\" class=\"col-sm-6 space-bottom-xs\"><img  decoding=\"async\" class=\"custom-image\" src=\"https:\/\/www.hotelmultatuli.nl\/wp-content\/uploads\/2022\/11\/Keurmerk-3-Ster-Superior-Zwart-1-e1668187604616.png\" title=\"Keurmerk-3-Ster-Superior-Zwart\" alt=\"\">  <\/div> <div  class=\"col-sm-6\"><div  data-type=\"row\" class=\"row spaced-cols center-xs padding-lr\"> <div  class=\"col-xs-3 col-md-2\"> <img  decoding=\"async\" src=\"https:\/\/www.hotelmultatuli.nl\/wp-content\/uploads\/2023\/04\/cropped-8385-ideal_102481.png\" class=\"desaturate\" title=\"cropped-8385-ideal_102481.png\" alt=\"\"><\/div><div  class=\"col-xs-3 col-md-2\"> <img  decoding=\"async\" src=\"https:\/\/www.hotelmultatuli.nl\/wp-content\/uploads\/2023\/04\/Sofort-klarna-logo.svg_.png\" class=\"desaturate\" title=\"Sofort-klarna-logo.svg\" alt=\"\"><\/div><div  class=\"col-xs-3 col-md-2\"> <img  decoding=\"async\" src=\"https:\/\/www.hotelmultatuli.nl\/wp-content\/uploads\/2023\/04\/1280px-Bancontact_logo.svg_.png\" class=\"desaturate\" title=\"1280px-Bancontacto_logo.svg\" alt=\"\"><\/div><div  class=\"col-xs-3 col-md-2\"> <img  decoding=\"async\" src=\"https:\/\/www.hotelmultatuli.nl\/wp-content\/uploads\/2022\/11\/Mastercard_new_logo-1200x865-1.jpg\" class=\"desaturate\" title=\"Mastercard_new_logo-1200x865\" alt=\"\"><\/div> <div  class=\"col-xs-3 col-md-2\"> <img  decoding=\"async\" src=\"https:\/\/www.hotelmultatuli.nl\/wp-content\/uploads\/2023\/04\/Maestro_logo.png\" class=\"desaturate\" title=\"Maestro_logo\" alt=\"\"><\/div><div  class=\"col-xs-3 col-md-2\"> <img  decoding=\"async\" src=\"https:\/\/www.hotelmultatuli.nl\/wp-content\/uploads\/2022\/11\/visa-logo-800x450-1.webp\" class=\"desaturate\" title=\"log\u00f3tipo do visto-800x450\" alt=\"\"><\/div> <div  class=\"col-xs-3 col-md-2\"> <img  decoding=\"async\" src=\"https:\/\/www.hotelmultatuli.nl\/wp-content\/uploads\/2022\/11\/4-you-might-not-notice-amex-new-brand.webp\" class=\"desaturate\" title=\"4-podes-n\u00e3o-not\u00edcia-amex-nova-marca\" alt=\"\"><\/div>  <div  class=\"col-xs-3 col-md-2\"> <img  decoding=\"async\" src=\"https:\/\/www.hotelmultatuli.nl\/wp-content\/uploads\/2023\/04\/Diners_Club_International-logo-EF50D35BE8-seeklogo.com_.png\" class=\"desaturate\" title=\"Diners_Club_International-logo-EF50D35BE8-seeklogo.com\" alt=\"\"><\/div><div  class=\"col-xs-3 col-md-2\"> <img  decoding=\"async\" src=\"https:\/\/www.hotelmultatuli.nl\/wp-content\/uploads\/2023\/04\/Discover_Card-logo-4BC5D7C02C-seeklogo.com_.png\" class=\"desaturate\" title=\"Descobre_Card-logo-4BC5D7C02C-seeklogo.com\" alt=\"\"><\/div><div  class=\"col-xs-3 col-md-2\"> <img  decoding=\"async\" src=\"https:\/\/www.hotelmultatuli.nl\/wp-content\/uploads\/2022\/11\/2560px-JCB_logo.svg_.png\" class=\"desaturate\" title=\"2560px-JCB_logo.svg\" alt=\"\"><\/div><\/div><\/div> <\/div><\/div> <\/div>","protected":false},"excerpt":{"rendered":"<p>Planear a sua viagem O Hotel Multatuli est\u00e1 situado a poucos minutos a p\u00e9 da Esta\u00e7\u00e3o Central de Amesterd\u00e3o. A partir daqui, encontrar\u00e1 transportes por comboio, metro, el\u00e9ctrico e autocarro para qualquer local dentro ou fora dos Pa\u00edses Baixos. Abaixo encontrar\u00e1 mais informa\u00e7\u00f5es sobre o transporte de e para o hotel. Comboio a partir de&hellip; <br \/> <a class=\"read-more\" href=\"https:\/\/www.hotelmultatuli.nl\/pt-pt\/localizacao\/\">Read more<\/a><\/p>\n","protected":false},"author":1,"featured_media":0,"parent":0,"menu_order":0,"comment_status":"closed","ping_status":"closed","template":"pro\/page-templates\/full-width-page.php","meta":{"footnotes":""},"class_list":["post-934","page","type-page","status-publish","hentry"],"yoast_head":"<!-- This site is optimized with the Yoast SEO plugin v27.4 - https:\/\/yoast.com\/product\/yoast-seo-wordpress\/ -->\n<title>Localiza\u00e7\u00e3o - Hotel Multatuli<\/title>\n<meta name=\"robots\" content=\"index, follow, max-snippet:-1, max-image-preview:large, max-video-preview:-1\" \/>\n<link rel=\"canonical\" href=\"https:\/\/www.hotelmultatuli.nl\/pt-pt\/localizacao\/\" \/>\n<meta property=\"og:locale\" content=\"pt_PT\" \/>\n<meta property=\"og:type\" content=\"article\" \/>\n<meta property=\"og:title\" content=\"Localiza\u00e7\u00e3o - Hotel Multatuli\" \/>\n<meta property=\"og:description\" content=\"Planear a sua viagem O Hotel Multatuli est\u00e1 situado a poucos minutos a p\u00e9 da Esta\u00e7\u00e3o Central de Amesterd\u00e3o. A partir daqui, encontrar\u00e1 transportes por comboio, metro, el\u00e9ctrico e autocarro para qualquer local dentro ou fora dos Pa\u00edses Baixos. Abaixo encontrar\u00e1 mais informa\u00e7\u00f5es sobre o transporte de e para o hotel. Comboio a partir de&hellip; Read more\" \/>\n<meta property=\"og:url\" content=\"https:\/\/www.hotelmultatuli.nl\/pt-pt\/localizacao\/\" \/>\n<meta property=\"og:site_name\" content=\"Hotel Multatuli\" \/>\n<meta property=\"article:modified_time\" content=\"2026-01-05T23:36:08+00:00\" \/>\n<meta property=\"og:image\" content=\"https:\/\/www.hotelmultatuli.nl\/wp-content\/uploads\/2023\/04\/Train.png\" \/>\n<meta name=\"twitter:card\" content=\"summary_large_image\" \/>\n<meta name=\"twitter:label1\" content=\"Tempo estimado de leitura\" \/>\n\t<meta name=\"twitter:data1\" content=\"1 minuto\" \/>\n<script type=\"application\/ld+json\" class=\"yoast-schema-graph\">{\"@context\":\"https:\\\/\\\/schema.org\",\"@graph\":[{\"@type\":\"WebPage\",\"@id\":\"https:\\\/\\\/www.hotelmultatuli.nl\\\/pt-pt\\\/localizacao\\\/\",\"url\":\"https:\\\/\\\/www.hotelmultatuli.nl\\\/pt-pt\\\/localizacao\\\/\",\"name\":\"Localiza\u00e7\u00e3o - Hotel Multatuli\",\"isPartOf\":{\"@id\":\"https:\\\/\\\/www.hotelmultatuli.nl\\\/pt-pt\\\/#website\"},\"primaryImageOfPage\":{\"@id\":\"https:\\\/\\\/www.hotelmultatuli.nl\\\/pt-pt\\\/localizacao\\\/#primaryimage\"},\"image\":{\"@id\":\"https:\\\/\\\/www.hotelmultatuli.nl\\\/pt-pt\\\/localizacao\\\/#primaryimage\"},\"thumbnailUrl\":\"https:\\\/\\\/www.hotelmultatuli.nl\\\/wp-content\\\/uploads\\\/2023\\\/04\\\/Train.png\",\"datePublished\":\"2022-11-11T17:47:51+00:00\",\"dateModified\":\"2026-01-05T23:36:08+00:00\",\"breadcrumb\":{\"@id\":\"https:\\\/\\\/www.hotelmultatuli.nl\\\/pt-pt\\\/localizacao\\\/#breadcrumb\"},\"inLanguage\":\"pt-PT\",\"potentialAction\":[{\"@type\":\"ReadAction\",\"target\":[\"https:\\\/\\\/www.hotelmultatuli.nl\\\/pt-pt\\\/localizacao\\\/\"]}]},{\"@type\":\"ImageObject\",\"inLanguage\":\"pt-PT\",\"@id\":\"https:\\\/\\\/www.hotelmultatuli.nl\\\/pt-pt\\\/localizacao\\\/#primaryimage\",\"url\":\"https:\\\/\\\/www.hotelmultatuli.nl\\\/wp-content\\\/uploads\\\/2023\\\/04\\\/Train.png\",\"contentUrl\":\"https:\\\/\\\/www.hotelmultatuli.nl\\\/wp-content\\\/uploads\\\/2023\\\/04\\\/Train.png\"},{\"@type\":\"BreadcrumbList\",\"@id\":\"https:\\\/\\\/www.hotelmultatuli.nl\\\/pt-pt\\\/localizacao\\\/#breadcrumb\",\"itemListElement\":[{\"@type\":\"ListItem\",\"position\":1,\"name\":\"Home\",\"item\":\"https:\\\/\\\/www.hotelmultatuli.nl\\\/pt-pt\\\/\"},{\"@type\":\"ListItem\",\"position\":2,\"name\":\"Localiza\u00e7\u00e3o\"}]},{\"@type\":\"WebSite\",\"@id\":\"https:\\\/\\\/www.hotelmultatuli.nl\\\/pt-pt\\\/#website\",\"url\":\"https:\\\/\\\/www.hotelmultatuli.nl\\\/pt-pt\\\/\",\"name\":\"Hotel Multatuli\",\"description\":\"Amsterdam\",\"publisher\":{\"@id\":\"https:\\\/\\\/www.hotelmultatuli.nl\\\/pt-pt\\\/#organization\"},\"potentialAction\":[{\"@type\":\"SearchAction\",\"target\":{\"@type\":\"EntryPoint\",\"urlTemplate\":\"https:\\\/\\\/www.hotelmultatuli.nl\\\/pt-pt\\\/?s={search_term_string}\"},\"query-input\":{\"@type\":\"PropertyValueSpecification\",\"valueRequired\":true,\"valueName\":\"search_term_string\"}}],\"inLanguage\":\"pt-PT\"},{\"@type\":\"Organization\",\"@id\":\"https:\\\/\\\/www.hotelmultatuli.nl\\\/pt-pt\\\/#organization\",\"name\":\"Hotel Multatuli\",\"url\":\"https:\\\/\\\/www.hotelmultatuli.nl\\\/pt-pt\\\/\",\"logo\":{\"@type\":\"ImageObject\",\"inLanguage\":\"pt-PT\",\"@id\":\"https:\\\/\\\/www.hotelmultatuli.nl\\\/pt-pt\\\/#\\\/schema\\\/logo\\\/image\\\/\",\"url\":\"https:\\\/\\\/www.hotelmultatuli.nl\\\/wp-content\\\/uploads\\\/2022\\\/09\\\/logo-multatuli-hotel.png\",\"contentUrl\":\"https:\\\/\\\/www.hotelmultatuli.nl\\\/wp-content\\\/uploads\\\/2022\\\/09\\\/logo-multatuli-hotel.png\",\"width\":300,\"height\":69,\"caption\":\"Hotel Multatuli\"},\"image\":{\"@id\":\"https:\\\/\\\/www.hotelmultatuli.nl\\\/pt-pt\\\/#\\\/schema\\\/logo\\\/image\\\/\"}}]}<\/script>\n<!-- \/ Yoast SEO plugin. -->","yoast_head_json":{"title":"Localiza\u00e7\u00e3o - Hotel Multatuli","robots":{"index":"index","follow":"follow","max-snippet":"max-snippet:-1","max-image-preview":"max-image-preview:large","max-video-preview":"max-video-preview:-1"},"canonical":"https:\/\/www.hotelmultatuli.nl\/pt-pt\/localizacao\/","og_locale":"pt_PT","og_type":"article","og_title":"Localiza\u00e7\u00e3o - Hotel Multatuli","og_description":"Planear a sua viagem O Hotel Multatuli est\u00e1 situado a poucos minutos a p\u00e9 da Esta\u00e7\u00e3o Central de Amesterd\u00e3o. A partir daqui, encontrar\u00e1 transportes por comboio, metro, el\u00e9ctrico e autocarro para qualquer local dentro ou fora dos Pa\u00edses Baixos. Abaixo encontrar\u00e1 mais informa\u00e7\u00f5es sobre o transporte de e para o hotel. Comboio a partir de&hellip; Read more","og_url":"https:\/\/www.hotelmultatuli.nl\/pt-pt\/localizacao\/","og_site_name":"Hotel Multatuli","article_modified_time":"2026-01-05T23:36:08+00:00","og_image":[{"url":"https:\/\/www.hotelmultatuli.nl\/wp-content\/uploads\/2023\/04\/Train.png","type":"","width":"","height":""}],"twitter_card":"summary_large_image","twitter_misc":{"Tempo estimado de leitura":"1 minuto"},"schema":{"@context":"https:\/\/schema.org","@graph":[{"@type":"WebPage","@id":"https:\/\/www.hotelmultatuli.nl\/pt-pt\/localizacao\/","url":"https:\/\/www.hotelmultatuli.nl\/pt-pt\/localizacao\/","name":"Localiza\u00e7\u00e3o - Hotel Multatuli","isPartOf":{"@id":"https:\/\/www.hotelmultatuli.nl\/pt-pt\/#website"},"primaryImageOfPage":{"@id":"https:\/\/www.hotelmultatuli.nl\/pt-pt\/localizacao\/#primaryimage"},"image":{"@id":"https:\/\/www.hotelmultatuli.nl\/pt-pt\/localizacao\/#primaryimage"},"thumbnailUrl":"https:\/\/www.hotelmultatuli.nl\/wp-content\/uploads\/2023\/04\/Train.png","datePublished":"2022-11-11T17:47:51+00:00","dateModified":"2026-01-05T23:36:08+00:00","breadcrumb":{"@id":"https:\/\/www.hotelmultatuli.nl\/pt-pt\/localizacao\/#breadcrumb"},"inLanguage":"pt-PT","potentialAction":[{"@type":"ReadAction","target":["https:\/\/www.hotelmultatuli.nl\/pt-pt\/localizacao\/"]}]},{"@type":"ImageObject","inLanguage":"pt-PT","@id":"https:\/\/www.hotelmultatuli.nl\/pt-pt\/localizacao\/#primaryimage","url":"https:\/\/www.hotelmultatuli.nl\/wp-content\/uploads\/2023\/04\/Train.png","contentUrl":"https:\/\/www.hotelmultatuli.nl\/wp-content\/uploads\/2023\/04\/Train.png"},{"@type":"BreadcrumbList","@id":"https:\/\/www.hotelmultatuli.nl\/pt-pt\/localizacao\/#breadcrumb","itemListElement":[{"@type":"ListItem","position":1,"name":"Home","item":"https:\/\/www.hotelmultatuli.nl\/pt-pt\/"},{"@type":"ListItem","position":2,"name":"Localiza\u00e7\u00e3o"}]},{"@type":"WebSite","@id":"https:\/\/www.hotelmultatuli.nl\/pt-pt\/#website","url":"https:\/\/www.hotelmultatuli.nl\/pt-pt\/","name":"Hotel Multatuli","description":"Amsterdam","publisher":{"@id":"https:\/\/www.hotelmultatuli.nl\/pt-pt\/#organization"},"potentialAction":[{"@type":"SearchAction","target":{"@type":"EntryPoint","urlTemplate":"https:\/\/www.hotelmultatuli.nl\/pt-pt\/?s={search_term_string}"},"query-input":{"@type":"PropertyValueSpecification","valueRequired":true,"valueName":"search_term_string"}}],"inLanguage":"pt-PT"},{"@type":"Organization","@id":"https:\/\/www.hotelmultatuli.nl\/pt-pt\/#organization","name":"Hotel Multatuli","url":"https:\/\/www.hotelmultatuli.nl\/pt-pt\/","logo":{"@type":"ImageObject","inLanguage":"pt-PT","@id":"https:\/\/www.hotelmultatuli.nl\/pt-pt\/#\/schema\/logo\/image\/","url":"https:\/\/www.hotelmultatuli.nl\/wp-content\/uploads\/2022\/09\/logo-multatuli-hotel.png","contentUrl":"https:\/\/www.hotelmultatuli.nl\/wp-content\/uploads\/2022\/09\/logo-multatuli-hotel.png","width":300,"height":69,"caption":"Hotel Multatuli"},"image":{"@id":"https:\/\/www.hotelmultatuli.nl\/pt-pt\/#\/schema\/logo\/image\/"}}]}},"_links":{"self":[{"href":"https:\/\/www.hotelmultatuli.nl\/pt-pt\/wp-json\/wp\/v2\/pages\/934","targetHints":{"allow":["GET"]}}],"collection":[{"href":"https:\/\/www.hotelmultatuli.nl\/pt-pt\/wp-json\/wp\/v2\/pages"}],"about":[{"href":"https:\/\/www.hotelmultatuli.nl\/pt-pt\/wp-json\/wp\/v2\/types\/page"}],"author":[{"embeddable":true,"href":"https:\/\/www.hotelmultatuli.nl\/pt-pt\/wp-json\/wp\/v2\/users\/1"}],"replies":[{"embeddable":true,"href":"https:\/\/www.hotelmultatuli.nl\/pt-pt\/wp-json\/wp\/v2\/comments?post=934"}],"version-history":[{"count":7,"href":"https:\/\/www.hotelmultatuli.nl\/pt-pt\/wp-json\/wp\/v2\/pages\/934\/revisions"}],"predecessor-version":[{"id":2323,"href":"https:\/\/www.hotelmultatuli.nl\/pt-pt\/wp-json\/wp\/v2\/pages\/934\/revisions\/2323"}],"wp:attachment":[{"href":"https:\/\/www.hotelmultatuli.nl\/pt-pt\/wp-json\/wp\/v2\/media?parent=934"}],"curies":[{"name":"wp","href":"https:\/\/api.w.org\/{rel}","templated":true}]}}