{"id":967,"date":"2023-02-05T18:55:47","date_gmt":"2023-02-05T18:55:47","guid":{"rendered":"https:\/\/www.hotelmultatuli.nl\/politica-di-prenotazione-e-cancellazione\/"},"modified":"2026-01-01T22:16:07","modified_gmt":"2026-01-01T22:16:07","slug":"politica-di-prenotazione-e-cancellazione","status":"publish","type":"page","link":"https:\/\/www.hotelmultatuli.nl\/it\/politica-di-prenotazione-e-cancellazione\/","title":{"rendered":"Politica di prenotazione e cancellazione"},"content":{"rendered":"<div data-id=\"initial-content-section\" data-export-id=\"initial-content-section\" data-label=\"Initial Content\" id=\"initial-content-section\" class=\"content-section content-section-spacing\">\n   <div class=\"gridContainer\">\n     <div class=\"row\">\n\n        <div class=\"col-xs-12 col-sm-12\">                <p><\/p>\n<p><strong>Politica di prenotazione e cancellazione<\/strong><\/p>\n<p><\/p>\n<p><\/p>\n<p><span style=\"font-weight: 600;\">Prenotazioni<\/span><\/p>\n<p><\/p>\n<p><\/p>\n<p>Per prenotare una o pi\u00f9 camere \u00e8 necessario fornire i dati della carta di credito. Questi dati consentono al nostro hotel di richiedere l&#8217;autorizzazione da parte della societ\u00e0 di carte di credito. Si tratta di una procedura standard per certificare che i limiti di credito consentano di far fronte alle spese potenziali. Alcune societ\u00e0 di carte di credito informano i titolari delle carte sulle richieste di autorizzazione. In questo caso l&#8217;estratto conto bancario potrebbe riportare una limitazione temporanea del credito massimo fino all&#8217;importo della prenotazione. Tuttavia, questa limitazione non costituisce un pagamento. Il pagamento vero e proprio viene effettuato al momento della registrazione all&#8217;arrivo in hotel. A questo punto si pu\u00f2 decidere di utilizzare la carta di credito convalidandone le spese. Se scegliete di pagare in contanti o con un pin, la limitazione del vostro credito massimo sar\u00e0 annullata immediatamente.<\/p>\n<p><\/p>\n<p><\/p>\n<p>All&#8217;arrivo \u00e8 richiesto il pagamento del numero di notti prenotate. I prezzi includono la prima colazione. Al conto verr\u00e0 aggiunta una tassa di soggiorno del 12,50%. I nostri addetti alla reception accettano pagamenti con carta di credito, pin o contanti.<\/p>\n<p><\/p>\n<p><\/p>\n<p>L&#8217;Hotel Multatuli non accetta prenotazioni per gruppi superiori a 7 persone o prenotazioni per pi\u00f9 di 3 camere.<\/p>\n<p><\/p>\n<p><\/p>\n<p>La vostra camera \u00e8 disponibile dalle ore 13.00 del giorno di arrivo. Siete pregati di liberare la camera entro le ore 11.00 del giorno di partenza.<\/p>\n<p><\/p>\n<p><\/p>\n<p><span style=\"font-weight: 600;\">Modifica della prenotazione<\/span><\/p>\n<p><\/p>\n<p><\/p>\n<p>Se desiderate cancellare o modificare la vostra prenotazione, potete farlo gratuitamente fino a 48 ore prima delle ore 00.00 (CET) del giorno di arrivo concordato. Riceverete un&#8217;e-mail per confermare la nuova prenotazione o la cancellazione.<\/p>\n<p><\/p>\n<p><\/p>\n<p><span style=\"font-weight: 600;\">Cancellazione<\/span><\/p>\n<p><\/p>\n<p><\/p>\n<p>Se siete costretti a cancellare, potete farlo utilizzando la funzione di cancellazione online o contattando direttamente l&#8217;hotel. La cancellazione \u00e8 gratuita fino a 48 ore prima delle ore 00.00 (CET) della data di arrivo concordata. Le cancellazioni effettuate entro 48 ore dall&#8217;arrivo previsto comportano l&#8217;addebito dell&#8217;importo della prima notte. Per le prenotazioni non cancellate verr\u00e0 addebitato anche l&#8217;importo della prima notte. L&#8217;hotel addebiter\u00e0 il costo sulla carta di credito e confermer\u00e0 la cancellazione e il pagamento via e-mail.<\/p>\n<p><\/p>\n<p><\/p>\n<p><\/p>\n<p><\/p>\n<p><\/p>\n<p><\/p>\n<p><\/p>\n<p><\/p>\n<p><\/p>\n<p><\/p>\n\n          <\/div>\n      <\/div>\n  <\/div>\n<\/div>","protected":false},"excerpt":{"rendered":"<p>Politica di prenotazione e cancellazione Prenotazioni Per prenotare una o pi\u00f9 camere \u00e8 necessario fornire i dati della carta di credito. Questi dati consentono al nostro hotel di richiedere l&#8217;autorizzazione da parte della societ\u00e0 di carte di credito. Si tratta di una procedura standard per certificare che i limiti di credito consentano di far fronte&hellip; <br \/> <a class=\"read-more\" href=\"https:\/\/www.hotelmultatuli.nl\/it\/politica-di-prenotazione-e-cancellazione\/\">Read more<\/a><\/p>\n","protected":false},"author":1,"featured_media":0,"parent":0,"menu_order":0,"comment_status":"closed","ping_status":"closed","template":"pro\/page-templates\/full-width-page.php","meta":{"footnotes":""},"class_list":["post-967","page","type-page","status-publish","hentry"],"yoast_head":"<!-- This site is optimized with the Yoast SEO plugin v27.5 - https:\/\/yoast.com\/product\/yoast-seo-wordpress\/ -->\n<title>Politica di prenotazione e cancellazione - Hotel Multatuli<\/title>\n<meta name=\"robots\" content=\"index, follow, max-snippet:-1, max-image-preview:large, max-video-preview:-1\" \/>\n<link rel=\"canonical\" href=\"https:\/\/www.hotelmultatuli.nl\/it\/politica-di-prenotazione-e-cancellazione\/\" \/>\n<meta property=\"og:locale\" content=\"it_IT\" \/>\n<meta property=\"og:type\" content=\"article\" \/>\n<meta property=\"og:title\" content=\"Politica di prenotazione e cancellazione - Hotel Multatuli\" \/>\n<meta property=\"og:description\" content=\"Politica di prenotazione e cancellazione Prenotazioni Per prenotare una o pi\u00f9 camere \u00e8 necessario fornire i dati della carta di credito. Questi dati consentono al nostro hotel di richiedere l&#8217;autorizzazione da parte della societ\u00e0 di carte di credito. Si tratta di una procedura standard per certificare che i limiti di credito consentano di far fronte&hellip; Read more\" \/>\n<meta property=\"og:url\" content=\"https:\/\/www.hotelmultatuli.nl\/it\/politica-di-prenotazione-e-cancellazione\/\" \/>\n<meta property=\"og:site_name\" content=\"Hotel Multatuli\" \/>\n<meta property=\"article:modified_time\" content=\"2026-01-01T22:16:07+00:00\" \/>\n<meta name=\"twitter:card\" content=\"summary_large_image\" \/>\n<meta name=\"twitter:label1\" content=\"Tempo di lettura stimato\" \/>\n\t<meta name=\"twitter:data1\" content=\"2 minuti\" \/>\n<script type=\"application\/ld+json\" class=\"yoast-schema-graph\">{\"@context\":\"https:\\\/\\\/schema.org\",\"@graph\":[{\"@type\":\"WebPage\",\"@id\":\"https:\\\/\\\/www.hotelmultatuli.nl\\\/it\\\/politica-di-prenotazione-e-cancellazione\\\/\",\"url\":\"https:\\\/\\\/www.hotelmultatuli.nl\\\/it\\\/politica-di-prenotazione-e-cancellazione\\\/\",\"name\":\"Politica di prenotazione e cancellazione - Hotel Multatuli\",\"isPartOf\":{\"@id\":\"https:\\\/\\\/www.hotelmultatuli.nl\\\/it\\\/#website\"},\"datePublished\":\"2023-02-05T18:55:47+00:00\",\"dateModified\":\"2026-01-01T22:16:07+00:00\",\"breadcrumb\":{\"@id\":\"https:\\\/\\\/www.hotelmultatuli.nl\\\/it\\\/politica-di-prenotazione-e-cancellazione\\\/#breadcrumb\"},\"inLanguage\":\"it-IT\",\"potentialAction\":[{\"@type\":\"ReadAction\",\"target\":[\"https:\\\/\\\/www.hotelmultatuli.nl\\\/it\\\/politica-di-prenotazione-e-cancellazione\\\/\"]}]},{\"@type\":\"BreadcrumbList\",\"@id\":\"https:\\\/\\\/www.hotelmultatuli.nl\\\/it\\\/politica-di-prenotazione-e-cancellazione\\\/#breadcrumb\",\"itemListElement\":[{\"@type\":\"ListItem\",\"position\":1,\"name\":\"Home\",\"item\":\"https:\\\/\\\/www.hotelmultatuli.nl\\\/it\\\/\"},{\"@type\":\"ListItem\",\"position\":2,\"name\":\"Politica di prenotazione e cancellazione\"}]},{\"@type\":\"WebSite\",\"@id\":\"https:\\\/\\\/www.hotelmultatuli.nl\\\/it\\\/#website\",\"url\":\"https:\\\/\\\/www.hotelmultatuli.nl\\\/it\\\/\",\"name\":\"Hotel Multatuli\",\"description\":\"Amsterdam\",\"publisher\":{\"@id\":\"https:\\\/\\\/www.hotelmultatuli.nl\\\/it\\\/#organization\"},\"potentialAction\":[{\"@type\":\"SearchAction\",\"target\":{\"@type\":\"EntryPoint\",\"urlTemplate\":\"https:\\\/\\\/www.hotelmultatuli.nl\\\/it\\\/?s={search_term_string}\"},\"query-input\":{\"@type\":\"PropertyValueSpecification\",\"valueRequired\":true,\"valueName\":\"search_term_string\"}}],\"inLanguage\":\"it-IT\"},{\"@type\":\"Organization\",\"@id\":\"https:\\\/\\\/www.hotelmultatuli.nl\\\/it\\\/#organization\",\"name\":\"Hotel Multatuli\",\"url\":\"https:\\\/\\\/www.hotelmultatuli.nl\\\/it\\\/\",\"logo\":{\"@type\":\"ImageObject\",\"inLanguage\":\"it-IT\",\"@id\":\"https:\\\/\\\/www.hotelmultatuli.nl\\\/it\\\/#\\\/schema\\\/logo\\\/image\\\/\",\"url\":\"https:\\\/\\\/www.hotelmultatuli.nl\\\/wp-content\\\/uploads\\\/2022\\\/09\\\/logo-multatuli-hotel.png\",\"contentUrl\":\"https:\\\/\\\/www.hotelmultatuli.nl\\\/wp-content\\\/uploads\\\/2022\\\/09\\\/logo-multatuli-hotel.png\",\"width\":300,\"height\":69,\"caption\":\"Hotel Multatuli\"},\"image\":{\"@id\":\"https:\\\/\\\/www.hotelmultatuli.nl\\\/it\\\/#\\\/schema\\\/logo\\\/image\\\/\"}}]}<\/script>\n<!-- \/ Yoast SEO plugin. -->","yoast_head_json":{"title":"Politica di prenotazione e cancellazione - Hotel Multatuli","robots":{"index":"index","follow":"follow","max-snippet":"max-snippet:-1","max-image-preview":"max-image-preview:large","max-video-preview":"max-video-preview:-1"},"canonical":"https:\/\/www.hotelmultatuli.nl\/it\/politica-di-prenotazione-e-cancellazione\/","og_locale":"it_IT","og_type":"article","og_title":"Politica di prenotazione e cancellazione - Hotel Multatuli","og_description":"Politica di prenotazione e cancellazione Prenotazioni Per prenotare una o pi\u00f9 camere \u00e8 necessario fornire i dati della carta di credito. Questi dati consentono al nostro hotel di richiedere l&#8217;autorizzazione da parte della societ\u00e0 di carte di credito. Si tratta di una procedura standard per certificare che i limiti di credito consentano di far fronte&hellip; Read more","og_url":"https:\/\/www.hotelmultatuli.nl\/it\/politica-di-prenotazione-e-cancellazione\/","og_site_name":"Hotel Multatuli","article_modified_time":"2026-01-01T22:16:07+00:00","twitter_card":"summary_large_image","twitter_misc":{"Tempo di lettura stimato":"2 minuti"},"schema":{"@context":"https:\/\/schema.org","@graph":[{"@type":"WebPage","@id":"https:\/\/www.hotelmultatuli.nl\/it\/politica-di-prenotazione-e-cancellazione\/","url":"https:\/\/www.hotelmultatuli.nl\/it\/politica-di-prenotazione-e-cancellazione\/","name":"Politica di prenotazione e cancellazione - Hotel Multatuli","isPartOf":{"@id":"https:\/\/www.hotelmultatuli.nl\/it\/#website"},"datePublished":"2023-02-05T18:55:47+00:00","dateModified":"2026-01-01T22:16:07+00:00","breadcrumb":{"@id":"https:\/\/www.hotelmultatuli.nl\/it\/politica-di-prenotazione-e-cancellazione\/#breadcrumb"},"inLanguage":"it-IT","potentialAction":[{"@type":"ReadAction","target":["https:\/\/www.hotelmultatuli.nl\/it\/politica-di-prenotazione-e-cancellazione\/"]}]},{"@type":"BreadcrumbList","@id":"https:\/\/www.hotelmultatuli.nl\/it\/politica-di-prenotazione-e-cancellazione\/#breadcrumb","itemListElement":[{"@type":"ListItem","position":1,"name":"Home","item":"https:\/\/www.hotelmultatuli.nl\/it\/"},{"@type":"ListItem","position":2,"name":"Politica di prenotazione e cancellazione"}]},{"@type":"WebSite","@id":"https:\/\/www.hotelmultatuli.nl\/it\/#website","url":"https:\/\/www.hotelmultatuli.nl\/it\/","name":"Hotel Multatuli","description":"Amsterdam","publisher":{"@id":"https:\/\/www.hotelmultatuli.nl\/it\/#organization"},"potentialAction":[{"@type":"SearchAction","target":{"@type":"EntryPoint","urlTemplate":"https:\/\/www.hotelmultatuli.nl\/it\/?s={search_term_string}"},"query-input":{"@type":"PropertyValueSpecification","valueRequired":true,"valueName":"search_term_string"}}],"inLanguage":"it-IT"},{"@type":"Organization","@id":"https:\/\/www.hotelmultatuli.nl\/it\/#organization","name":"Hotel Multatuli","url":"https:\/\/www.hotelmultatuli.nl\/it\/","logo":{"@type":"ImageObject","inLanguage":"it-IT","@id":"https:\/\/www.hotelmultatuli.nl\/it\/#\/schema\/logo\/image\/","url":"https:\/\/www.hotelmultatuli.nl\/wp-content\/uploads\/2022\/09\/logo-multatuli-hotel.png","contentUrl":"https:\/\/www.hotelmultatuli.nl\/wp-content\/uploads\/2022\/09\/logo-multatuli-hotel.png","width":300,"height":69,"caption":"Hotel Multatuli"},"image":{"@id":"https:\/\/www.hotelmultatuli.nl\/it\/#\/schema\/logo\/image\/"}}]}},"_links":{"self":[{"href":"https:\/\/www.hotelmultatuli.nl\/it\/wp-json\/wp\/v2\/pages\/967","targetHints":{"allow":["GET"]}}],"collection":[{"href":"https:\/\/www.hotelmultatuli.nl\/it\/wp-json\/wp\/v2\/pages"}],"about":[{"href":"https:\/\/www.hotelmultatuli.nl\/it\/wp-json\/wp\/v2\/types\/page"}],"author":[{"embeddable":true,"href":"https:\/\/www.hotelmultatuli.nl\/it\/wp-json\/wp\/v2\/users\/1"}],"replies":[{"embeddable":true,"href":"https:\/\/www.hotelmultatuli.nl\/it\/wp-json\/wp\/v2\/comments?post=967"}],"version-history":[{"count":2,"href":"https:\/\/www.hotelmultatuli.nl\/it\/wp-json\/wp\/v2\/pages\/967\/revisions"}],"predecessor-version":[{"id":2247,"href":"https:\/\/www.hotelmultatuli.nl\/it\/wp-json\/wp\/v2\/pages\/967\/revisions\/2247"}],"wp:attachment":[{"href":"https:\/\/www.hotelmultatuli.nl\/it\/wp-json\/wp\/v2\/media?parent=967"}],"curies":[{"name":"wp","href":"https:\/\/api.w.org\/{rel}","templated":true}]}}