{"id":977,"date":"2023-02-06T19:19:41","date_gmt":"2023-02-06T19:19:41","guid":{"rendered":"https:\/\/www.hotelmultatuli.nl\/faq\/"},"modified":"2023-05-04T15:29:21","modified_gmt":"2023-05-04T15:29:21","slug":"faq","status":"publish","type":"page","link":"https:\/\/www.hotelmultatuli.nl\/es\/faq\/","title":{"rendered":"Faq"},"content":{"rendered":"\n<p><strong><em>\u00bfPuedo usar Internet en el hotel?<\/em><\/strong><\/p>\n\n<ul class=\"wp-block-list\">\n<li>Hay Wifi gratuito en el hotel.<\/li>\n<\/ul>\n\n<p><strong><em>\u00bfProporciona el hotel cunas?<\/em><\/strong><\/p>\n\n<ul class=\"wp-block-list\">\n<li>Si lo solicita, le colocaremos una cuna de cortes\u00eda en su habitaci\u00f3n. Los ni\u00f1os de hasta 3 a\u00f1os se alojan gratis en nuestro hotel.<\/li>\n<\/ul>\n\n<p><em><strong>\u00bfD\u00f3nde puedo dejar mis objetos de valor?  <\/strong><\/em><\/p>\n\n<ul class=\"wp-block-list\">\n<li>Todas las habitaciones disponen de caja fuerte.<\/li>\n<\/ul>\n\n<p><strong><em>\u00bfD\u00f3nde puedo dejar mi equipaje despu\u00e9s de salir del hotel?<\/em><\/strong><\/p>\n\n<ul class=\"wp-block-list\">\n<li>El hotel dispone de una consigna donde podr\u00e1 guardar sus pertenencias de forma segura.<\/li>\n<\/ul>\n\n<p><strong><em>\u00bfEst\u00e1 cerrada la recepci\u00f3n del hotel por la noche?<\/em><\/strong><\/p>\n\n<ul class=\"wp-block-list\">\n<li>El Hotel Multatuli est\u00e1 abierto 7 d\u00edas a la semana, 24 horas al d\u00eda. Nuestro personal estar\u00e1 a su servicio en todo momento<\/li>\n<\/ul>\n\n<p><strong><em>\u00bfQu\u00e9 hago si me pongo enfermo durante mi estancia en el hotel?<\/em><\/strong><\/p>\n\n<ul class=\"wp-block-list\">\n<li>Si necesita asistencia m\u00e9dica, la recepci\u00f3n llamar\u00e1 a un m\u00e9dico a petici\u00f3n suya. Las visitas m\u00e9dicas a su habitaci\u00f3n cuestan entre 80 y 100 euros. Compruebe si su seguro m\u00e9dico le reembolsa la cuota.<\/li>\n<\/ul>\n\n<p><strong><em>\u00bfSer\u00e1 mi habitaci\u00f3n exactamente igual que en las fotos de la p\u00e1gina web?<\/em><\/strong><\/p>\n\n<ul class=\"wp-block-list\">\n<li>Las fotos de la p\u00e1gina web son para dar una impresi\u00f3n de nuestras habitaciones. Han sido cuidadosamente seleccionados y son representativos del ambiente del hotel. Sin embargo, su habitaci\u00f3n puede ser ligeramente diferente a las que ha visto en las fotos.<\/li>\n<\/ul>\n\n<p><strong><em>No tengo tarjeta de cr\u00e9dito. \u00bfPuedo reservar una habitaci\u00f3n en el Hotel Multatuli?<\/em><\/strong><\/p>\n\n<ul class=\"wp-block-list\">\n<li>Le rogamos que se ponga en contacto con nuestro hotel:<br\/><a href=\"mailto:reservations@multatulihote.nl\">reservations@multatulihotel.nl<\/a> <br\/>+31 020 627 4282<\/li>\n<\/ul>\n\n<p><strong><em>Deseo anular mi reserva. \u00bfCu\u00e1les son las condiciones de cancelaci\u00f3n?<\/em><\/strong><\/p>\n\n<ul class=\"wp-block-list\">\n<li>Una vez que haya reservado una habitaci\u00f3n, podr\u00e1 cancelarla gratuitamente hasta 48 horas antes de la fecha de llegada. Tenga en cuenta que el d\u00eda de llegada comienza a las 00.00 horas (CET). Si cancela demasiado tarde o no llega el d\u00eda acordado, le cobraremos la primera noche de su reserva. Consulte nuestra <a rel=\"noreferrer noopener\" href=\"https:\/\/www.hotelmultatuli.nl\/es\/politica-de-reservas-y-cancelaciones\/\" data-type=\"page\" data-id=\"272\" target=\"_blank\">Pol\u00edtica de reservas y cancelaciones<\/a>.<\/li>\n<\/ul>\n\n<p><em><strong>El extracto de mi tarjeta de cr\u00e9dito dice que he pagado la factura del hotel incluso antes de mi llegada al hotel. \u00bfC\u00f3mo es posible?<\/strong><\/em><\/p>\n\n<ul class=\"wp-block-list\">\n<li>Al hacer la reserva, ha facilitado los datos de su tarjeta de cr\u00e9dito. El Hotel Multatuli utiliz\u00f3 esta informaci\u00f3n para solicitar la autorizaci\u00f3n de la compa\u00f1\u00eda de su tarjeta de cr\u00e9dito. Se trata de un procedimiento est\u00e1ndar para certificar que los l\u00edmites de cr\u00e9dito permiten hacer frente a posibles gastos. Algunas empresas de tarjetas de cr\u00e9dito informan a los titulares sobre las solicitudes de autorizaci\u00f3n. En este caso, su extracto bancario puede informar de una limitaci\u00f3n temporal de su cr\u00e9dito m\u00e1ximo hasta el importe de su reserva. No se trata en absoluto de un pago real. No se ha transferido dinero al hotel. Usted paga el n\u00famero de noches que desea alojarse cuando llega al hotel. Puede hacerlo en efectivo o con un pin. La limitaci\u00f3n de su cr\u00e9dito m\u00e1ximo se anular\u00e1 inmediatamente. Si prefiere pagar con tarjeta de cr\u00e9dito, deber\u00e1 validar la transacci\u00f3n. S\u00f3lo en este momento su cr\u00e9dito m\u00e1ximo se reducir\u00e1 con los gastos adeudados. <a href=\"https:\/\/www.hotelmultatuli.nl\/es\/politica-de-reservas-y-cancelaciones\/\" data-type=\"page\" data-id=\"272\">Pol\u00edtica de reservas y cancelaciones<\/a>.<\/li>\n<\/ul>\n\n<p><strong><em>\u00bfC\u00f3mo llegar de Schiphol al Hotel Multatuli?<\/em><\/strong><\/p>\n\n<ul class=\"wp-block-list\">\n<li>El medio de transporte m\u00e1s r\u00e1pido y econ\u00f3mico es el tren, directamente del aeropuerto de Schiphol a la estaci\u00f3n central de \u00c1msterdam. Encontrar\u00e1 el Hotel Multatuli tras caminar menos de 5 minutos, justo al otro lado de la plaza de la estaci\u00f3n. El viaje en tren dura entre 15 y 19 minutos.  <a href=\"https:\/\/www.hotelmultatuli.nl\/es\/ubicacion\/\" data-type=\"URL\" data-id=\"\/location\" target=\"_blank\" rel=\"noreferrer noopener\">Informaci\u00f3n sobre trenes<\/a><\/li>\n<\/ul>\n\n<p><strong><em>\u00bfPuedo viajar en el autob\u00fas Schiphol Hotel Shuttle de ida y vuelta?<\/em><\/strong><\/p>\n\n<ul class=\"wp-block-list\">\n<li>S\u00ed que puedes. Desde Schiphol tiene que organizar el viaje usted mismo. Desde el hotel, la recepci\u00f3n har\u00e1 las gestiones por usted. El trayecto dura aproximadamente 45 minutos.  <a href=\"https:\/\/www.hotelmultatuli.nl\/es\/ubicacion\/\" data-type=\"URL\" data-id=\"\/location\" target=\"_blank\" rel=\"noreferrer noopener\">Informaci\u00f3n sobre lanzaderas<\/a><\/li>\n<\/ul>\n\n<p><strong><em>\u00bfPuedo aparcar mi coche cerca del hotel?<\/em><\/strong><\/p>\n\n<ul class=\"wp-block-list\">\n<li>El Hotel Multatuli no dispone de plazas de aparcamiento privadas. Sin embargo, justo al otro lado de la calle (a un minuto a pie) encontrar\u00e1 aparcamiento en Q-Park. La tarifa por d\u00eda es de aproximadamente 50 euros. Dentro del centro de la ciudad (a 5 minutos en coche), las instalaciones menos caras cobran unos 15 euros al d\u00eda. La recepci\u00f3n del hotel estar\u00e1 encantada de informarle buscando plazas de aparcamiento adecuadas.  <a href=\"https:\/\/www.hotelmultatuli.nl\/es\/ubicacion\/\" data-type=\"URL\" data-id=\"\/location\">Informaci\u00f3n sobre el aparcamiento<\/a><\/li>\n<\/ul>\n\n<p><strong><em>\u00bfA qu\u00e9 hora tengo que desalojar mi habitaci\u00f3n el d\u00eda de salida?<\/em><\/strong><\/p>\n\n<ul class=\"wp-block-list\">\n<li>Puede permanecer en su habitaci\u00f3n hasta las 11.00 horas. S\u00f3lo se puede permanecer m\u00e1s tiempo tras consultar con la recepci\u00f3n. Es posible que la recepci\u00f3n tenga que cobrarle por una estancia prolongada.<\/li>\n<\/ul>\n\n<p><strong><em>\u00bfA qu\u00e9 hora puedo hacer uso de mi habitaci\u00f3n?<\/em><\/strong><\/p>\n\n<ul class=\"wp-block-list\">\n<li>Podr\u00e1 entrar en su habitaci\u00f3n a partir de las 13.00 horas del d\u00eda de su llegada. Si llega pronto, podr\u00e1 hacer uso de su habitaci\u00f3n en cuanto nuestro personal la haya dispuesto para su comodidad.<\/li>\n<\/ul>\n\n<p><strong><em>\u00bfPuedo fumar en el hotel?<\/em><\/strong><\/p>\n\n<ul class=\"wp-block-list\">\n<li>La legislaci\u00f3n neerlandesa proh\u00edbe fumar en nuestro hotel y sus habitaciones. Las multas, que pueden ascender a 300 euros, se a\u00f1adir\u00e1n a su factura. El consumo de drogas (incluidos el cannabis y el hach\u00eds) est\u00e1 estrictamente prohibido en todo el hotel.<\/li>\n<\/ul>\n\n<p><strong><em>\u00bfSe admite a mi perro en el hotel?<\/em><\/strong><\/p>\n\n<ul class=\"wp-block-list\">\n<li>Lo sentimos, no se admiten mascotas en nuestro hotel.<\/li>\n<\/ul>\n","protected":false},"excerpt":{"rendered":"<p>\u00bfPuedo usar Internet en el hotel? \u00bfProporciona el hotel cunas? \u00bfD\u00f3nde puedo dejar mis objetos de valor? \u00bfD\u00f3nde puedo dejar mi equipaje despu\u00e9s de salir del hotel? \u00bfEst\u00e1 cerrada la recepci\u00f3n del hotel por la noche? \u00bfQu\u00e9 hago si me pongo enfermo durante mi estancia en el hotel? \u00bfSer\u00e1 mi habitaci\u00f3n exactamente igual que en&hellip; <br \/> <a class=\"read-more\" href=\"https:\/\/www.hotelmultatuli.nl\/es\/faq\/\">Read more<\/a><\/p>\n","protected":false},"author":1,"featured_media":0,"parent":0,"menu_order":0,"comment_status":"closed","ping_status":"closed","template":"","meta":{"footnotes":""},"class_list":["post-977","page","type-page","status-publish","hentry"],"yoast_head":"<!-- This site is optimized with the Yoast SEO plugin v27.5 - https:\/\/yoast.com\/product\/yoast-seo-wordpress\/ -->\n<title>Faq - Hotel Multatuli<\/title>\n<meta name=\"robots\" content=\"index, follow, max-snippet:-1, max-image-preview:large, max-video-preview:-1\" \/>\n<link rel=\"canonical\" href=\"https:\/\/www.hotelmultatuli.nl\/es\/faq\/\" \/>\n<meta property=\"og:locale\" content=\"es_ES\" \/>\n<meta property=\"og:type\" content=\"article\" \/>\n<meta property=\"og:title\" content=\"Faq - Hotel Multatuli\" \/>\n<meta property=\"og:description\" content=\"\u00bfPuedo usar Internet en el hotel? \u00bfProporciona el hotel cunas? \u00bfD\u00f3nde puedo dejar mis objetos de valor? \u00bfD\u00f3nde puedo dejar mi equipaje despu\u00e9s de salir del hotel? \u00bfEst\u00e1 cerrada la recepci\u00f3n del hotel por la noche? \u00bfQu\u00e9 hago si me pongo enfermo durante mi estancia en el hotel? \u00bfSer\u00e1 mi habitaci\u00f3n exactamente igual que en&hellip; Read more\" \/>\n<meta property=\"og:url\" content=\"https:\/\/www.hotelmultatuli.nl\/es\/faq\/\" \/>\n<meta property=\"og:site_name\" content=\"Hotel Multatuli\" \/>\n<meta property=\"article:modified_time\" content=\"2023-05-04T15:29:21+00:00\" \/>\n<meta name=\"twitter:card\" content=\"summary_large_image\" \/>\n<meta name=\"twitter:label1\" content=\"Tiempo de lectura\" \/>\n\t<meta name=\"twitter:data1\" content=\"4 minutos\" \/>\n<script type=\"application\/ld+json\" class=\"yoast-schema-graph\">{\"@context\":\"https:\\\/\\\/schema.org\",\"@graph\":[{\"@type\":\"WebPage\",\"@id\":\"https:\\\/\\\/www.hotelmultatuli.nl\\\/es\\\/faq\\\/\",\"url\":\"https:\\\/\\\/www.hotelmultatuli.nl\\\/es\\\/faq\\\/\",\"name\":\"Faq - Hotel Multatuli\",\"isPartOf\":{\"@id\":\"https:\\\/\\\/www.hotelmultatuli.nl\\\/es\\\/#website\"},\"datePublished\":\"2023-02-06T19:19:41+00:00\",\"dateModified\":\"2023-05-04T15:29:21+00:00\",\"breadcrumb\":{\"@id\":\"https:\\\/\\\/www.hotelmultatuli.nl\\\/es\\\/faq\\\/#breadcrumb\"},\"inLanguage\":\"es\",\"potentialAction\":[{\"@type\":\"ReadAction\",\"target\":[\"https:\\\/\\\/www.hotelmultatuli.nl\\\/es\\\/faq\\\/\"]}]},{\"@type\":\"BreadcrumbList\",\"@id\":\"https:\\\/\\\/www.hotelmultatuli.nl\\\/es\\\/faq\\\/#breadcrumb\",\"itemListElement\":[{\"@type\":\"ListItem\",\"position\":1,\"name\":\"Home\",\"item\":\"https:\\\/\\\/www.hotelmultatuli.nl\\\/es\\\/\"},{\"@type\":\"ListItem\",\"position\":2,\"name\":\"Faq\"}]},{\"@type\":\"WebSite\",\"@id\":\"https:\\\/\\\/www.hotelmultatuli.nl\\\/es\\\/#website\",\"url\":\"https:\\\/\\\/www.hotelmultatuli.nl\\\/es\\\/\",\"name\":\"Hotel Multatuli\",\"description\":\"Amsterdam\",\"publisher\":{\"@id\":\"https:\\\/\\\/www.hotelmultatuli.nl\\\/es\\\/#organization\"},\"potentialAction\":[{\"@type\":\"SearchAction\",\"target\":{\"@type\":\"EntryPoint\",\"urlTemplate\":\"https:\\\/\\\/www.hotelmultatuli.nl\\\/es\\\/?s={search_term_string}\"},\"query-input\":{\"@type\":\"PropertyValueSpecification\",\"valueRequired\":true,\"valueName\":\"search_term_string\"}}],\"inLanguage\":\"es\"},{\"@type\":\"Organization\",\"@id\":\"https:\\\/\\\/www.hotelmultatuli.nl\\\/es\\\/#organization\",\"name\":\"Hotel Multatuli\",\"url\":\"https:\\\/\\\/www.hotelmultatuli.nl\\\/es\\\/\",\"logo\":{\"@type\":\"ImageObject\",\"inLanguage\":\"es\",\"@id\":\"https:\\\/\\\/www.hotelmultatuli.nl\\\/es\\\/#\\\/schema\\\/logo\\\/image\\\/\",\"url\":\"https:\\\/\\\/www.hotelmultatuli.nl\\\/wp-content\\\/uploads\\\/2022\\\/09\\\/logo-multatuli-hotel.png\",\"contentUrl\":\"https:\\\/\\\/www.hotelmultatuli.nl\\\/wp-content\\\/uploads\\\/2022\\\/09\\\/logo-multatuli-hotel.png\",\"width\":300,\"height\":69,\"caption\":\"Hotel Multatuli\"},\"image\":{\"@id\":\"https:\\\/\\\/www.hotelmultatuli.nl\\\/es\\\/#\\\/schema\\\/logo\\\/image\\\/\"}}]}<\/script>\n<!-- \/ Yoast SEO plugin. -->","yoast_head_json":{"title":"Faq - Hotel Multatuli","robots":{"index":"index","follow":"follow","max-snippet":"max-snippet:-1","max-image-preview":"max-image-preview:large","max-video-preview":"max-video-preview:-1"},"canonical":"https:\/\/www.hotelmultatuli.nl\/es\/faq\/","og_locale":"es_ES","og_type":"article","og_title":"Faq - Hotel Multatuli","og_description":"\u00bfPuedo usar Internet en el hotel? \u00bfProporciona el hotel cunas? \u00bfD\u00f3nde puedo dejar mis objetos de valor? \u00bfD\u00f3nde puedo dejar mi equipaje despu\u00e9s de salir del hotel? \u00bfEst\u00e1 cerrada la recepci\u00f3n del hotel por la noche? \u00bfQu\u00e9 hago si me pongo enfermo durante mi estancia en el hotel? \u00bfSer\u00e1 mi habitaci\u00f3n exactamente igual que en&hellip; Read more","og_url":"https:\/\/www.hotelmultatuli.nl\/es\/faq\/","og_site_name":"Hotel Multatuli","article_modified_time":"2023-05-04T15:29:21+00:00","twitter_card":"summary_large_image","twitter_misc":{"Tiempo de lectura":"4 minutos"},"schema":{"@context":"https:\/\/schema.org","@graph":[{"@type":"WebPage","@id":"https:\/\/www.hotelmultatuli.nl\/es\/faq\/","url":"https:\/\/www.hotelmultatuli.nl\/es\/faq\/","name":"Faq - Hotel Multatuli","isPartOf":{"@id":"https:\/\/www.hotelmultatuli.nl\/es\/#website"},"datePublished":"2023-02-06T19:19:41+00:00","dateModified":"2023-05-04T15:29:21+00:00","breadcrumb":{"@id":"https:\/\/www.hotelmultatuli.nl\/es\/faq\/#breadcrumb"},"inLanguage":"es","potentialAction":[{"@type":"ReadAction","target":["https:\/\/www.hotelmultatuli.nl\/es\/faq\/"]}]},{"@type":"BreadcrumbList","@id":"https:\/\/www.hotelmultatuli.nl\/es\/faq\/#breadcrumb","itemListElement":[{"@type":"ListItem","position":1,"name":"Home","item":"https:\/\/www.hotelmultatuli.nl\/es\/"},{"@type":"ListItem","position":2,"name":"Faq"}]},{"@type":"WebSite","@id":"https:\/\/www.hotelmultatuli.nl\/es\/#website","url":"https:\/\/www.hotelmultatuli.nl\/es\/","name":"Hotel Multatuli","description":"Amsterdam","publisher":{"@id":"https:\/\/www.hotelmultatuli.nl\/es\/#organization"},"potentialAction":[{"@type":"SearchAction","target":{"@type":"EntryPoint","urlTemplate":"https:\/\/www.hotelmultatuli.nl\/es\/?s={search_term_string}"},"query-input":{"@type":"PropertyValueSpecification","valueRequired":true,"valueName":"search_term_string"}}],"inLanguage":"es"},{"@type":"Organization","@id":"https:\/\/www.hotelmultatuli.nl\/es\/#organization","name":"Hotel Multatuli","url":"https:\/\/www.hotelmultatuli.nl\/es\/","logo":{"@type":"ImageObject","inLanguage":"es","@id":"https:\/\/www.hotelmultatuli.nl\/es\/#\/schema\/logo\/image\/","url":"https:\/\/www.hotelmultatuli.nl\/wp-content\/uploads\/2022\/09\/logo-multatuli-hotel.png","contentUrl":"https:\/\/www.hotelmultatuli.nl\/wp-content\/uploads\/2022\/09\/logo-multatuli-hotel.png","width":300,"height":69,"caption":"Hotel Multatuli"},"image":{"@id":"https:\/\/www.hotelmultatuli.nl\/es\/#\/schema\/logo\/image\/"}}]}},"_links":{"self":[{"href":"https:\/\/www.hotelmultatuli.nl\/es\/wp-json\/wp\/v2\/pages\/977","targetHints":{"allow":["GET"]}}],"collection":[{"href":"https:\/\/www.hotelmultatuli.nl\/es\/wp-json\/wp\/v2\/pages"}],"about":[{"href":"https:\/\/www.hotelmultatuli.nl\/es\/wp-json\/wp\/v2\/types\/page"}],"author":[{"embeddable":true,"href":"https:\/\/www.hotelmultatuli.nl\/es\/wp-json\/wp\/v2\/users\/1"}],"replies":[{"embeddable":true,"href":"https:\/\/www.hotelmultatuli.nl\/es\/wp-json\/wp\/v2\/comments?post=977"}],"version-history":[{"count":1,"href":"https:\/\/www.hotelmultatuli.nl\/es\/wp-json\/wp\/v2\/pages\/977\/revisions"}],"predecessor-version":[{"id":982,"href":"https:\/\/www.hotelmultatuli.nl\/es\/wp-json\/wp\/v2\/pages\/977\/revisions\/982"}],"wp:attachment":[{"href":"https:\/\/www.hotelmultatuli.nl\/es\/wp-json\/wp\/v2\/media?parent=977"}],"curies":[{"name":"wp","href":"https:\/\/api.w.org\/{rel}","templated":true}]}}