{"id":963,"date":"2023-02-05T18:55:47","date_gmt":"2023-02-05T18:55:47","guid":{"rendered":"https:\/\/www.hotelmultatuli.nl\/politica-de-reservas-y-cancelaciones\/"},"modified":"2026-01-01T22:16:07","modified_gmt":"2026-01-01T22:16:07","slug":"politica-de-reservas-y-cancelaciones","status":"publish","type":"page","link":"https:\/\/www.hotelmultatuli.nl\/es\/politica-de-reservas-y-cancelaciones\/","title":{"rendered":"Pol\u00edtica de reservas y cancelaciones"},"content":{"rendered":"<div data-id=\"initial-content-section\" data-export-id=\"initial-content-section\" data-label=\"Initial Content\" id=\"initial-content-section\" class=\"content-section content-section-spacing\">\n   <div class=\"gridContainer\">\n     <div class=\"row\">\n\n        <div class=\"col-xs-12 col-sm-12\">                <p><\/p>\n<p><strong>Pol\u00edtica de reservas y cancelaciones<\/strong><\/p>\n<p><\/p>\n<p><\/p>\n<p><span style=\"font-weight: 600;\">Reservas<\/span><\/p>\n<p><\/p>\n<p><\/p>\n<p>Para reservar una o m\u00e1s habitaciones, deber\u00e1 facilitar los datos de su tarjeta de cr\u00e9dito. Estos datos permiten a nuestro hotel solicitar la autorizaci\u00f3n de la entidad emisora de su tarjeta de cr\u00e9dito. Se trata de un procedimiento est\u00e1ndar para certificar que los l\u00edmites de cr\u00e9dito permiten hacer frente a posibles gastos. Algunas empresas de tarjetas de cr\u00e9dito informan a los titulares sobre las solicitudes de autorizaci\u00f3n. En este caso, su extracto bancario puede informar de una limitaci\u00f3n temporal de su cr\u00e9dito m\u00e1ximo hasta el importe de su reserva. Sin embargo, esta limitaci\u00f3n no es un pago. El pago propiamente dicho se realiza al registrarse a su llegada al hotel. En este punto puede decidir utilizar su tarjeta de cr\u00e9dito validando los gastos de la misma. Si elige pagar en efectivo o con un pin, la limitaci\u00f3n de su cr\u00e9dito m\u00e1ximo se anular\u00e1 inmediatamente.<\/p>\n<p><\/p>\n<p><\/p>\n<p>A su llegada deber\u00e1 abonar el n\u00famero de noches reservadas. Los precios incluyen el desayuno. Se a\u00f1adir\u00e1 a tu factura una tasa tur\u00edstica del 12,50 %. Nuestras recepcionistas aceptan pagos con tarjeta de cr\u00e9dito, pin o efectivo.<\/p>\n<p><\/p>\n<p><\/p>\n<p>El Hotel Multatuli no acepta reservas para grupos de m\u00e1s de 7 personas ni reservas de m\u00e1s de 3 habitaciones.<\/p>\n<p><\/p>\n<p><\/p>\n<p>Su habitaci\u00f3n estar\u00e1 disponible a partir de las 13.00 horas del d\u00eda de llegada. Se ruega desalojar la habitaci\u00f3n antes de las 11.00 horas del d\u00eda de salida.<\/p>\n<p><\/p>\n<p><\/p>\n<p><span style=\"font-weight: 600;\">Modificaci\u00f3n de la reserva<\/span><\/p>\n<p><\/p>\n<p><\/p>\n<p>Si desea cancelar o modificar su reserva, puede hacerlo sin cargo alguno hasta 48 horas antes de las 00.00 horas (CET) del d\u00eda de llegada acordado. Recibir\u00e1 un correo electr\u00f3nico para confirmar su nueva reserva o su cancelaci\u00f3n.<\/p>\n<p><\/p>\n<p><\/p>\n<p><span style=\"font-weight: 600;\">Anulaci\u00f3n<\/span><\/p>\n<p><\/p>\n<p><\/p>\n<p>Si se ve obligado a cancelar, puede hacerlo utilizando la funci\u00f3n de cancelaci\u00f3n en l\u00ednea o poni\u00e9ndose en contacto directamente con el hotel. La cancelaci\u00f3n es gratuita hasta 48 horas antes de las 00.00 horas (CET) de la fecha de llegada acordada. En caso de cancelaci\u00f3n en las 48 horas anteriores a la llegada prevista, se facturar\u00e1 el importe de la primera noche. Si no se cancela la reserva, se facturar\u00e1 tambi\u00e9n el importe de la primera noche. El hotel cargar\u00e1 este importe en su tarjeta de cr\u00e9dito y le confirmar\u00e1 la cancelaci\u00f3n y el pago por correo electr\u00f3nico.<\/p>\n<p><\/p>\n<p><\/p>\n<p><\/p>\n<p><\/p>\n<p><\/p>\n<p><\/p>\n<p><\/p>\n<p><\/p>\n<p><\/p>\n<p><\/p>\n\n          <\/div>\n      <\/div>\n  <\/div>\n<\/div>","protected":false},"excerpt":{"rendered":"<p>Pol\u00edtica de reservas y cancelaciones Reservas Para reservar una o m\u00e1s habitaciones, deber\u00e1 facilitar los datos de su tarjeta de cr\u00e9dito. Estos datos permiten a nuestro hotel solicitar la autorizaci\u00f3n de la entidad emisora de su tarjeta de cr\u00e9dito. Se trata de un procedimiento est\u00e1ndar para certificar que los l\u00edmites de cr\u00e9dito permiten hacer frente&hellip; <br \/> <a class=\"read-more\" href=\"https:\/\/www.hotelmultatuli.nl\/es\/politica-de-reservas-y-cancelaciones\/\">Read more<\/a><\/p>\n","protected":false},"author":1,"featured_media":0,"parent":0,"menu_order":0,"comment_status":"closed","ping_status":"closed","template":"pro\/page-templates\/full-width-page.php","meta":{"footnotes":""},"class_list":["post-963","page","type-page","status-publish","hentry"],"yoast_head":"<!-- This site is optimized with the Yoast SEO plugin v27.5 - https:\/\/yoast.com\/product\/yoast-seo-wordpress\/ -->\n<title>Pol\u00edtica de reservas y cancelaciones - Hotel Multatuli<\/title>\n<meta name=\"robots\" content=\"index, follow, max-snippet:-1, max-image-preview:large, max-video-preview:-1\" \/>\n<link rel=\"canonical\" href=\"https:\/\/www.hotelmultatuli.nl\/es\/politica-de-reservas-y-cancelaciones\/\" \/>\n<meta property=\"og:locale\" content=\"es_ES\" \/>\n<meta property=\"og:type\" content=\"article\" \/>\n<meta property=\"og:title\" content=\"Pol\u00edtica de reservas y cancelaciones - Hotel Multatuli\" \/>\n<meta property=\"og:description\" content=\"Pol\u00edtica de reservas y cancelaciones Reservas Para reservar una o m\u00e1s habitaciones, deber\u00e1 facilitar los datos de su tarjeta de cr\u00e9dito. Estos datos permiten a nuestro hotel solicitar la autorizaci\u00f3n de la entidad emisora de su tarjeta de cr\u00e9dito. Se trata de un procedimiento est\u00e1ndar para certificar que los l\u00edmites de cr\u00e9dito permiten hacer frente&hellip; Read more\" \/>\n<meta property=\"og:url\" content=\"https:\/\/www.hotelmultatuli.nl\/es\/politica-de-reservas-y-cancelaciones\/\" \/>\n<meta property=\"og:site_name\" content=\"Hotel Multatuli\" \/>\n<meta property=\"article:modified_time\" content=\"2026-01-01T22:16:07+00:00\" \/>\n<meta name=\"twitter:card\" content=\"summary_large_image\" \/>\n<meta name=\"twitter:label1\" content=\"Tiempo de lectura\" \/>\n\t<meta name=\"twitter:data1\" content=\"2 minutos\" \/>\n<script type=\"application\/ld+json\" class=\"yoast-schema-graph\">{\"@context\":\"https:\\\/\\\/schema.org\",\"@graph\":[{\"@type\":\"WebPage\",\"@id\":\"https:\\\/\\\/www.hotelmultatuli.nl\\\/es\\\/politica-de-reservas-y-cancelaciones\\\/\",\"url\":\"https:\\\/\\\/www.hotelmultatuli.nl\\\/es\\\/politica-de-reservas-y-cancelaciones\\\/\",\"name\":\"Pol\u00edtica de reservas y cancelaciones - Hotel Multatuli\",\"isPartOf\":{\"@id\":\"https:\\\/\\\/www.hotelmultatuli.nl\\\/es\\\/#website\"},\"datePublished\":\"2023-02-05T18:55:47+00:00\",\"dateModified\":\"2026-01-01T22:16:07+00:00\",\"breadcrumb\":{\"@id\":\"https:\\\/\\\/www.hotelmultatuli.nl\\\/es\\\/politica-de-reservas-y-cancelaciones\\\/#breadcrumb\"},\"inLanguage\":\"es\",\"potentialAction\":[{\"@type\":\"ReadAction\",\"target\":[\"https:\\\/\\\/www.hotelmultatuli.nl\\\/es\\\/politica-de-reservas-y-cancelaciones\\\/\"]}]},{\"@type\":\"BreadcrumbList\",\"@id\":\"https:\\\/\\\/www.hotelmultatuli.nl\\\/es\\\/politica-de-reservas-y-cancelaciones\\\/#breadcrumb\",\"itemListElement\":[{\"@type\":\"ListItem\",\"position\":1,\"name\":\"Home\",\"item\":\"https:\\\/\\\/www.hotelmultatuli.nl\\\/es\\\/\"},{\"@type\":\"ListItem\",\"position\":2,\"name\":\"Pol\u00edtica de reservas y cancelaciones\"}]},{\"@type\":\"WebSite\",\"@id\":\"https:\\\/\\\/www.hotelmultatuli.nl\\\/es\\\/#website\",\"url\":\"https:\\\/\\\/www.hotelmultatuli.nl\\\/es\\\/\",\"name\":\"Hotel Multatuli\",\"description\":\"Amsterdam\",\"publisher\":{\"@id\":\"https:\\\/\\\/www.hotelmultatuli.nl\\\/es\\\/#organization\"},\"potentialAction\":[{\"@type\":\"SearchAction\",\"target\":{\"@type\":\"EntryPoint\",\"urlTemplate\":\"https:\\\/\\\/www.hotelmultatuli.nl\\\/es\\\/?s={search_term_string}\"},\"query-input\":{\"@type\":\"PropertyValueSpecification\",\"valueRequired\":true,\"valueName\":\"search_term_string\"}}],\"inLanguage\":\"es\"},{\"@type\":\"Organization\",\"@id\":\"https:\\\/\\\/www.hotelmultatuli.nl\\\/es\\\/#organization\",\"name\":\"Hotel Multatuli\",\"url\":\"https:\\\/\\\/www.hotelmultatuli.nl\\\/es\\\/\",\"logo\":{\"@type\":\"ImageObject\",\"inLanguage\":\"es\",\"@id\":\"https:\\\/\\\/www.hotelmultatuli.nl\\\/es\\\/#\\\/schema\\\/logo\\\/image\\\/\",\"url\":\"https:\\\/\\\/www.hotelmultatuli.nl\\\/wp-content\\\/uploads\\\/2022\\\/09\\\/logo-multatuli-hotel.png\",\"contentUrl\":\"https:\\\/\\\/www.hotelmultatuli.nl\\\/wp-content\\\/uploads\\\/2022\\\/09\\\/logo-multatuli-hotel.png\",\"width\":300,\"height\":69,\"caption\":\"Hotel Multatuli\"},\"image\":{\"@id\":\"https:\\\/\\\/www.hotelmultatuli.nl\\\/es\\\/#\\\/schema\\\/logo\\\/image\\\/\"}}]}<\/script>\n<!-- \/ Yoast SEO plugin. -->","yoast_head_json":{"title":"Pol\u00edtica de reservas y cancelaciones - Hotel Multatuli","robots":{"index":"index","follow":"follow","max-snippet":"max-snippet:-1","max-image-preview":"max-image-preview:large","max-video-preview":"max-video-preview:-1"},"canonical":"https:\/\/www.hotelmultatuli.nl\/es\/politica-de-reservas-y-cancelaciones\/","og_locale":"es_ES","og_type":"article","og_title":"Pol\u00edtica de reservas y cancelaciones - Hotel Multatuli","og_description":"Pol\u00edtica de reservas y cancelaciones Reservas Para reservar una o m\u00e1s habitaciones, deber\u00e1 facilitar los datos de su tarjeta de cr\u00e9dito. Estos datos permiten a nuestro hotel solicitar la autorizaci\u00f3n de la entidad emisora de su tarjeta de cr\u00e9dito. Se trata de un procedimiento est\u00e1ndar para certificar que los l\u00edmites de cr\u00e9dito permiten hacer frente&hellip; Read more","og_url":"https:\/\/www.hotelmultatuli.nl\/es\/politica-de-reservas-y-cancelaciones\/","og_site_name":"Hotel Multatuli","article_modified_time":"2026-01-01T22:16:07+00:00","twitter_card":"summary_large_image","twitter_misc":{"Tiempo de lectura":"2 minutos"},"schema":{"@context":"https:\/\/schema.org","@graph":[{"@type":"WebPage","@id":"https:\/\/www.hotelmultatuli.nl\/es\/politica-de-reservas-y-cancelaciones\/","url":"https:\/\/www.hotelmultatuli.nl\/es\/politica-de-reservas-y-cancelaciones\/","name":"Pol\u00edtica de reservas y cancelaciones - Hotel Multatuli","isPartOf":{"@id":"https:\/\/www.hotelmultatuli.nl\/es\/#website"},"datePublished":"2023-02-05T18:55:47+00:00","dateModified":"2026-01-01T22:16:07+00:00","breadcrumb":{"@id":"https:\/\/www.hotelmultatuli.nl\/es\/politica-de-reservas-y-cancelaciones\/#breadcrumb"},"inLanguage":"es","potentialAction":[{"@type":"ReadAction","target":["https:\/\/www.hotelmultatuli.nl\/es\/politica-de-reservas-y-cancelaciones\/"]}]},{"@type":"BreadcrumbList","@id":"https:\/\/www.hotelmultatuli.nl\/es\/politica-de-reservas-y-cancelaciones\/#breadcrumb","itemListElement":[{"@type":"ListItem","position":1,"name":"Home","item":"https:\/\/www.hotelmultatuli.nl\/es\/"},{"@type":"ListItem","position":2,"name":"Pol\u00edtica de reservas y cancelaciones"}]},{"@type":"WebSite","@id":"https:\/\/www.hotelmultatuli.nl\/es\/#website","url":"https:\/\/www.hotelmultatuli.nl\/es\/","name":"Hotel Multatuli","description":"Amsterdam","publisher":{"@id":"https:\/\/www.hotelmultatuli.nl\/es\/#organization"},"potentialAction":[{"@type":"SearchAction","target":{"@type":"EntryPoint","urlTemplate":"https:\/\/www.hotelmultatuli.nl\/es\/?s={search_term_string}"},"query-input":{"@type":"PropertyValueSpecification","valueRequired":true,"valueName":"search_term_string"}}],"inLanguage":"es"},{"@type":"Organization","@id":"https:\/\/www.hotelmultatuli.nl\/es\/#organization","name":"Hotel Multatuli","url":"https:\/\/www.hotelmultatuli.nl\/es\/","logo":{"@type":"ImageObject","inLanguage":"es","@id":"https:\/\/www.hotelmultatuli.nl\/es\/#\/schema\/logo\/image\/","url":"https:\/\/www.hotelmultatuli.nl\/wp-content\/uploads\/2022\/09\/logo-multatuli-hotel.png","contentUrl":"https:\/\/www.hotelmultatuli.nl\/wp-content\/uploads\/2022\/09\/logo-multatuli-hotel.png","width":300,"height":69,"caption":"Hotel Multatuli"},"image":{"@id":"https:\/\/www.hotelmultatuli.nl\/es\/#\/schema\/logo\/image\/"}}]}},"_links":{"self":[{"href":"https:\/\/www.hotelmultatuli.nl\/es\/wp-json\/wp\/v2\/pages\/963","targetHints":{"allow":["GET"]}}],"collection":[{"href":"https:\/\/www.hotelmultatuli.nl\/es\/wp-json\/wp\/v2\/pages"}],"about":[{"href":"https:\/\/www.hotelmultatuli.nl\/es\/wp-json\/wp\/v2\/types\/page"}],"author":[{"embeddable":true,"href":"https:\/\/www.hotelmultatuli.nl\/es\/wp-json\/wp\/v2\/users\/1"}],"replies":[{"embeddable":true,"href":"https:\/\/www.hotelmultatuli.nl\/es\/wp-json\/wp\/v2\/comments?post=963"}],"version-history":[{"count":2,"href":"https:\/\/www.hotelmultatuli.nl\/es\/wp-json\/wp\/v2\/pages\/963\/revisions"}],"predecessor-version":[{"id":2246,"href":"https:\/\/www.hotelmultatuli.nl\/es\/wp-json\/wp\/v2\/pages\/963\/revisions\/2246"}],"wp:attachment":[{"href":"https:\/\/www.hotelmultatuli.nl\/es\/wp-json\/wp\/v2\/media?parent=963"}],"curies":[{"name":"wp","href":"https:\/\/api.w.org\/{rel}","templated":true}]}}