{"id":923,"date":"2022-11-11T14:37:00","date_gmt":"2022-11-11T14:37:00","guid":{"rendered":"https:\/\/www.hotelmultatuli.nl\/portada\/"},"modified":"2026-01-05T23:20:27","modified_gmt":"2026-01-05T23:20:27","slug":"portada","status":"publish","type":"page","link":"https:\/\/www.hotelmultatuli.nl\/es\/","title":{"rendered":"Portada"},"content":{"rendered":"<div  data-label=\"About Us\" data-id=\"about--2\" data-export-id=\"about-text-image\" data-category=\"about\" class=\"about-text-image content-section content-section-spacing\" id=\"about-us\" style=\"background-color: rgb(255, 255, 255); background-image: none;\"><div  class=\"gridContainer\"> <div  class=\"row\"><div  class=\"col-sm-6 col-padding-small-xs col-sm-padding-large bg-color5 white-text content-col\" data-type=\"column\">  <h2  class=\"\">Sobre nosotros<\/h2> <p  class=\"\">El Hotel Multatuli est\u00e1 situado al principio del barrio de los canales \u00abGrachtengordel\u00bb de \u00c1msterdam. Los canales del siglo XVII se incluyeron en la Lista del Patrimonio Mundial de la Unesco en 2010. El hotel est\u00e1 situado en un monumento nacional protegido que data de 1744. Frente al hotel se pueden hacer excursiones en barco de ida y vuelta. La Presa y la Casa de Ana Frank est\u00e1n a s\u00f3lo 10 minutos a pie.<\/p><\/div> <div  class=\"col-sm-6 flexbox-strech center-xs middle-xs no-gutter-col\"><div  class=\"shadow-large overlap-left-large flexbox middle-xs center-xs right-img\" data-bg=\"image\" style=\"background-image: url(&quot;https:\/\/www.hotelmultatuli.nl\/wp-content\/uploads\/2023\/07\/cropped-MULTATULI_AANZICHT_OVERDAG-2-scaled-1.jpg&quot;);\" https:=\"\" www.hotelmultatuli.nl=\"\" wp-content=\"\" uploads=\"\" 2023=\"\" 07=\"\" cropped-multatuli_aanzicht_overdag-2-scaled-1.jpg\");\"=\"\"><\/div><\/div> <\/div><\/div> <\/div><div  data-label=\"Multatuli\" data-id=\"about--1\" data-export-id=\"about-image-text\" data-category=\"about\" class=\"about-image-text content-section content-section-spacing\" id=\"multatuli\" style=\"background-color: rgb(255, 255, 255); background-image: none;\"><div  class=\"gridContainer\"> <div  class=\"row\"><div  class=\"col-sm-6 flexbox-strech center-xs middle-xs no-gutter-col\"> <div  class=\"shadow-large overlap-right-large flexbox middle-xs center-xs left-img\" data-bg=\"image\" style=\"background-image: url(&quot;https:\/\/www.hotelmultatuli.nl\/wp-content\/uploads\/2022\/11\/cropped-Multatuli001.gif&quot;);\" https:=\"\" www.hotelmultatuli.nl=\"\" wp-content=\"\" uploads=\"\" 2022=\"\" 11=\"\" cropped-multatuli001.gif\");\"=\"\"><\/div><\/div> <div  class=\"col-sm-6 space-bottom-xs col-padding-small-xs col-sm-padding-large bg-color5 white-text content-col\" data-type=\"column\"> <h2  class=\"\">Multatuli<br > <span  href=\"#\" style=\"font-family: Playfair Display,sans-serif; font-weight: 700; font-style: italic;\">\u00abVistos desde la luna todos somos igual de grandes\u00bb<\/span><\/h2> <p  class=\"\">El Hotel Multatuli toma su nombre y logotipo de Multatuli (1820-1887), autor de \u00abMax Havelaar\u00bb, uno de los libros m\u00e1s exitosos y cautivadores de la literatura holandesa.<\/p><\/div> <\/div><\/div> <\/div><div  data-label=\"Amenities and Services\" data-id=\"content--2\" data-export-id=\"content-6\" data-category=\"content\" class=\"content-6 content-section content-section-spacing\" id=\"amenities-and-services\" style=\"background-color: rgb(255, 255, 255); background-image: none;\"><div  class=\"gridContainer\"> <div  class=\"row text-center\"><div  class=\"section-title-col\" data-type=\"column\"> <h2  class=\"\"><span  style=\"color: rgb(0, 0, 0);\">Instalaciones y servicios<\/span><\/h2> <p  class=\"lead\">El desayuno se sirve todas las ma\u00f1anas, por la noche puede sentarse y relajarse en nuestro bar.<\/p><\/div> <\/div> <div  class=\"row middle-sm\"> <div  class=\"col-sm-6\"> <div  class=\"row\"> <div  class=\"col-xs-12 space-bottom\" data-type=\"column\">  <\/div> <div  data-type=\"row\" class=\"col-xs-12 start-sm content-left-sm\"><div  class=\"row space-bottom force-align\"> <div  class=\"col-xs-12 col-sm-fit text-center\"><i  class=\"fa icon fa-user big color1\"><\/i><\/div> <div  class=\"col-xs-12 col-sm\" data-type=\"column\"><h5  class=\"color1\">Servicios<\/h5> <p  class=\"\">Recepci\u00f3n 24\/7, Servicio de habitaciones 24\/7, Desayuno buf\u00e9 bien surtido, Lavander\u00eda, Servicio m\u00e9dico<\/p><\/div> <\/div> <div  class=\"row space-bottom force-align\"> <div  class=\"col-xs-12 col-sm-fit text-center\"> <i  class=\"fa icon fa-building big color1\"><\/i><\/div> <div  class=\"col-xs-12 col-sm\" data-type=\"column\"><h5  class=\"color1\">Servicios<\/h5> <p  class=\"\">Ascensor, consigna, bar, wifi gratuito<\/p><\/div> <\/div> <div  class=\"row space-bottom force-align\"> <div  class=\"col-xs-12 col-sm-fit text-center\"> <i  class=\"fa icon fa-star big color1\"><\/i><\/div> <div  class=\"col-xs-12 col-sm\" data-type=\"column\"><h5  class=\"color1\">Habitaci\u00f3n de invitados<\/h5> <p  class=\"\">Cama individual, Aire acondicionado, WiFi, Ducha, Televisi\u00f3n, Tel\u00e9fono, Aseo, Amenities de ba\u00f1o, Minibar<\/p><\/div> <\/div><\/div> <\/div><\/div> <div  class=\"col-sm-6 flexbox around-xs top-xs space-bottom-xs\"><div  class=\"overlay-box flexbox middle-xs center-xs overlay-holder\"> <div  class=\"overlay-box-offset shadow-medium border-color2 hide-xs offset-background\"><\/div> <img  decoding=\"async\" class=\"flexbox shadow-large img1\" data-size=\"485x632\" src=\"https:\/\/www.hotelmultatuli.nl\/wp-content\/uploads\/2023\/07\/cropped-MULTATULI-13-scaled-1.jpg\" title=\"MULTATULI-13\" alt=\"\"><\/div> <\/div><\/div> <\/div><\/div><div  data-label=\"Reviews\" data-id=\"content--1\" data-export-id=\"content-12\" data-category=\"content\" class=\"content-12 content-section content-section-spacing\" id=\"reviews\" style=\"background-color: rgb(255, 255, 255); background-image: none;\"><div  class=\"gridContainer\"> <div  class=\"row text-center\"><div  class=\"section-title-col\" data-type=\"column\"> <h2  class=\"\"><span  style=\"color: rgb(0, 0, 0);\">Comentarios<\/span><\/h2> <p  class=\"lead\"><span  style=\"font-family: Muli, arial, helvetica, sans-serif; font-weight: 400;\">Esto es lo que dicen nuestros hu\u00e9spedes<\/span><\/p><\/div> <\/div> <div  class=\"row center-xs middle-xs\"> <div  class=\"col-sm-9\" data-type=\"column\"><p  class=\"lead\"><iframe  id=\"iframe2\" src=\"https:\/\/engines.hoteliers.com\/en\/864\/wlpreviews\/\" frameborder=\"0\" style=\"width: 100%; height: 800px;\"><\/iframe><\/p> <\/div> <\/div><\/div> <\/div><div  data-label=\"Book With Us\" data-id=\"cta--1\" data-export-id=\"cta-blue-section\" data-category=\"cta\" class=\"cta-blue-section content-section content-section-spacing-medium bg-color1 white-text\" id=\"book-with-us\" style=\"background-image: none; background-color: rgb(0, 0, 0); --darkreader-inline-bgimage: none; --darkreader-inline-bgcolor: #2c2f31;\" data-darkreader-inline-bgimage=\"\" data-darkreader-inline-bgcolor=\"\"><div  class=\"gridContainer\"> <div  class=\"row middle-xs\"><div  class=\"col-sm-8 space-bottom-xs\" data-type=\"column\">  <h3  class=\"\"><span  style=\"font-weight: 400; font-family: Muli, arial, helvetica, sans-serif;\">Reserve con nosotros y obtenga un 10% de descuento en su estancia<\/span><\/h3><\/div> <div  class=\"col-sm-4 end-sm\" data-type=\"column\"> <a  class=\"button color4 white-text\" href=\"https:\/\/ibe2.smarthotel.nl\/?id=41da65c8-6f1f-4bb1-977c-dd21cf1e89e0&#038;segment=Hotel&#038;promocode=MULTATULI\" target=\"_blank\" data-cp-link=\"1\" data-icon=\"fa-arrow-circle-right\" rel=\"noopener\"><span class=\"button-icon fa fa-arrow-circle-right\" ><\/span>Reservar ahora<\/a><\/div> <\/div><\/div> <\/div><div  data-label=\"Top Footer\" data-id=\"clients--1\" data-export-id=\"clients-1\" data-category=\"clients\" class=\"clients-1 content-section content-section-spacing content-relative\" id=\"top-footer\" style=\"background-color: rgb(255, 255, 255); background-image: none; --darkreader-inline-bgcolor: #181a1b; --darkreader-inline-bgimage: none;\" data-darkreader-inline-bgcolor=\"\" data-darkreader-inline-bgimage=\"\"><div  class=\"gridContainer\"> <div  class=\"row middle-sm\"><div  data-type=\"column\" class=\"col-sm-6 space-bottom-xs\"><img  decoding=\"async\" class=\"custom-image\" src=\"https:\/\/www.hotelmultatuli.nl\/wp-content\/uploads\/2022\/11\/Keurmerk-3-Ster-Superior-Zwart-1-e1668187604616.png\" title=\"Keurmerk-3-Ster-Superior-Zwart\" alt=\"\">  <\/div> <div  class=\"col-sm-6\"><div  data-type=\"row\" class=\"row spaced-cols center-xs padding-lr\"> <div  class=\"col-xs-3 col-md-2\"> <img  decoding=\"async\" src=\"https:\/\/www.hotelmultatuli.nl\/wp-content\/uploads\/2023\/04\/cropped-8385-ideal_102481.png\" class=\"desaturate\" title=\"cropped-8385-ideal_102481.png\" alt=\"\"><\/div><div  class=\"col-xs-3 col-md-2\"> <img  decoding=\"async\" src=\"https:\/\/www.hotelmultatuli.nl\/wp-content\/uploads\/2023\/04\/Sofort-klarna-logo.svg_.png\" class=\"desaturate\" title=\"Sofort-klarna-logo.svg\" alt=\"\"><\/div><div  class=\"col-xs-3 col-md-2\"> <img  decoding=\"async\" src=\"https:\/\/www.hotelmultatuli.nl\/wp-content\/uploads\/2023\/04\/1280px-Bancontact_logo.svg_.png\" class=\"desaturate\" title=\"1280px-Bancontacto_logo.svg\" alt=\"\"><\/div><div  class=\"col-xs-3 col-md-2\"> <img  decoding=\"async\" src=\"https:\/\/www.hotelmultatuli.nl\/wp-content\/uploads\/2022\/11\/Mastercard_new_logo-1200x865-1.jpg\" class=\"desaturate\" title=\"Mastercard_new_logo-1200x865\" alt=\"\"><\/div><div  class=\"col-xs-3 col-md-2\"> <img  decoding=\"async\" src=\"https:\/\/www.hotelmultatuli.nl\/wp-content\/uploads\/2023\/04\/Maestro_logo.png\" class=\"desaturate\" title=\"Maestro_logo\" alt=\"\"><\/div><div  class=\"col-xs-3 col-md-2\"> <img  decoding=\"async\" src=\"https:\/\/www.hotelmultatuli.nl\/wp-content\/uploads\/2022\/11\/visa-logo-800x450-1.webp\" class=\"desaturate\" title=\"visa-logo-800x450\" alt=\"\"><\/div>  <div  class=\"col-xs-3 col-md-2\"> <img  decoding=\"async\" src=\"https:\/\/www.hotelmultatuli.nl\/wp-content\/uploads\/2022\/11\/4-you-might-not-notice-amex-new-brand.webp\" class=\"desaturate\" title=\"4-puede-que-no-notice-amex-nueva-marca\" alt=\"\"><\/div>  <div  class=\"col-xs-3 col-md-2\"> <img  decoding=\"async\" src=\"https:\/\/www.hotelmultatuli.nl\/wp-content\/uploads\/2023\/04\/Diners_Club_International-logo-EF50D35BE8-seeklogo.com_.png\" class=\"desaturate\" title=\"Diners_Club_International-logo-EF50D35BE8-seeklogo.com\" alt=\"\"><\/div><div  class=\"col-xs-3 col-md-2\"> <img  decoding=\"async\" src=\"https:\/\/www.hotelmultatuli.nl\/wp-content\/uploads\/2023\/04\/Discover_Card-logo-4BC5D7C02C-seeklogo.com_.png\" class=\"desaturate\" title=\"Descubrir_Card-logo-4BC5D7C02C-seeklogo.com\" alt=\"\"><\/div><div  class=\"col-xs-3 col-md-2\"> <img  decoding=\"async\" src=\"https:\/\/www.hotelmultatuli.nl\/wp-content\/uploads\/2022\/11\/2560px-JCB_logo.svg_.png\" class=\"desaturate\" title=\"2560px-JCB_logo.svg\" alt=\"\"><\/div><\/div><\/div> <\/div><\/div> <\/div>","protected":false},"excerpt":{"rendered":"<p>Sobre nosotros El Hotel Multatuli est\u00e1 situado al principio del barrio de los canales \u00abGrachtengordel\u00bb de \u00c1msterdam. Los canales del siglo XVII se incluyeron en la Lista del Patrimonio Mundial de la Unesco en 2010. El hotel est\u00e1 situado en un monumento nacional protegido que data de 1744. Frente al hotel se pueden hacer excursiones&hellip; <br \/> <a class=\"read-more\" href=\"https:\/\/www.hotelmultatuli.nl\/es\/\">Read more<\/a><\/p>\n","protected":false},"author":1,"featured_media":0,"parent":0,"menu_order":0,"comment_status":"closed","ping_status":"closed","template":"page-templates\/homepage.php","meta":{"footnotes":""},"class_list":["post-923","page","type-page","status-publish","hentry"],"yoast_head":"<!-- This site is optimized with the Yoast SEO plugin v27.5 - https:\/\/yoast.com\/product\/yoast-seo-wordpress\/ -->\n<title>Portada - Hotel Multatuli<\/title>\n<meta name=\"robots\" content=\"index, follow, max-snippet:-1, max-image-preview:large, max-video-preview:-1\" \/>\n<link rel=\"canonical\" href=\"https:\/\/www.hotelmultatuli.nl\/es\/\" \/>\n<meta property=\"og:locale\" content=\"es_ES\" \/>\n<meta property=\"og:type\" content=\"article\" \/>\n<meta property=\"og:title\" content=\"Portada - Hotel Multatuli\" \/>\n<meta property=\"og:description\" content=\"Sobre nosotros El Hotel Multatuli est\u00e1 situado al principio del barrio de los canales \u00abGrachtengordel\u00bb de \u00c1msterdam. Los canales del siglo XVII se incluyeron en la Lista del Patrimonio Mundial de la Unesco en 2010. El hotel est\u00e1 situado en un monumento nacional protegido que data de 1744. Frente al hotel se pueden hacer excursiones&hellip; Read more\" \/>\n<meta property=\"og:url\" content=\"https:\/\/www.hotelmultatuli.nl\/es\/\" \/>\n<meta property=\"og:site_name\" content=\"Hotel Multatuli\" \/>\n<meta property=\"article:modified_time\" content=\"2026-01-05T23:20:27+00:00\" \/>\n<meta property=\"og:image\" content=\"https:\/\/www.hotelmultatuli.nl\/wp-content\/uploads\/2023\/07\/cropped-MULTATULI-13-scaled-1.jpg\" \/>\n<meta name=\"twitter:card\" content=\"summary_large_image\" \/>\n<meta name=\"twitter:label1\" content=\"Tiempo de lectura\" \/>\n\t<meta name=\"twitter:data1\" content=\"1 minuto\" \/>\n<script type=\"application\/ld+json\" class=\"yoast-schema-graph\">{\"@context\":\"https:\\\/\\\/schema.org\",\"@graph\":[{\"@type\":\"WebPage\",\"@id\":\"https:\\\/\\\/www.hotelmultatuli.nl\\\/es\\\/\",\"url\":\"https:\\\/\\\/www.hotelmultatuli.nl\\\/es\\\/\",\"name\":\"Portada - Hotel Multatuli\",\"isPartOf\":{\"@id\":\"https:\\\/\\\/www.hotelmultatuli.nl\\\/es\\\/#website\"},\"primaryImageOfPage\":{\"@id\":\"https:\\\/\\\/www.hotelmultatuli.nl\\\/es\\\/#primaryimage\"},\"image\":{\"@id\":\"https:\\\/\\\/www.hotelmultatuli.nl\\\/es\\\/#primaryimage\"},\"thumbnailUrl\":\"https:\\\/\\\/www.hotelmultatuli.nl\\\/wp-content\\\/uploads\\\/2023\\\/07\\\/cropped-MULTATULI-13-scaled-1.jpg\",\"datePublished\":\"2022-11-11T14:37:00+00:00\",\"dateModified\":\"2026-01-05T23:20:27+00:00\",\"breadcrumb\":{\"@id\":\"https:\\\/\\\/www.hotelmultatuli.nl\\\/es\\\/#breadcrumb\"},\"inLanguage\":\"es\",\"potentialAction\":[{\"@type\":\"ReadAction\",\"target\":[\"https:\\\/\\\/www.hotelmultatuli.nl\\\/es\\\/\"]}]},{\"@type\":\"ImageObject\",\"inLanguage\":\"es\",\"@id\":\"https:\\\/\\\/www.hotelmultatuli.nl\\\/es\\\/#primaryimage\",\"url\":\"https:\\\/\\\/www.hotelmultatuli.nl\\\/wp-content\\\/uploads\\\/2023\\\/07\\\/cropped-MULTATULI-13-scaled-1.jpg\",\"contentUrl\":\"https:\\\/\\\/www.hotelmultatuli.nl\\\/wp-content\\\/uploads\\\/2023\\\/07\\\/cropped-MULTATULI-13-scaled-1.jpg\"},{\"@type\":\"BreadcrumbList\",\"@id\":\"https:\\\/\\\/www.hotelmultatuli.nl\\\/es\\\/#breadcrumb\",\"itemListElement\":[{\"@type\":\"ListItem\",\"position\":1,\"name\":\"Home\",\"item\":\"https:\\\/\\\/www.hotelmultatuli.nl\\\/es\\\/\"},{\"@type\":\"ListItem\",\"position\":2,\"name\":\"Portada\"}]},{\"@type\":\"WebSite\",\"@id\":\"https:\\\/\\\/www.hotelmultatuli.nl\\\/es\\\/#website\",\"url\":\"https:\\\/\\\/www.hotelmultatuli.nl\\\/es\\\/\",\"name\":\"Hotel Multatuli\",\"description\":\"Amsterdam\",\"publisher\":{\"@id\":\"https:\\\/\\\/www.hotelmultatuli.nl\\\/es\\\/#organization\"},\"potentialAction\":[{\"@type\":\"SearchAction\",\"target\":{\"@type\":\"EntryPoint\",\"urlTemplate\":\"https:\\\/\\\/www.hotelmultatuli.nl\\\/es\\\/?s={search_term_string}\"},\"query-input\":{\"@type\":\"PropertyValueSpecification\",\"valueRequired\":true,\"valueName\":\"search_term_string\"}}],\"inLanguage\":\"es\"},{\"@type\":\"Organization\",\"@id\":\"https:\\\/\\\/www.hotelmultatuli.nl\\\/es\\\/#organization\",\"name\":\"Hotel Multatuli\",\"url\":\"https:\\\/\\\/www.hotelmultatuli.nl\\\/es\\\/\",\"logo\":{\"@type\":\"ImageObject\",\"inLanguage\":\"es\",\"@id\":\"https:\\\/\\\/www.hotelmultatuli.nl\\\/es\\\/#\\\/schema\\\/logo\\\/image\\\/\",\"url\":\"https:\\\/\\\/www.hotelmultatuli.nl\\\/wp-content\\\/uploads\\\/2022\\\/09\\\/logo-multatuli-hotel.png\",\"contentUrl\":\"https:\\\/\\\/www.hotelmultatuli.nl\\\/wp-content\\\/uploads\\\/2022\\\/09\\\/logo-multatuli-hotel.png\",\"width\":300,\"height\":69,\"caption\":\"Hotel Multatuli\"},\"image\":{\"@id\":\"https:\\\/\\\/www.hotelmultatuli.nl\\\/es\\\/#\\\/schema\\\/logo\\\/image\\\/\"}}]}<\/script>\n<!-- \/ Yoast SEO plugin. -->","yoast_head_json":{"title":"Portada - Hotel Multatuli","robots":{"index":"index","follow":"follow","max-snippet":"max-snippet:-1","max-image-preview":"max-image-preview:large","max-video-preview":"max-video-preview:-1"},"canonical":"https:\/\/www.hotelmultatuli.nl\/es\/","og_locale":"es_ES","og_type":"article","og_title":"Portada - Hotel Multatuli","og_description":"Sobre nosotros El Hotel Multatuli est\u00e1 situado al principio del barrio de los canales \u00abGrachtengordel\u00bb de \u00c1msterdam. Los canales del siglo XVII se incluyeron en la Lista del Patrimonio Mundial de la Unesco en 2010. El hotel est\u00e1 situado en un monumento nacional protegido que data de 1744. Frente al hotel se pueden hacer excursiones&hellip; Read more","og_url":"https:\/\/www.hotelmultatuli.nl\/es\/","og_site_name":"Hotel Multatuli","article_modified_time":"2026-01-05T23:20:27+00:00","og_image":[{"url":"https:\/\/www.hotelmultatuli.nl\/wp-content\/uploads\/2023\/07\/cropped-MULTATULI-13-scaled-1.jpg","type":"","width":"","height":""}],"twitter_card":"summary_large_image","twitter_misc":{"Tiempo de lectura":"1 minuto"},"schema":{"@context":"https:\/\/schema.org","@graph":[{"@type":"WebPage","@id":"https:\/\/www.hotelmultatuli.nl\/es\/","url":"https:\/\/www.hotelmultatuli.nl\/es\/","name":"Portada - Hotel Multatuli","isPartOf":{"@id":"https:\/\/www.hotelmultatuli.nl\/es\/#website"},"primaryImageOfPage":{"@id":"https:\/\/www.hotelmultatuli.nl\/es\/#primaryimage"},"image":{"@id":"https:\/\/www.hotelmultatuli.nl\/es\/#primaryimage"},"thumbnailUrl":"https:\/\/www.hotelmultatuli.nl\/wp-content\/uploads\/2023\/07\/cropped-MULTATULI-13-scaled-1.jpg","datePublished":"2022-11-11T14:37:00+00:00","dateModified":"2026-01-05T23:20:27+00:00","breadcrumb":{"@id":"https:\/\/www.hotelmultatuli.nl\/es\/#breadcrumb"},"inLanguage":"es","potentialAction":[{"@type":"ReadAction","target":["https:\/\/www.hotelmultatuli.nl\/es\/"]}]},{"@type":"ImageObject","inLanguage":"es","@id":"https:\/\/www.hotelmultatuli.nl\/es\/#primaryimage","url":"https:\/\/www.hotelmultatuli.nl\/wp-content\/uploads\/2023\/07\/cropped-MULTATULI-13-scaled-1.jpg","contentUrl":"https:\/\/www.hotelmultatuli.nl\/wp-content\/uploads\/2023\/07\/cropped-MULTATULI-13-scaled-1.jpg"},{"@type":"BreadcrumbList","@id":"https:\/\/www.hotelmultatuli.nl\/es\/#breadcrumb","itemListElement":[{"@type":"ListItem","position":1,"name":"Home","item":"https:\/\/www.hotelmultatuli.nl\/es\/"},{"@type":"ListItem","position":2,"name":"Portada"}]},{"@type":"WebSite","@id":"https:\/\/www.hotelmultatuli.nl\/es\/#website","url":"https:\/\/www.hotelmultatuli.nl\/es\/","name":"Hotel Multatuli","description":"Amsterdam","publisher":{"@id":"https:\/\/www.hotelmultatuli.nl\/es\/#organization"},"potentialAction":[{"@type":"SearchAction","target":{"@type":"EntryPoint","urlTemplate":"https:\/\/www.hotelmultatuli.nl\/es\/?s={search_term_string}"},"query-input":{"@type":"PropertyValueSpecification","valueRequired":true,"valueName":"search_term_string"}}],"inLanguage":"es"},{"@type":"Organization","@id":"https:\/\/www.hotelmultatuli.nl\/es\/#organization","name":"Hotel Multatuli","url":"https:\/\/www.hotelmultatuli.nl\/es\/","logo":{"@type":"ImageObject","inLanguage":"es","@id":"https:\/\/www.hotelmultatuli.nl\/es\/#\/schema\/logo\/image\/","url":"https:\/\/www.hotelmultatuli.nl\/wp-content\/uploads\/2022\/09\/logo-multatuli-hotel.png","contentUrl":"https:\/\/www.hotelmultatuli.nl\/wp-content\/uploads\/2022\/09\/logo-multatuli-hotel.png","width":300,"height":69,"caption":"Hotel Multatuli"},"image":{"@id":"https:\/\/www.hotelmultatuli.nl\/es\/#\/schema\/logo\/image\/"}}]}},"_links":{"self":[{"href":"https:\/\/www.hotelmultatuli.nl\/es\/wp-json\/wp\/v2\/pages\/923","targetHints":{"allow":["GET"]}}],"collection":[{"href":"https:\/\/www.hotelmultatuli.nl\/es\/wp-json\/wp\/v2\/pages"}],"about":[{"href":"https:\/\/www.hotelmultatuli.nl\/es\/wp-json\/wp\/v2\/types\/page"}],"author":[{"embeddable":true,"href":"https:\/\/www.hotelmultatuli.nl\/es\/wp-json\/wp\/v2\/users\/1"}],"replies":[{"embeddable":true,"href":"https:\/\/www.hotelmultatuli.nl\/es\/wp-json\/wp\/v2\/comments?post=923"}],"version-history":[{"count":6,"href":"https:\/\/www.hotelmultatuli.nl\/es\/wp-json\/wp\/v2\/pages\/923\/revisions"}],"predecessor-version":[{"id":2298,"href":"https:\/\/www.hotelmultatuli.nl\/es\/wp-json\/wp\/v2\/pages\/923\/revisions\/2298"}],"wp:attachment":[{"href":"https:\/\/www.hotelmultatuli.nl\/es\/wp-json\/wp\/v2\/media?parent=923"}],"curies":[{"name":"wp","href":"https:\/\/api.w.org\/{rel}","templated":true}]}}