{"id":974,"date":"2023-02-06T19:19:41","date_gmt":"2023-02-06T19:19:41","guid":{"rendered":"https:\/\/www.hotelmultatuli.nl\/faq\/"},"modified":"2023-05-04T15:29:20","modified_gmt":"2023-05-04T15:29:20","slug":"faq","status":"publish","type":"page","link":"https:\/\/www.hotelmultatuli.nl\/de\/faq\/","title":{"rendered":"Faq"},"content":{"rendered":"\n<p><strong><em>Kann ich in Ihrem Hotel das Internet nutzen?<\/em><\/strong><\/p>\n\n<ul class=\"wp-block-list\">\n<li>Kostenloses Wifi ist im Hotel verf\u00fcgbar.<\/li>\n<\/ul>\n\n<p><strong><em>Stellt das Hotel Babybetten zur Verf\u00fcgung?<\/em><\/strong><\/p>\n\n<ul class=\"wp-block-list\">\n<li>Auf Wunsch wird ein kostenloses Babybett in Ihrem Zimmer aufgestellt. Kinder bis zum Alter von 3 Jahren \u00fcbernachten in unserem Hotel kostenlos.<\/li>\n<\/ul>\n\n<p><em><strong>Wo kann ich meine Wertsachen lassen?  <\/strong><\/em><\/p>\n\n<ul class=\"wp-block-list\">\n<li>Alle Zimmer sind mit einem Schlie\u00dffach ausgestattet.<\/li>\n<\/ul>\n\n<p><strong><em>Wo kann ich mein Gep\u00e4ck abstellen, wenn ich aus dem Hotel ausgecheckt habe?<\/em><\/strong><\/p>\n\n<ul class=\"wp-block-list\">\n<li>Das Hotel verf\u00fcgt \u00fcber einen Gep\u00e4ckraum, in dem Sie Ihre Habseligkeiten sicher aufbewahren k\u00f6nnen.<\/li>\n<\/ul>\n\n<p><strong><em>Ist die Hotelrezeption nachts geschlossen?<\/em><\/strong><\/p>\n\n<ul class=\"wp-block-list\">\n<li>Das Hotel Multatuli ist 7 Tage die Woche, 24 Stunden am Tag ge\u00f6ffnet. Unser Personal steht Ihnen jederzeit zur Verf\u00fcgung<\/li>\n<\/ul>\n\n<p><strong><em>Was tue ich, wenn ich w\u00e4hrend meines Aufenthalts in Ihrem Hotel krank werde?<\/em><\/strong><\/p>\n\n<ul class=\"wp-block-list\">\n<li>Wenn Sie medizinische Hilfe ben\u00f6tigen, wird die Rezeption auf Ihren Wunsch hin einen Arzt rufen. Arztbesuche in Ihrem Zimmer kosten 80 bis 100 Euro. Erkundigen Sie sich bei Ihrer Krankenkasse nach einer Erstattung der Geb\u00fchr.<\/li>\n<\/ul>\n\n<p><strong><em>Wird mein Zimmer genau so aussehen wie auf den Bildern der Website?<\/em><\/strong><\/p>\n\n<ul class=\"wp-block-list\">\n<li>Die Fotos auf der Website sollen einen Eindruck von unseren G\u00e4stezimmern vermitteln. Sie wurden sorgf\u00e4ltig ausgew\u00e4hlt und sind repr\u00e4sentativ f\u00fcr das Ambiente des Hotels. Es kann jedoch sein, dass Ihr Zimmer etwas anders aussieht als das, was Sie auf den Fotos gesehen haben.<\/li>\n<\/ul>\n\n<p><strong><em>Ich habe keine Kreditkarte. Kann ich noch ein Zimmer im Hotel Multatuli buchen?<\/em><\/strong><\/p>\n\n<ul class=\"wp-block-list\">\n<li>Wir bitten Sie, sich mit unserem Hotel in Verbindung zu setzen:<br\/><a href=\"mailto:reservations@multatulihote.nl\">reservations@multatulihotel.nl<\/a> <br\/>+31 020 627 4282<\/li>\n<\/ul>\n\n<p><strong><em>Ich m\u00f6chte meine Reservierung stornieren. Was sind die Bedingungen f\u00fcr die Annullierung?<\/em><\/strong><\/p>\n\n<ul class=\"wp-block-list\">\n<li>Sobald Sie ein Zimmer gebucht haben, k\u00f6nnen Sie bis 48 Stunden vor dem Anreisedatum kostenlos stornieren. Bitte beachten Sie, dass der Anreisetag um 00.00 Uhr (MEZ) beginnt. Wenn Sie zu sp\u00e4t stornieren oder am vereinbarten Tag nicht anreisen, m\u00fcssen wir Ihnen die erste Nacht Ihrer Reservierung in Rechnung stellen. Bitte beachten Sie unsere <a rel=\"noreferrer noopener\" href=\"https:\/\/www.hotelmultatuli.nl\/de\/reservierungs-und-stornierungsbedingungen\/\" data-type=\"page\" data-id=\"272\" target=\"_blank\">Reservierungs- und Stornierungsbedingungen<\/a>.<\/li>\n<\/ul>\n\n<p><em><strong>Auf meiner Kreditkartenabrechnung steht, dass ich meine Hotelrechnung schon vor meiner Ankunft im Hotel bezahlt habe. Wie ist das m\u00f6glich?<\/strong><\/em><\/p>\n\n<ul class=\"wp-block-list\">\n<li>Bei der Reservierung haben Sie Ihre Kreditkartendaten angegeben. Das Hotel Multatuli verwendet diese Informationen, um die Autorisierung durch Ihr Kreditkartenunternehmen zu beantragen. Dies ist ein Standardverfahren, um zu best\u00e4tigen, dass die Kreditlimits die m\u00f6glichen Ausgaben decken. Einige Kreditkartenunternehmen informieren die Karteninhaber \u00fcber Genehmigungsanfragen. In diesem Fall kann Ihr Kontoauszug eine vor\u00fcbergehende Begrenzung Ihres Kredith\u00f6chstbetrags bis zur H\u00f6he Ihrer Reservierung ausweisen. Es handelt sich keineswegs um eine echte Zahlung. Es wurde kein Geld an das Hotel \u00fcberwiesen. Sie bezahlen die Anzahl der N\u00e4chte, die Sie bleiben m\u00f6chten, wenn Sie im Hotel ankommen. Sie k\u00f6nnen dies mit Bargeld oder per Pin tun. Die Begrenzung Ihres Kredith\u00f6chstbetrags wird sofort aufgehoben. Wenn Sie mit Kreditkarte bezahlen m\u00f6chten, best\u00e4tigen Sie die Kreditkartentransaktion. Erst dann wird Ihr maximales Guthaben um die f\u00e4lligen Kosten reduziert. <a href=\"https:\/\/www.hotelmultatuli.nl\/de\/reservierungs-und-stornierungsbedingungen\/\" data-type=\"page\" data-id=\"272\">Reservierungen &amp; Stornierungen Politik<\/a>.<\/li>\n<\/ul>\n\n<p><strong><em>Wie komme ich von Schiphol zum Hotel Multatuli?<\/em><\/strong><\/p>\n\n<ul class=\"wp-block-list\">\n<li>Die schnellste und wirtschaftlichste Art der Bef\u00f6rderung ist der Zug, der direkt vom Flughafen Schiphol zum Hauptbahnhof Amsterdam f\u00e4hrt. Sie finden das Hotel Multatuli nach weniger als 5 Minuten Fu\u00dfweg, direkt \u00fcber den Bahnhofsvorplatz. Die Fahrt mit dem Zug dauert 15 bis 19 Minuten.  <a href=\"https:\/\/www.hotelmultatuli.nl\/de\/standort\/\" data-type=\"URL\" data-id=\"\/location\" target=\"_blank\" rel=\"noreferrer noopener\">Zuginformationen<\/a><\/li>\n<\/ul>\n\n<p><strong><em>Kann ich mit dem Schiphol Hotel Shuttle Bus zum und vom Hotel fahren?<\/em><\/strong><\/p>\n\n<ul class=\"wp-block-list\">\n<li>Ja, das k\u00f6nnen Sie. Von Schiphol aus m\u00fcssen Sie die Reise selbst organisieren. Die Rezeption des Hotels k\u00fcmmert sich um die Vorbereitungen f\u00fcr Sie. Die Fahrt dauert etwa 45 Minuten.  <a href=\"https:\/\/www.hotelmultatuli.nl\/de\/standort\/\" data-type=\"URL\" data-id=\"\/location\" target=\"_blank\" rel=\"noreferrer noopener\">Shuttle-Informationen<\/a><\/li>\n<\/ul>\n\n<p><strong><em>Kann ich mein Auto in der N\u00e4he des Hotels parken?<\/em><\/strong><\/p>\n\n<ul class=\"wp-block-list\">\n<li>Das Hotel Multatuli verf\u00fcgt nicht \u00fcber Privatparkpl\u00e4tze. Auf der gegen\u00fcberliegenden Stra\u00dfenseite (eine Minute Fu\u00dfweg) finden Sie jedoch Parkm\u00f6glichkeiten im Q-Park. Die Geb\u00fchr pro Tag betr\u00e4gt etwa 50 Euro. Im Stadtzentrum (5 Autominuten entfernt) gibt es g\u00fcnstigere Einrichtungen, die etwa 15 Euro pro Tag kosten. Die Hotelrezeption ist gerne bei der Suche nach geeigneten Parkpl\u00e4tzen behilflich.  <a href=\"https:\/\/www.hotelmultatuli.nl\/de\/standort\/\" data-type=\"URL\" data-id=\"\/location\">Informationen zum Parken<\/a><\/li>\n<\/ul>\n\n<p><strong><em>Um wie viel Uhr muss ich mein Zimmer am Abreisetag r\u00e4umen?<\/em><\/strong><\/p>\n\n<ul class=\"wp-block-list\">\n<li>Sie k\u00f6nnen bis 11.00 Uhr in Ihrem Zimmer bleiben. Nur nach R\u00fccksprache mit der Rezeption k\u00f6nnen Sie l\u00e4nger bleiben. Die Rezeption muss Ihnen m\u00f6glicherweise eine Geb\u00fchr f\u00fcr eine l\u00e4ngere Aufenthaltsdauer berechnen.<\/li>\n<\/ul>\n\n<p><strong><em>Zu welcher Zeit kann ich mein Zimmer nutzen?<\/em><\/strong><\/p>\n\n<ul class=\"wp-block-list\">\n<li>Sie k\u00f6nnen Ihr G\u00e4stezimmer ab 13.00 Uhr am Tag Ihrer Ankunft betreten. Bei fr\u00fchzeitiger Ankunft k\u00f6nnen Sie Ihr Zimmer nutzen, sobald unser Personal es f\u00fcr Sie hergerichtet hat.<\/li>\n<\/ul>\n\n<p><strong><em>Kann ich im Hotel rauchen?<\/em><\/strong><\/p>\n\n<ul class=\"wp-block-list\">\n<li>Das niederl\u00e4ndische Gesetz verbietet das Rauchen in unserem Hotel und seinen G\u00e4stezimmern. Bu\u00dfgelder, die sich auf bis zu 300 Euro belaufen k\u00f6nnen, werden Ihrer Rechnung hinzugef\u00fcgt. Der Konsum von Drogen (einschlie\u00dflich Cannabis und Haschisch) ist im gesamten Hotel strengstens untersagt.<\/li>\n<\/ul>\n\n<p><strong><em>Ist mein Hund in Ihrem Hotel erlaubt?<\/em><\/strong><\/p>\n\n<ul class=\"wp-block-list\">\n<li>Haustiere sind in unserem Hotel leider nicht erlaubt.<\/li>\n<\/ul>\n","protected":false},"excerpt":{"rendered":"<p>Kann ich in Ihrem Hotel das Internet nutzen? Stellt das Hotel Babybetten zur Verf\u00fcgung? Wo kann ich meine Wertsachen lassen? Wo kann ich mein Gep\u00e4ck abstellen, wenn ich aus dem Hotel ausgecheckt habe? Ist die Hotelrezeption nachts geschlossen? Was tue ich, wenn ich w\u00e4hrend meines Aufenthalts in Ihrem Hotel krank werde? Wird mein Zimmer genau&hellip; <br \/> <a class=\"read-more\" href=\"https:\/\/www.hotelmultatuli.nl\/de\/faq\/\">Read more<\/a><\/p>\n","protected":false},"author":1,"featured_media":0,"parent":0,"menu_order":0,"comment_status":"closed","ping_status":"closed","template":"","meta":{"footnotes":""},"class_list":["post-974","page","type-page","status-publish","hentry"],"yoast_head":"<!-- This site is optimized with the Yoast SEO plugin v27.5 - https:\/\/yoast.com\/product\/yoast-seo-wordpress\/ -->\n<title>Faq - Hotel Multatuli<\/title>\n<meta name=\"robots\" content=\"index, follow, max-snippet:-1, max-image-preview:large, max-video-preview:-1\" \/>\n<link rel=\"canonical\" href=\"https:\/\/www.hotelmultatuli.nl\/de\/faq\/\" \/>\n<meta property=\"og:locale\" content=\"de_DE\" \/>\n<meta property=\"og:type\" content=\"article\" \/>\n<meta property=\"og:title\" content=\"Faq - Hotel Multatuli\" \/>\n<meta property=\"og:description\" content=\"Kann ich in Ihrem Hotel das Internet nutzen? Stellt das Hotel Babybetten zur Verf\u00fcgung? Wo kann ich meine Wertsachen lassen? Wo kann ich mein Gep\u00e4ck abstellen, wenn ich aus dem Hotel ausgecheckt habe? Ist die Hotelrezeption nachts geschlossen? Was tue ich, wenn ich w\u00e4hrend meines Aufenthalts in Ihrem Hotel krank werde? Wird mein Zimmer genau&hellip; Read more\" \/>\n<meta property=\"og:url\" content=\"https:\/\/www.hotelmultatuli.nl\/de\/faq\/\" \/>\n<meta property=\"og:site_name\" content=\"Hotel Multatuli\" \/>\n<meta property=\"article:modified_time\" content=\"2023-05-04T15:29:20+00:00\" \/>\n<meta name=\"twitter:card\" content=\"summary_large_image\" \/>\n<meta name=\"twitter:label1\" content=\"Gesch\u00e4tzte Lesezeit\" \/>\n\t<meta name=\"twitter:data1\" content=\"4\u00a0Minuten\" \/>\n<script type=\"application\/ld+json\" class=\"yoast-schema-graph\">{\"@context\":\"https:\\\/\\\/schema.org\",\"@graph\":[{\"@type\":\"WebPage\",\"@id\":\"https:\\\/\\\/www.hotelmultatuli.nl\\\/de\\\/faq\\\/\",\"url\":\"https:\\\/\\\/www.hotelmultatuli.nl\\\/de\\\/faq\\\/\",\"name\":\"Faq - Hotel Multatuli\",\"isPartOf\":{\"@id\":\"https:\\\/\\\/www.hotelmultatuli.nl\\\/de\\\/#website\"},\"datePublished\":\"2023-02-06T19:19:41+00:00\",\"dateModified\":\"2023-05-04T15:29:20+00:00\",\"breadcrumb\":{\"@id\":\"https:\\\/\\\/www.hotelmultatuli.nl\\\/de\\\/faq\\\/#breadcrumb\"},\"inLanguage\":\"de\",\"potentialAction\":[{\"@type\":\"ReadAction\",\"target\":[\"https:\\\/\\\/www.hotelmultatuli.nl\\\/de\\\/faq\\\/\"]}]},{\"@type\":\"BreadcrumbList\",\"@id\":\"https:\\\/\\\/www.hotelmultatuli.nl\\\/de\\\/faq\\\/#breadcrumb\",\"itemListElement\":[{\"@type\":\"ListItem\",\"position\":1,\"name\":\"Home\",\"item\":\"https:\\\/\\\/www.hotelmultatuli.nl\\\/de\\\/\"},{\"@type\":\"ListItem\",\"position\":2,\"name\":\"Faq\"}]},{\"@type\":\"WebSite\",\"@id\":\"https:\\\/\\\/www.hotelmultatuli.nl\\\/de\\\/#website\",\"url\":\"https:\\\/\\\/www.hotelmultatuli.nl\\\/de\\\/\",\"name\":\"Hotel Multatuli\",\"description\":\"Amsterdam\",\"publisher\":{\"@id\":\"https:\\\/\\\/www.hotelmultatuli.nl\\\/de\\\/#organization\"},\"potentialAction\":[{\"@type\":\"SearchAction\",\"target\":{\"@type\":\"EntryPoint\",\"urlTemplate\":\"https:\\\/\\\/www.hotelmultatuli.nl\\\/de\\\/?s={search_term_string}\"},\"query-input\":{\"@type\":\"PropertyValueSpecification\",\"valueRequired\":true,\"valueName\":\"search_term_string\"}}],\"inLanguage\":\"de\"},{\"@type\":\"Organization\",\"@id\":\"https:\\\/\\\/www.hotelmultatuli.nl\\\/de\\\/#organization\",\"name\":\"Hotel Multatuli\",\"url\":\"https:\\\/\\\/www.hotelmultatuli.nl\\\/de\\\/\",\"logo\":{\"@type\":\"ImageObject\",\"inLanguage\":\"de\",\"@id\":\"https:\\\/\\\/www.hotelmultatuli.nl\\\/de\\\/#\\\/schema\\\/logo\\\/image\\\/\",\"url\":\"https:\\\/\\\/www.hotelmultatuli.nl\\\/wp-content\\\/uploads\\\/2022\\\/09\\\/logo-multatuli-hotel.png\",\"contentUrl\":\"https:\\\/\\\/www.hotelmultatuli.nl\\\/wp-content\\\/uploads\\\/2022\\\/09\\\/logo-multatuli-hotel.png\",\"width\":300,\"height\":69,\"caption\":\"Hotel Multatuli\"},\"image\":{\"@id\":\"https:\\\/\\\/www.hotelmultatuli.nl\\\/de\\\/#\\\/schema\\\/logo\\\/image\\\/\"}}]}<\/script>\n<!-- \/ Yoast SEO plugin. -->","yoast_head_json":{"title":"Faq - Hotel Multatuli","robots":{"index":"index","follow":"follow","max-snippet":"max-snippet:-1","max-image-preview":"max-image-preview:large","max-video-preview":"max-video-preview:-1"},"canonical":"https:\/\/www.hotelmultatuli.nl\/de\/faq\/","og_locale":"de_DE","og_type":"article","og_title":"Faq - Hotel Multatuli","og_description":"Kann ich in Ihrem Hotel das Internet nutzen? Stellt das Hotel Babybetten zur Verf\u00fcgung? Wo kann ich meine Wertsachen lassen? Wo kann ich mein Gep\u00e4ck abstellen, wenn ich aus dem Hotel ausgecheckt habe? Ist die Hotelrezeption nachts geschlossen? Was tue ich, wenn ich w\u00e4hrend meines Aufenthalts in Ihrem Hotel krank werde? Wird mein Zimmer genau&hellip; Read more","og_url":"https:\/\/www.hotelmultatuli.nl\/de\/faq\/","og_site_name":"Hotel Multatuli","article_modified_time":"2023-05-04T15:29:20+00:00","twitter_card":"summary_large_image","twitter_misc":{"Gesch\u00e4tzte Lesezeit":"4\u00a0Minuten"},"schema":{"@context":"https:\/\/schema.org","@graph":[{"@type":"WebPage","@id":"https:\/\/www.hotelmultatuli.nl\/de\/faq\/","url":"https:\/\/www.hotelmultatuli.nl\/de\/faq\/","name":"Faq - Hotel Multatuli","isPartOf":{"@id":"https:\/\/www.hotelmultatuli.nl\/de\/#website"},"datePublished":"2023-02-06T19:19:41+00:00","dateModified":"2023-05-04T15:29:20+00:00","breadcrumb":{"@id":"https:\/\/www.hotelmultatuli.nl\/de\/faq\/#breadcrumb"},"inLanguage":"de","potentialAction":[{"@type":"ReadAction","target":["https:\/\/www.hotelmultatuli.nl\/de\/faq\/"]}]},{"@type":"BreadcrumbList","@id":"https:\/\/www.hotelmultatuli.nl\/de\/faq\/#breadcrumb","itemListElement":[{"@type":"ListItem","position":1,"name":"Home","item":"https:\/\/www.hotelmultatuli.nl\/de\/"},{"@type":"ListItem","position":2,"name":"Faq"}]},{"@type":"WebSite","@id":"https:\/\/www.hotelmultatuli.nl\/de\/#website","url":"https:\/\/www.hotelmultatuli.nl\/de\/","name":"Hotel Multatuli","description":"Amsterdam","publisher":{"@id":"https:\/\/www.hotelmultatuli.nl\/de\/#organization"},"potentialAction":[{"@type":"SearchAction","target":{"@type":"EntryPoint","urlTemplate":"https:\/\/www.hotelmultatuli.nl\/de\/?s={search_term_string}"},"query-input":{"@type":"PropertyValueSpecification","valueRequired":true,"valueName":"search_term_string"}}],"inLanguage":"de"},{"@type":"Organization","@id":"https:\/\/www.hotelmultatuli.nl\/de\/#organization","name":"Hotel Multatuli","url":"https:\/\/www.hotelmultatuli.nl\/de\/","logo":{"@type":"ImageObject","inLanguage":"de","@id":"https:\/\/www.hotelmultatuli.nl\/de\/#\/schema\/logo\/image\/","url":"https:\/\/www.hotelmultatuli.nl\/wp-content\/uploads\/2022\/09\/logo-multatuli-hotel.png","contentUrl":"https:\/\/www.hotelmultatuli.nl\/wp-content\/uploads\/2022\/09\/logo-multatuli-hotel.png","width":300,"height":69,"caption":"Hotel Multatuli"},"image":{"@id":"https:\/\/www.hotelmultatuli.nl\/de\/#\/schema\/logo\/image\/"}}]}},"_links":{"self":[{"href":"https:\/\/www.hotelmultatuli.nl\/de\/wp-json\/wp\/v2\/pages\/974","targetHints":{"allow":["GET"]}}],"collection":[{"href":"https:\/\/www.hotelmultatuli.nl\/de\/wp-json\/wp\/v2\/pages"}],"about":[{"href":"https:\/\/www.hotelmultatuli.nl\/de\/wp-json\/wp\/v2\/types\/page"}],"author":[{"embeddable":true,"href":"https:\/\/www.hotelmultatuli.nl\/de\/wp-json\/wp\/v2\/users\/1"}],"replies":[{"embeddable":true,"href":"https:\/\/www.hotelmultatuli.nl\/de\/wp-json\/wp\/v2\/comments?post=974"}],"version-history":[{"count":1,"href":"https:\/\/www.hotelmultatuli.nl\/de\/wp-json\/wp\/v2\/pages\/974\/revisions"}],"predecessor-version":[{"id":981,"href":"https:\/\/www.hotelmultatuli.nl\/de\/wp-json\/wp\/v2\/pages\/974\/revisions\/981"}],"wp:attachment":[{"href":"https:\/\/www.hotelmultatuli.nl\/de\/wp-json\/wp\/v2\/media?parent=974"}],"curies":[{"name":"wp","href":"https:\/\/api.w.org\/{rel}","templated":true}]}}