{"id":960,"date":"2023-02-05T18:55:47","date_gmt":"2023-02-05T18:55:47","guid":{"rendered":"https:\/\/www.hotelmultatuli.nl\/reservierungs-und-stornierungsbedingungen\/"},"modified":"2026-01-01T22:16:03","modified_gmt":"2026-01-01T22:16:03","slug":"reservierungs-und-stornierungsbedingungen","status":"publish","type":"page","link":"https:\/\/www.hotelmultatuli.nl\/de\/reservierungs-und-stornierungsbedingungen\/","title":{"rendered":"Reservierungs- und Stornierungsbedingungen"},"content":{"rendered":"<div data-id=\"initial-content-section\" data-export-id=\"initial-content-section\" data-label=\"Initial Content\" id=\"initial-content-section\" class=\"content-section content-section-spacing\">\n   <div class=\"gridContainer\">\n     <div class=\"row\">\n\n        <div class=\"col-xs-12 col-sm-12\">                <p><\/p>\n<p><strong>Reservierungs- und Stornierungsbedingungen<\/strong><\/p>\n<p><\/p>\n<p><\/p>\n<p><span style=\"font-weight: 600;\">Reservierungen<\/span><\/p>\n<p><\/p>\n<p><\/p>\n<p>Um ein oder mehrere G\u00e4stezimmer zu buchen, m\u00fcssen Sie Ihre Kreditkartendaten angeben. Diese Angaben erm\u00f6glichen es unserem Hotel, die Autorisierung durch Ihr Kreditkartenunternehmen zu beantragen. Dies ist ein Standardverfahren, um zu best\u00e4tigen, dass die Kreditlimits die m\u00f6glichen Ausgaben decken. Einige Kreditkartenunternehmen informieren die Karteninhaber \u00fcber Genehmigungsanfragen. In diesem Fall kann Ihr Kontoauszug eine vor\u00fcbergehende Begrenzung Ihres Kredith\u00f6chstbetrags bis zur H\u00f6he Ihrer Reservierung ausweisen. Diese Einschr\u00e4nkung stellt jedoch keine Zahlung dar. Die eigentliche Zahlung erfolgt bei der Anmeldung bei Ihrer Ankunft im Hotel. An dieser Stelle k\u00f6nnen Sie beschlie\u00dfen, Ihre Kreditkarte zu verwenden, indem Sie die Ausgaben Ihrer Karte validieren. Wenn Sie sich f\u00fcr eine Barzahlung oder eine Zahlung per Pin entscheiden, wird die Begrenzung Ihres Guthabens sofort aufgehoben.<\/p>\n<p><\/p>\n<p><\/p>\n<p>Bei der Ankunft werden Sie gebeten, die Anzahl der reservierten N\u00e4chte zu bezahlen. Die Preise beinhalten das Fr\u00fchst\u00fcck. Eine Kurtaxe von 12,50 % wird auf Ihre Rechnung aufgeschlagen. Unsere Rezeptionisten akzeptieren Zahlungen per Kreditkarte, Pin oder in bar.<\/p>\n<p><\/p>\n<p><\/p>\n<p>Das Hotel Multatuli nimmt keine Reservierungen f\u00fcr Gruppen \u00fcber 7 Personen oder f\u00fcr mehr als 3 Zimmer an.<\/p>\n<p><\/p>\n<p><\/p>\n<p>Ihr Zimmer steht Ihnen am Anreisetag ab 13.00 Uhr zur Verf\u00fcgung. Sie werden gebeten, Ihr Zimmer am Abreisetag vor 11.00 Uhr zu r\u00e4umen.<\/p>\n<p><\/p>\n<p><\/p>\n<p><span style=\"font-weight: 600;\">\u00c4ndern Sie Ihre Reservierung<\/span><\/p>\n<p><\/p>\n<p><\/p>\n<p>Wenn Sie Ihre Reservierung stornieren oder \u00e4ndern m\u00f6chten, k\u00f6nnen Sie dies bis zu 48 Stunden vor 00.00 Uhr (MEZ) des vereinbarten Ankunftstages kostenlos tun. Sie erhalten eine E-Mail zur Best\u00e4tigung Ihrer neuen Reservierung oder Ihrer Stornierung.<\/p>\n<p><\/p>\n<p><\/p>\n<p><span style=\"font-weight: 600;\">Stornierung<\/span><\/p>\n<p><\/p>\n<p><\/p>\n<p>Sollten Sie sich gezwungen sehen, Ihre Buchung zu stornieren, k\u00f6nnen Sie dies \u00fcber die Online-Stornierungsfunktion tun oder sich direkt an das Hotel wenden. Die Stornierung ist bis zu 48 Stunden vor 00.00 Uhr (MEZ) des vereinbarten Anreisedatums kostenlos. Bei Stornierungen innerhalb von 48 Stunden vor der erwarteten Ankunft wird der Betrag f\u00fcr die erste Nacht in Rechnung gestellt. Bei einer nicht stornierten Reservierung wird ebenfalls der Betrag f\u00fcr die erste Nacht in Rechnung gestellt. Das Hotel wird Ihre Kreditkarte mit dieser Geb\u00fchr belasten und Ihre Stornierung und Zahlung per E-Mail best\u00e4tigen.<\/p>\n<p><\/p>\n<p><\/p>\n<p><\/p>\n<p><\/p>\n<p><\/p>\n<p><\/p>\n<p><\/p>\n<p><\/p>\n<p><\/p>\n<p><\/p>\n\n          <\/div>\n      <\/div>\n  <\/div>\n<\/div>","protected":false},"excerpt":{"rendered":"<p>Reservierungs- und Stornierungsbedingungen Reservierungen Um ein oder mehrere G\u00e4stezimmer zu buchen, m\u00fcssen Sie Ihre Kreditkartendaten angeben. Diese Angaben erm\u00f6glichen es unserem Hotel, die Autorisierung durch Ihr Kreditkartenunternehmen zu beantragen. Dies ist ein Standardverfahren, um zu best\u00e4tigen, dass die Kreditlimits die m\u00f6glichen Ausgaben decken. Einige Kreditkartenunternehmen informieren die Karteninhaber \u00fcber Genehmigungsanfragen. In diesem Fall kann Ihr&hellip; <br \/> <a class=\"read-more\" href=\"https:\/\/www.hotelmultatuli.nl\/de\/reservierungs-und-stornierungsbedingungen\/\">Read more<\/a><\/p>\n","protected":false},"author":1,"featured_media":0,"parent":0,"menu_order":0,"comment_status":"closed","ping_status":"closed","template":"pro\/page-templates\/full-width-page.php","meta":{"footnotes":""},"class_list":["post-960","page","type-page","status-publish","hentry"],"yoast_head":"<!-- This site is optimized with the Yoast SEO plugin v27.5 - https:\/\/yoast.com\/product\/yoast-seo-wordpress\/ -->\n<title>Reservierungs- und Stornierungsbedingungen - Hotel Multatuli<\/title>\n<meta name=\"robots\" content=\"index, follow, max-snippet:-1, max-image-preview:large, max-video-preview:-1\" \/>\n<link rel=\"canonical\" href=\"https:\/\/www.hotelmultatuli.nl\/de\/reservierungs-und-stornierungsbedingungen\/\" \/>\n<meta property=\"og:locale\" content=\"de_DE\" \/>\n<meta property=\"og:type\" content=\"article\" \/>\n<meta property=\"og:title\" content=\"Reservierungs- und Stornierungsbedingungen - Hotel Multatuli\" \/>\n<meta property=\"og:description\" content=\"Reservierungs- und Stornierungsbedingungen Reservierungen Um ein oder mehrere G\u00e4stezimmer zu buchen, m\u00fcssen Sie Ihre Kreditkartendaten angeben. Diese Angaben erm\u00f6glichen es unserem Hotel, die Autorisierung durch Ihr Kreditkartenunternehmen zu beantragen. Dies ist ein Standardverfahren, um zu best\u00e4tigen, dass die Kreditlimits die m\u00f6glichen Ausgaben decken. Einige Kreditkartenunternehmen informieren die Karteninhaber \u00fcber Genehmigungsanfragen. In diesem Fall kann Ihr&hellip; Read more\" \/>\n<meta property=\"og:url\" content=\"https:\/\/www.hotelmultatuli.nl\/de\/reservierungs-und-stornierungsbedingungen\/\" \/>\n<meta property=\"og:site_name\" content=\"Hotel Multatuli\" \/>\n<meta property=\"article:modified_time\" content=\"2026-01-01T22:16:03+00:00\" \/>\n<meta name=\"twitter:card\" content=\"summary_large_image\" \/>\n<meta name=\"twitter:label1\" content=\"Gesch\u00e4tzte Lesezeit\" \/>\n\t<meta name=\"twitter:data1\" content=\"2\u00a0Minuten\" \/>\n<script type=\"application\/ld+json\" class=\"yoast-schema-graph\">{\"@context\":\"https:\\\/\\\/schema.org\",\"@graph\":[{\"@type\":\"WebPage\",\"@id\":\"https:\\\/\\\/www.hotelmultatuli.nl\\\/de\\\/reservierungs-und-stornierungsbedingungen\\\/\",\"url\":\"https:\\\/\\\/www.hotelmultatuli.nl\\\/de\\\/reservierungs-und-stornierungsbedingungen\\\/\",\"name\":\"Reservierungs- und Stornierungsbedingungen - Hotel Multatuli\",\"isPartOf\":{\"@id\":\"https:\\\/\\\/www.hotelmultatuli.nl\\\/de\\\/#website\"},\"datePublished\":\"2023-02-05T18:55:47+00:00\",\"dateModified\":\"2026-01-01T22:16:03+00:00\",\"breadcrumb\":{\"@id\":\"https:\\\/\\\/www.hotelmultatuli.nl\\\/de\\\/reservierungs-und-stornierungsbedingungen\\\/#breadcrumb\"},\"inLanguage\":\"de\",\"potentialAction\":[{\"@type\":\"ReadAction\",\"target\":[\"https:\\\/\\\/www.hotelmultatuli.nl\\\/de\\\/reservierungs-und-stornierungsbedingungen\\\/\"]}]},{\"@type\":\"BreadcrumbList\",\"@id\":\"https:\\\/\\\/www.hotelmultatuli.nl\\\/de\\\/reservierungs-und-stornierungsbedingungen\\\/#breadcrumb\",\"itemListElement\":[{\"@type\":\"ListItem\",\"position\":1,\"name\":\"Home\",\"item\":\"https:\\\/\\\/www.hotelmultatuli.nl\\\/de\\\/\"},{\"@type\":\"ListItem\",\"position\":2,\"name\":\"Reservierungs- und Stornierungsbedingungen\"}]},{\"@type\":\"WebSite\",\"@id\":\"https:\\\/\\\/www.hotelmultatuli.nl\\\/de\\\/#website\",\"url\":\"https:\\\/\\\/www.hotelmultatuli.nl\\\/de\\\/\",\"name\":\"Hotel Multatuli\",\"description\":\"Amsterdam\",\"publisher\":{\"@id\":\"https:\\\/\\\/www.hotelmultatuli.nl\\\/de\\\/#organization\"},\"potentialAction\":[{\"@type\":\"SearchAction\",\"target\":{\"@type\":\"EntryPoint\",\"urlTemplate\":\"https:\\\/\\\/www.hotelmultatuli.nl\\\/de\\\/?s={search_term_string}\"},\"query-input\":{\"@type\":\"PropertyValueSpecification\",\"valueRequired\":true,\"valueName\":\"search_term_string\"}}],\"inLanguage\":\"de\"},{\"@type\":\"Organization\",\"@id\":\"https:\\\/\\\/www.hotelmultatuli.nl\\\/de\\\/#organization\",\"name\":\"Hotel Multatuli\",\"url\":\"https:\\\/\\\/www.hotelmultatuli.nl\\\/de\\\/\",\"logo\":{\"@type\":\"ImageObject\",\"inLanguage\":\"de\",\"@id\":\"https:\\\/\\\/www.hotelmultatuli.nl\\\/de\\\/#\\\/schema\\\/logo\\\/image\\\/\",\"url\":\"https:\\\/\\\/www.hotelmultatuli.nl\\\/wp-content\\\/uploads\\\/2022\\\/09\\\/logo-multatuli-hotel.png\",\"contentUrl\":\"https:\\\/\\\/www.hotelmultatuli.nl\\\/wp-content\\\/uploads\\\/2022\\\/09\\\/logo-multatuli-hotel.png\",\"width\":300,\"height\":69,\"caption\":\"Hotel Multatuli\"},\"image\":{\"@id\":\"https:\\\/\\\/www.hotelmultatuli.nl\\\/de\\\/#\\\/schema\\\/logo\\\/image\\\/\"}}]}<\/script>\n<!-- \/ Yoast SEO plugin. -->","yoast_head_json":{"title":"Reservierungs- und Stornierungsbedingungen - Hotel Multatuli","robots":{"index":"index","follow":"follow","max-snippet":"max-snippet:-1","max-image-preview":"max-image-preview:large","max-video-preview":"max-video-preview:-1"},"canonical":"https:\/\/www.hotelmultatuli.nl\/de\/reservierungs-und-stornierungsbedingungen\/","og_locale":"de_DE","og_type":"article","og_title":"Reservierungs- und Stornierungsbedingungen - Hotel Multatuli","og_description":"Reservierungs- und Stornierungsbedingungen Reservierungen Um ein oder mehrere G\u00e4stezimmer zu buchen, m\u00fcssen Sie Ihre Kreditkartendaten angeben. Diese Angaben erm\u00f6glichen es unserem Hotel, die Autorisierung durch Ihr Kreditkartenunternehmen zu beantragen. Dies ist ein Standardverfahren, um zu best\u00e4tigen, dass die Kreditlimits die m\u00f6glichen Ausgaben decken. Einige Kreditkartenunternehmen informieren die Karteninhaber \u00fcber Genehmigungsanfragen. In diesem Fall kann Ihr&hellip; Read more","og_url":"https:\/\/www.hotelmultatuli.nl\/de\/reservierungs-und-stornierungsbedingungen\/","og_site_name":"Hotel Multatuli","article_modified_time":"2026-01-01T22:16:03+00:00","twitter_card":"summary_large_image","twitter_misc":{"Gesch\u00e4tzte Lesezeit":"2\u00a0Minuten"},"schema":{"@context":"https:\/\/schema.org","@graph":[{"@type":"WebPage","@id":"https:\/\/www.hotelmultatuli.nl\/de\/reservierungs-und-stornierungsbedingungen\/","url":"https:\/\/www.hotelmultatuli.nl\/de\/reservierungs-und-stornierungsbedingungen\/","name":"Reservierungs- und Stornierungsbedingungen - Hotel Multatuli","isPartOf":{"@id":"https:\/\/www.hotelmultatuli.nl\/de\/#website"},"datePublished":"2023-02-05T18:55:47+00:00","dateModified":"2026-01-01T22:16:03+00:00","breadcrumb":{"@id":"https:\/\/www.hotelmultatuli.nl\/de\/reservierungs-und-stornierungsbedingungen\/#breadcrumb"},"inLanguage":"de","potentialAction":[{"@type":"ReadAction","target":["https:\/\/www.hotelmultatuli.nl\/de\/reservierungs-und-stornierungsbedingungen\/"]}]},{"@type":"BreadcrumbList","@id":"https:\/\/www.hotelmultatuli.nl\/de\/reservierungs-und-stornierungsbedingungen\/#breadcrumb","itemListElement":[{"@type":"ListItem","position":1,"name":"Home","item":"https:\/\/www.hotelmultatuli.nl\/de\/"},{"@type":"ListItem","position":2,"name":"Reservierungs- und Stornierungsbedingungen"}]},{"@type":"WebSite","@id":"https:\/\/www.hotelmultatuli.nl\/de\/#website","url":"https:\/\/www.hotelmultatuli.nl\/de\/","name":"Hotel Multatuli","description":"Amsterdam","publisher":{"@id":"https:\/\/www.hotelmultatuli.nl\/de\/#organization"},"potentialAction":[{"@type":"SearchAction","target":{"@type":"EntryPoint","urlTemplate":"https:\/\/www.hotelmultatuli.nl\/de\/?s={search_term_string}"},"query-input":{"@type":"PropertyValueSpecification","valueRequired":true,"valueName":"search_term_string"}}],"inLanguage":"de"},{"@type":"Organization","@id":"https:\/\/www.hotelmultatuli.nl\/de\/#organization","name":"Hotel Multatuli","url":"https:\/\/www.hotelmultatuli.nl\/de\/","logo":{"@type":"ImageObject","inLanguage":"de","@id":"https:\/\/www.hotelmultatuli.nl\/de\/#\/schema\/logo\/image\/","url":"https:\/\/www.hotelmultatuli.nl\/wp-content\/uploads\/2022\/09\/logo-multatuli-hotel.png","contentUrl":"https:\/\/www.hotelmultatuli.nl\/wp-content\/uploads\/2022\/09\/logo-multatuli-hotel.png","width":300,"height":69,"caption":"Hotel Multatuli"},"image":{"@id":"https:\/\/www.hotelmultatuli.nl\/de\/#\/schema\/logo\/image\/"}}]}},"_links":{"self":[{"href":"https:\/\/www.hotelmultatuli.nl\/de\/wp-json\/wp\/v2\/pages\/960","targetHints":{"allow":["GET"]}}],"collection":[{"href":"https:\/\/www.hotelmultatuli.nl\/de\/wp-json\/wp\/v2\/pages"}],"about":[{"href":"https:\/\/www.hotelmultatuli.nl\/de\/wp-json\/wp\/v2\/types\/page"}],"author":[{"embeddable":true,"href":"https:\/\/www.hotelmultatuli.nl\/de\/wp-json\/wp\/v2\/users\/1"}],"replies":[{"embeddable":true,"href":"https:\/\/www.hotelmultatuli.nl\/de\/wp-json\/wp\/v2\/comments?post=960"}],"version-history":[{"count":2,"href":"https:\/\/www.hotelmultatuli.nl\/de\/wp-json\/wp\/v2\/pages\/960\/revisions"}],"predecessor-version":[{"id":2243,"href":"https:\/\/www.hotelmultatuli.nl\/de\/wp-json\/wp\/v2\/pages\/960\/revisions\/2243"}],"wp:attachment":[{"href":"https:\/\/www.hotelmultatuli.nl\/de\/wp-json\/wp\/v2\/media?parent=960"}],"curies":[{"name":"wp","href":"https:\/\/api.w.org\/{rel}","templated":true}]}}