{"id":940,"date":"2023-02-05T18:51:26","date_gmt":"2023-02-05T18:51:26","guid":{"rendered":"https:\/\/www.hotelmultatuli.nl\/datenschutzbestimmungen\/"},"modified":"2023-05-04T15:28:57","modified_gmt":"2023-05-04T15:28:57","slug":"datenschutzbestimmungen","status":"publish","type":"page","link":"https:\/\/www.hotelmultatuli.nl\/de\/datenschutzbestimmungen\/","title":{"rendered":"Datenschutzbestimmungen"},"content":{"rendered":"\n<p>Datenschutzbestimmungen<br\/>Zuletzt aktualisiert am 06-Feb-2023<br\/>Datum des Inkrafttretens 06-Feb-2023<\/p>\n\n<p>Diese Datenschutzrichtlinie beschreibt die Richtlinien von Hotel Multatuli, Prins Hendrikkade 12, Noord Holland 1012 TL,, Niederlande (die), E-Mail: reservations@multatulihotel.nl, Telefon: +310206274282 \u00fcber die Erfassung, Verwendung und Weitergabe Ihrer Daten, die wir bei der Nutzung unserer Website ( https:\/\/www.hotelmultatuli.nl ) erfassen. (der &#8222;Dienst&#8220;). Indem Sie auf den Dienst zugreifen oder ihn nutzen, erkl\u00e4ren Sie sich mit der Erfassung, Verwendung und Weitergabe Ihrer Daten in \u00dcbereinstimmung mit dieser Datenschutzrichtlinie einverstanden. Wenn Sie damit nicht einverstanden sind, unterlassen Sie bitte den Zugriff auf den Dienst und dessen Nutzung.<br\/>Wir k\u00f6nnen diese Datenschutzrichtlinie jederzeit ohne vorherige Benachrichtigung an Sie \u00e4ndern und werden die \u00fcberarbeitete Datenschutzrichtlinie im Dienst ver\u00f6ffentlichen. Die \u00fcberarbeitete Richtlinie tritt 180 Tage nach der Ver\u00f6ffentlichung der \u00fcberarbeiteten Richtlinie im Dienst in Kraft, und wenn Sie nach diesem Zeitpunkt weiterhin auf den Dienst zugreifen oder ihn nutzen, erkl\u00e4ren Sie sich mit der \u00fcberarbeiteten Datenschutzrichtlinie einverstanden. Wir empfehlen Ihnen daher, diese Seite regelm\u00e4\u00dfig zu \u00fcberpr\u00fcfen.<\/p>\n\n<p><strong>\n  <em>Informationen, die wir sammeln:<br\/><\/em>\n<\/strong>Wir werden die folgenden personenbezogenen Daten \u00fcber Sie sammeln und verarbeiten:<\/p>\n\n<p>Name<br\/>E-Mail<br\/>Mobil<\/p>\n\n<p><em><strong>Wie wir Ihre Informationen verwenden:<\/strong><\/em><br\/>Wir werden die Informationen, die wir \u00fcber Sie sammeln, f\u00fcr die folgenden Zwecke verwenden:<\/p>\n\n<p>Marketing\/Werbung<br\/>Schutz des Standorts<br\/>Wenn wir Ihre Daten f\u00fcr einen anderen Zweck verwenden wollen, werden wir Sie um Ihre Zustimmung bitten und Ihre Daten nur nach Erhalt Ihrer Zustimmung und dann nur f\u00fcr den\/die Zweck(e) verwenden, f\u00fcr den\/die Sie Ihre Zustimmung erteilt haben, es sei denn, wir sind gesetzlich zu etwas anderem verpflichtet.<\/p>\n\n<p><strong><em>Wie wir Ihre Informationen weitergeben:<\/em><\/strong><br\/>Wir werden Ihre pers\u00f6nlichen Daten nicht an Dritte weitergeben, ohne Ihre Zustimmung einzuholen, au\u00dfer unter den unten beschriebenen begrenzten Umst\u00e4nden:<\/p>\n\n<p>Anzeigenservice<br\/>Analytik<br\/><br\/>Wir verlangen von diesen Dritten, dass sie die personenbezogenen Daten, die wir ihnen \u00fcbermitteln, nur f\u00fcr den Zweck verwenden, f\u00fcr den sie \u00fcbermittelt wurden, und sie nicht l\u00e4nger aufbewahren, als es f\u00fcr die Erf\u00fcllung des genannten Zwecks erforderlich ist.<br\/>Wir k\u00f6nnen Ihre pers\u00f6nlichen Daten auch aus den folgenden Gr\u00fcnden offenlegen: (1) um geltendem Recht, Vorschriften, Gerichtsbeschl\u00fcssen oder anderen rechtlichen Verfahren nachzukommen; (2) um Ihre Vereinbarungen mit uns, einschlie\u00dflich dieser Datenschutzrichtlinie, durchzusetzen; oder (3) um auf Behauptungen zu reagieren, dass Ihre Nutzung des Dienstes die Rechte Dritter verletzt. Wenn der Dienst oder unser Unternehmen mit einem anderen Unternehmen fusioniert oder \u00fcbernommen wird, geh\u00f6ren Ihre Daten zu den Verm\u00f6genswerten, die auf den neuen Eigent\u00fcmer \u00fcbertragen werden.<\/p>\n\n<p><strong><em>Aufbewahrung Ihrer Informationen:<\/em><\/strong><br\/>Wir bewahren Ihre pers\u00f6nlichen Daten bei uns f\u00fcr 90 Tage bis 2 Jahre nach Beendigung des Benutzerkontos oder so lange auf, wie wir sie ben\u00f6tigen, um die Zwecke zu erf\u00fcllen, f\u00fcr die sie, wie in dieser Datenschutzrichtlinie beschrieben, erfasst wurden. Es kann sein, dass wir bestimmte Daten l\u00e4nger aufbewahren m\u00fcssen, z. B. f\u00fcr Aufzeichnungen\/Berichte in \u00dcbereinstimmung mit geltendem Recht oder aus anderen legitimen Gr\u00fcnden, wie z. B. zur Durchsetzung von Rechtsanspr\u00fcchen, zur Betrugsbek\u00e4mpfung usw. Anonyme Restdaten und zusammengefasste Daten, die Sie nicht (direkt oder indirekt) identifizieren, k\u00f6nnen auf unbestimmte Zeit gespeichert werden.<\/p>\n\n<p><strong><em>Ihre Rechte:<\/em><\/strong><br\/>Je nach geltendem Recht haben Sie das Recht, auf Ihre personenbezogenen Daten zuzugreifen und diese zu berichtigen oder zu l\u00f6schen oder eine Kopie Ihrer personenbezogenen Daten zu erhalten, die aktive Verarbeitung Ihrer Daten einzuschr\u00e4nken oder ihr zu widersprechen, uns aufzufordern, Ihre personenbezogenen Daten an eine andere Stelle weiterzugeben (zu portieren), die uns erteilte Zustimmung zur Verarbeitung Ihrer Daten zu widerrufen, das Recht, eine Beschwerde bei einer gesetzlichen Beh\u00f6rde einzureichen, sowie weitere Rechte, die nach geltendem Recht relevant sein k\u00f6nnen. Um diese Rechte auszu\u00fcben, k\u00f6nnen Sie uns unter reservations@multatulihotel.nl schreiben. Wir werden Ihre Anfrage in \u00dcbereinstimmung mit dem geltenden Recht beantworten.<br\/>Bitte beachten Sie, dass Sie m\u00f6glicherweise nicht in der Lage sind, auf die Dienste zuzugreifen oder diese zu nutzen, f\u00fcr die Ihre Daten angefordert wurden, wenn Sie uns nicht gestatten, die erforderlichen personenbezogenen Daten zu sammeln oder zu verarbeiten, oder wenn Sie Ihre Zustimmung zur Verarbeitung dieser Daten f\u00fcr die erforderlichen Zwecke zur\u00fcckziehen.<\/p>\n\n<p><strong><em>Cookies etc:<\/em><\/strong><br\/>Wenn Sie mehr dar\u00fcber erfahren m\u00f6chten, wie wir diese Technologien verwenden und welche M\u00f6glichkeiten Sie in Bezug auf diese Tracking-Technologien haben, lesen Sie bitte unsere Cookie-Richtlinie.<\/p>\n\n<p><strong><em>Sicherheit:<\/em><\/strong><br\/>Die Sicherheit Ihrer Daten ist uns wichtig und wir werden angemessene Sicherheitsma\u00dfnahmen ergreifen, um den Verlust, den Missbrauch oder die unbefugte \u00c4nderung Ihrer Daten unter unserer Kontrolle zu verhindern. In Anbetracht der inh\u00e4renten Risiken k\u00f6nnen wir jedoch keine absolute Sicherheit garantieren, und folglich k\u00f6nnen wir die Sicherheit von Informationen, die Sie uns \u00fcbermitteln, weder gew\u00e4hrleisten noch garantieren, und Sie tun dies auf eigenes Risiko.<\/p>\n\n<p><strong><em>Links zu Dritten und Verwendung Ihrer Informationen:<\/em><\/strong><br\/>Unser Service kann Links zu anderen Websites enthalten, die nicht von uns betrieben werden. Diese Datenschutzrichtlinie bezieht sich nicht auf die Datenschutzrichtlinien und andere Praktiken Dritter, einschlie\u00dflich Dritter, die eine Website oder einen Dienst betreiben, der \u00fcber einen Link im Dienst zug\u00e4nglich ist. Wir empfehlen Ihnen dringend, die Datenschutzrichtlinien jeder Website, die Sie besuchen, zu lesen. Wir haben keine Kontrolle \u00fcber und \u00fcbernehmen keine Verantwortung f\u00fcr den Inhalt, die Datenschutzrichtlinien oder Praktiken von Websites oder Diensten Dritter.<\/p>\n\n<p><strong><em>Beschwerde-\/Datenschutzbeauftragter:<\/em><\/strong><br\/>Wenn Sie Fragen oder Bedenken bez\u00fcglich der Verarbeitung Ihrer bei uns vorhandenen Daten haben, k\u00f6nnen Sie eine E-Mail an unseren Beschwerdebeauftragten im Hotel Multatuli, Prins Hendrikkade 12, E-Mail: reservations@multatulihotel.nl, senden. Wir werden Ihre Bedenken in \u00dcbereinstimmung mit dem geltenden Recht behandeln.<\/p>\n","protected":false},"excerpt":{"rendered":"<p>DatenschutzbestimmungenZuletzt aktualisiert am 06-Feb-2023Datum des Inkrafttretens 06-Feb-2023 Diese Datenschutzrichtlinie beschreibt die Richtlinien von Hotel Multatuli, Prins Hendrikkade 12, Noord Holland 1012 TL,, Niederlande (die), E-Mail: reservations@multatulihotel.nl, Telefon: +310206274282 \u00fcber die Erfassung, Verwendung und Weitergabe Ihrer Daten, die wir bei der Nutzung unserer Website ( https:\/\/www.hotelmultatuli.nl ) erfassen. (der &#8222;Dienst&#8220;). Indem Sie auf den Dienst zugreifen&hellip; <br \/> <a class=\"read-more\" href=\"https:\/\/www.hotelmultatuli.nl\/de\/datenschutzbestimmungen\/\">Read more<\/a><\/p>\n","protected":false},"author":1,"featured_media":0,"parent":0,"menu_order":0,"comment_status":"closed","ping_status":"closed","template":"","meta":{"footnotes":""},"class_list":["post-940","page","type-page","status-publish","hentry"],"yoast_head":"<!-- This site is optimized with the Yoast SEO plugin v27.5 - https:\/\/yoast.com\/product\/yoast-seo-wordpress\/ -->\n<title>Datenschutzbestimmungen - Hotel Multatuli<\/title>\n<meta name=\"robots\" content=\"index, follow, max-snippet:-1, max-image-preview:large, max-video-preview:-1\" \/>\n<link rel=\"canonical\" href=\"https:\/\/www.hotelmultatuli.nl\/de\/datenschutzbestimmungen\/\" \/>\n<meta property=\"og:locale\" content=\"de_DE\" \/>\n<meta property=\"og:type\" content=\"article\" \/>\n<meta property=\"og:title\" content=\"Datenschutzbestimmungen - Hotel Multatuli\" \/>\n<meta property=\"og:description\" content=\"DatenschutzbestimmungenZuletzt aktualisiert am 06-Feb-2023Datum des Inkrafttretens 06-Feb-2023 Diese Datenschutzrichtlinie beschreibt die Richtlinien von Hotel Multatuli, Prins Hendrikkade 12, Noord Holland 1012 TL,, Niederlande (die), E-Mail: reservations@multatulihotel.nl, Telefon: +310206274282 \u00fcber die Erfassung, Verwendung und Weitergabe Ihrer Daten, die wir bei der Nutzung unserer Website ( https:\/\/www.hotelmultatuli.nl ) erfassen. (der &#8222;Dienst&#8220;). Indem Sie auf den Dienst zugreifen&hellip; Read more\" \/>\n<meta property=\"og:url\" content=\"https:\/\/www.hotelmultatuli.nl\/de\/datenschutzbestimmungen\/\" \/>\n<meta property=\"og:site_name\" content=\"Hotel Multatuli\" \/>\n<meta property=\"article:modified_time\" content=\"2023-05-04T15:28:57+00:00\" \/>\n<meta name=\"twitter:card\" content=\"summary_large_image\" \/>\n<meta name=\"twitter:label1\" content=\"Gesch\u00e4tzte Lesezeit\" \/>\n\t<meta name=\"twitter:data1\" content=\"5\u00a0Minuten\" \/>\n<script type=\"application\/ld+json\" class=\"yoast-schema-graph\">{\"@context\":\"https:\\\/\\\/schema.org\",\"@graph\":[{\"@type\":\"WebPage\",\"@id\":\"https:\\\/\\\/www.hotelmultatuli.nl\\\/de\\\/datenschutzbestimmungen\\\/\",\"url\":\"https:\\\/\\\/www.hotelmultatuli.nl\\\/de\\\/datenschutzbestimmungen\\\/\",\"name\":\"Datenschutzbestimmungen - Hotel Multatuli\",\"isPartOf\":{\"@id\":\"https:\\\/\\\/www.hotelmultatuli.nl\\\/de\\\/#website\"},\"datePublished\":\"2023-02-05T18:51:26+00:00\",\"dateModified\":\"2023-05-04T15:28:57+00:00\",\"breadcrumb\":{\"@id\":\"https:\\\/\\\/www.hotelmultatuli.nl\\\/de\\\/datenschutzbestimmungen\\\/#breadcrumb\"},\"inLanguage\":\"de\",\"potentialAction\":[{\"@type\":\"ReadAction\",\"target\":[\"https:\\\/\\\/www.hotelmultatuli.nl\\\/de\\\/datenschutzbestimmungen\\\/\"]}]},{\"@type\":\"BreadcrumbList\",\"@id\":\"https:\\\/\\\/www.hotelmultatuli.nl\\\/de\\\/datenschutzbestimmungen\\\/#breadcrumb\",\"itemListElement\":[{\"@type\":\"ListItem\",\"position\":1,\"name\":\"Home\",\"item\":\"https:\\\/\\\/www.hotelmultatuli.nl\\\/de\\\/\"},{\"@type\":\"ListItem\",\"position\":2,\"name\":\"Datenschutzbestimmungen\"}]},{\"@type\":\"WebSite\",\"@id\":\"https:\\\/\\\/www.hotelmultatuli.nl\\\/de\\\/#website\",\"url\":\"https:\\\/\\\/www.hotelmultatuli.nl\\\/de\\\/\",\"name\":\"Hotel Multatuli\",\"description\":\"Amsterdam\",\"publisher\":{\"@id\":\"https:\\\/\\\/www.hotelmultatuli.nl\\\/de\\\/#organization\"},\"potentialAction\":[{\"@type\":\"SearchAction\",\"target\":{\"@type\":\"EntryPoint\",\"urlTemplate\":\"https:\\\/\\\/www.hotelmultatuli.nl\\\/de\\\/?s={search_term_string}\"},\"query-input\":{\"@type\":\"PropertyValueSpecification\",\"valueRequired\":true,\"valueName\":\"search_term_string\"}}],\"inLanguage\":\"de\"},{\"@type\":\"Organization\",\"@id\":\"https:\\\/\\\/www.hotelmultatuli.nl\\\/de\\\/#organization\",\"name\":\"Hotel Multatuli\",\"url\":\"https:\\\/\\\/www.hotelmultatuli.nl\\\/de\\\/\",\"logo\":{\"@type\":\"ImageObject\",\"inLanguage\":\"de\",\"@id\":\"https:\\\/\\\/www.hotelmultatuli.nl\\\/de\\\/#\\\/schema\\\/logo\\\/image\\\/\",\"url\":\"https:\\\/\\\/www.hotelmultatuli.nl\\\/wp-content\\\/uploads\\\/2022\\\/09\\\/logo-multatuli-hotel.png\",\"contentUrl\":\"https:\\\/\\\/www.hotelmultatuli.nl\\\/wp-content\\\/uploads\\\/2022\\\/09\\\/logo-multatuli-hotel.png\",\"width\":300,\"height\":69,\"caption\":\"Hotel Multatuli\"},\"image\":{\"@id\":\"https:\\\/\\\/www.hotelmultatuli.nl\\\/de\\\/#\\\/schema\\\/logo\\\/image\\\/\"}}]}<\/script>\n<!-- \/ Yoast SEO plugin. -->","yoast_head_json":{"title":"Datenschutzbestimmungen - Hotel Multatuli","robots":{"index":"index","follow":"follow","max-snippet":"max-snippet:-1","max-image-preview":"max-image-preview:large","max-video-preview":"max-video-preview:-1"},"canonical":"https:\/\/www.hotelmultatuli.nl\/de\/datenschutzbestimmungen\/","og_locale":"de_DE","og_type":"article","og_title":"Datenschutzbestimmungen - Hotel Multatuli","og_description":"DatenschutzbestimmungenZuletzt aktualisiert am 06-Feb-2023Datum des Inkrafttretens 06-Feb-2023 Diese Datenschutzrichtlinie beschreibt die Richtlinien von Hotel Multatuli, Prins Hendrikkade 12, Noord Holland 1012 TL,, Niederlande (die), E-Mail: reservations@multatulihotel.nl, Telefon: +310206274282 \u00fcber die Erfassung, Verwendung und Weitergabe Ihrer Daten, die wir bei der Nutzung unserer Website ( https:\/\/www.hotelmultatuli.nl ) erfassen. (der &#8222;Dienst&#8220;). Indem Sie auf den Dienst zugreifen&hellip; Read more","og_url":"https:\/\/www.hotelmultatuli.nl\/de\/datenschutzbestimmungen\/","og_site_name":"Hotel Multatuli","article_modified_time":"2023-05-04T15:28:57+00:00","twitter_card":"summary_large_image","twitter_misc":{"Gesch\u00e4tzte Lesezeit":"5\u00a0Minuten"},"schema":{"@context":"https:\/\/schema.org","@graph":[{"@type":"WebPage","@id":"https:\/\/www.hotelmultatuli.nl\/de\/datenschutzbestimmungen\/","url":"https:\/\/www.hotelmultatuli.nl\/de\/datenschutzbestimmungen\/","name":"Datenschutzbestimmungen - Hotel Multatuli","isPartOf":{"@id":"https:\/\/www.hotelmultatuli.nl\/de\/#website"},"datePublished":"2023-02-05T18:51:26+00:00","dateModified":"2023-05-04T15:28:57+00:00","breadcrumb":{"@id":"https:\/\/www.hotelmultatuli.nl\/de\/datenschutzbestimmungen\/#breadcrumb"},"inLanguage":"de","potentialAction":[{"@type":"ReadAction","target":["https:\/\/www.hotelmultatuli.nl\/de\/datenschutzbestimmungen\/"]}]},{"@type":"BreadcrumbList","@id":"https:\/\/www.hotelmultatuli.nl\/de\/datenschutzbestimmungen\/#breadcrumb","itemListElement":[{"@type":"ListItem","position":1,"name":"Home","item":"https:\/\/www.hotelmultatuli.nl\/de\/"},{"@type":"ListItem","position":2,"name":"Datenschutzbestimmungen"}]},{"@type":"WebSite","@id":"https:\/\/www.hotelmultatuli.nl\/de\/#website","url":"https:\/\/www.hotelmultatuli.nl\/de\/","name":"Hotel Multatuli","description":"Amsterdam","publisher":{"@id":"https:\/\/www.hotelmultatuli.nl\/de\/#organization"},"potentialAction":[{"@type":"SearchAction","target":{"@type":"EntryPoint","urlTemplate":"https:\/\/www.hotelmultatuli.nl\/de\/?s={search_term_string}"},"query-input":{"@type":"PropertyValueSpecification","valueRequired":true,"valueName":"search_term_string"}}],"inLanguage":"de"},{"@type":"Organization","@id":"https:\/\/www.hotelmultatuli.nl\/de\/#organization","name":"Hotel Multatuli","url":"https:\/\/www.hotelmultatuli.nl\/de\/","logo":{"@type":"ImageObject","inLanguage":"de","@id":"https:\/\/www.hotelmultatuli.nl\/de\/#\/schema\/logo\/image\/","url":"https:\/\/www.hotelmultatuli.nl\/wp-content\/uploads\/2022\/09\/logo-multatuli-hotel.png","contentUrl":"https:\/\/www.hotelmultatuli.nl\/wp-content\/uploads\/2022\/09\/logo-multatuli-hotel.png","width":300,"height":69,"caption":"Hotel Multatuli"},"image":{"@id":"https:\/\/www.hotelmultatuli.nl\/de\/#\/schema\/logo\/image\/"}}]}},"_links":{"self":[{"href":"https:\/\/www.hotelmultatuli.nl\/de\/wp-json\/wp\/v2\/pages\/940","targetHints":{"allow":["GET"]}}],"collection":[{"href":"https:\/\/www.hotelmultatuli.nl\/de\/wp-json\/wp\/v2\/pages"}],"about":[{"href":"https:\/\/www.hotelmultatuli.nl\/de\/wp-json\/wp\/v2\/types\/page"}],"author":[{"embeddable":true,"href":"https:\/\/www.hotelmultatuli.nl\/de\/wp-json\/wp\/v2\/users\/1"}],"replies":[{"embeddable":true,"href":"https:\/\/www.hotelmultatuli.nl\/de\/wp-json\/wp\/v2\/comments?post=940"}],"version-history":[{"count":1,"href":"https:\/\/www.hotelmultatuli.nl\/de\/wp-json\/wp\/v2\/pages\/940\/revisions"}],"predecessor-version":[{"id":943,"href":"https:\/\/www.hotelmultatuli.nl\/de\/wp-json\/wp\/v2\/pages\/940\/revisions\/943"}],"wp:attachment":[{"href":"https:\/\/www.hotelmultatuli.nl\/de\/wp-json\/wp\/v2\/media?parent=940"}],"curies":[{"name":"wp","href":"https:\/\/api.w.org\/{rel}","templated":true}]}}