{"id":932,"date":"2022-11-11T17:47:51","date_gmt":"2022-11-11T17:47:51","guid":{"rendered":"https:\/\/www.hotelmultatuli.nl\/standort\/"},"modified":"2026-01-05T23:13:46","modified_gmt":"2026-01-05T23:13:46","slug":"standort","status":"publish","type":"page","link":"https:\/\/www.hotelmultatuli.nl\/de\/standort\/","title":{"rendered":"Standort"},"content":{"rendered":"<div  data-label=\"Map\" data-id=\"contact--1\" data-export-id=\"contact-4\" data-category=\"contact\" class=\"contact-4 content-section\" id=\"map\" style=\"background-color: rgb(255, 255, 255); --darkreader-inline-bgcolor: #181a1b;\" data-darkreader-inline-bgcolor=\"\"><div  class=\"\"> <div  class=\"row\"><div  class=\"col-xs-12 no-gutter-col\"> <div  data-content-shortcode=\"mesmerize_maps address=&quot;Hotel Multatuli, Prins Hendrikkade 12, 1012 TL Amsterdam, The Netherlands&quot; zoom=&quot;65&quot;\" hotel=\"\" multatuli,=\"\" prins=\"\" hendrikkade=\"\" 12,=\"\" 1012=\"\" tl=\"\" amsterdam,=\"\" the=\"\" netherlands\"=\"\" zoom=\"65\" \"=\"\" data-editable=\"true\" class=\"\">        <div class=\"mesmerize-google-maps\" style=\"width:100%\">\n            <iframe style=\"width:100%; height:100%;min-height:inherit;display:block;\" src=\"https:\/\/maps.google.com\/maps?q=Hotel%20Multatuli,%20Prins%20Hendrikkade%2012,%201012%20TL%20Amsterdam,%20The%20Netherlands&#038;z=14&#038;output=embed&#038;iwloc=near\"><\/iframe>\n        <\/div>\n    <\/div><\/div> <\/div><\/div> <\/div><div  data-label=\"Team\" data-id=\"team--2\" data-export-id=\"team-1\" data-category=\"team\" class=\"team-1 content-section content-section-spacing\" id=\"team-2\" style=\"background-color: rgb(255, 255, 255);\"><div  class=\"gridContainer\"> <div  class=\"row text-center\"><div  class=\"section-title-col\" data-type=\"column\"> <h2  class=\"\" style=\"text-align: left;\">Planen Sie Ihre Reise<\/h2> <p  class=\"lead\" style=\"text-align: left;\">Das Hotel Multatuli liegt nur wenige Gehminuten vom Amsterdamer Hauptbahnhof entfernt. Von hier aus gelangen Sie mit Z\u00fcgen, U-Bahnen, Stra\u00dfenbahnen und Bussen an jeden Ort innerhalb und au\u00dferhalb der Niederlande. Nachstehend finden Sie weitere Informationen zum Transport zum und vom Hotel.<\/p><\/div> <\/div> <div  class=\"row spaced-cols content-center-sm\" data-type=\"row\"> <div  class=\"col-xs-12 col-sm-6 col-md-4 \"> <div  class=\"card bottom-border-color1 no-padding no-shadow\">  <div  data-type=\"column\" class=\"col-padding-small col-padding-small-xs description-container\"> <img  decoding=\"async\" class=\"custom-image\" src=\"https:\/\/www.hotelmultatuli.nl\/wp-content\/uploads\/2023\/04\/Train.png\" title=\"Zug\" alt=\"\">   <h4  class=\"font-500\" style=\"text-align: left;\"><span  style=\"font-weight: 600;\">Zug von Schiphol<\/span><\/h4><p  class=\"\" style=\"text-align: left;\">In der Ankunftshalle von Schiphol nehmen Sie den Zug zum Hauptbahnhof Amsterdam. Wenn Sie am Hauptbahnhof angekommen sind, gehen Sie zum Haupteingang. \u00dcberqueren Sie die Prins Hendrikkade auf der anderen Seite des Bahnhofsplatzes. Auf der Prins Hendrikkade biegen Sie rechts ab und Sie finden das Hotel Multatuli<\/p><a  class=\"button color4 white-text\" href=\"http:\/\/www.discoverholland.com\/tickets\" target=\"_blank\" data-cp-link=\"1\" data-icon=\"fa-arrow-circle-right\" rel=\"noopener\"><span  class=\"button-icon fa fa-arrow-circle-right\"><\/span>Ein Ticket buchen<\/a><div  class=\"social-icons-group\" data-type=\"group\"> <a  href=\"#\" target=\"_self\" data-reiki-hidden=\"true\" rel=\"noopener\"><i  class=\"fa icon fa-facebook-square gray\"><\/i><\/a> <a  href=\"#\" target=\"_self\" data-reiki-hidden=\"true\" rel=\"noopener\"><i  class=\"fa icon fa-twitter-square gray\"><\/i><\/a> <a  href=\"#\" target=\"_self\" data-reiki-hidden=\"true\" rel=\"noopener\"><i  class=\"fa icon fa-linkedin-square gray\"><\/i><\/a> <a  href=\"#\" target=\"_self\" data-reiki-hidden=\"true\" rel=\"noopener\"><i  class=\"fa icon fa-google-plus-square gray\"><\/i><\/a><\/div><\/div><\/div> <\/div> <div  class=\"col-xs-12 col-sm-6 col-md-4 \"> <div  class=\"card bottom-border-color1 no-padding no-shadow\">  <div  data-type=\"column\" class=\"col-padding-small col-padding-small-xs description-container\"> <img  decoding=\"async\" class=\"custom-image\" src=\"https:\/\/www.hotelmultatuli.nl\/wp-content\/uploads\/2023\/04\/Parking.png\" title=\"Parken\" alt=\"\"><h4  class=\"font-500\" style=\"text-align: left;\"><span  style=\"font-weight: 600;\">Ihr Auto parken<\/span><\/h4>   <p  class=\"\" style=\"text-align: left;\">Rund um das Hotel Multatuli gibt es mehrere Parkpl\u00e4tze. Wenn Sie auf den Link klicken, erhalten Sie spezielle Angebote f\u00fcr Parkpl\u00e4tze in Verbindung mit einem Fahrradverleih oder einem Museumsbesuch. Sie k\u00f6nnen auch im Voraus einen Parkplatz reservieren.\n<br >&nbsp;<\/p><a  class=\"button color4 white-text\" href=\"https:\/\/www.q-park.nl\/en-gb\/parking\/amsterdam\/2020-ams-hotel-multatuli?utm_source=hotel&amp;utm_medium=referral&amp;utm_campaign=hotelpass\" target=\"_blank\" data-cp-link=\"1\" data-icon=\"fa-info-circle\" rel=\"noopener\"><span  class=\"button-icon fa fa-info-circle\"><\/span>Qpark<\/a><div  class=\"social-icons-group\" data-type=\"group\"> <a  href=\"#\" target=\"_self\" data-reiki-hidden=\"true\" rel=\"noopener\"><i  class=\"fa icon fa-facebook-square gray\"><\/i><\/a> <a  href=\"#\" target=\"_self\" data-reiki-hidden=\"true\" rel=\"noopener\"><i  class=\"fa icon fa-twitter-square gray\"><\/i><\/a> <a  href=\"#\" target=\"_self\" data-reiki-hidden=\"true\" rel=\"noopener\"><i  class=\"fa icon fa-linkedin-square gray\"><\/i><\/a> <a  href=\"#\" target=\"_self\" data-reiki-hidden=\"true\" rel=\"noopener\"><i  class=\"fa icon fa-google-plus-square gray\"><\/i><\/a><\/div><a  class=\"button color4\" href=\"https:\/\/www.interparking.nl\/en\/parkings\/amsterdam\/ijdock\" target=\"_blank\" data-cp-link=\"1\" data-icon=\"fa-info-circle\"><span  class=\"button-icon fa fa-info-circle\"><\/span>Zwischenparken  <\/a><a  class=\"button color4\" href=\"https:\/\/parkingcentrumoosterdok.nl\" target=\"_blank\" data-cp-link=\"1\" data-icon=\"fa-info-circle\"><span  class=\"button-icon fa fa-info-circle\"><\/span>Parkplatz Centrum Oosterdok<\/a><\/div><\/div> <\/div> <div  class=\"col-xs-12 col-sm-6 col-md-4 \"> <div  class=\"card bottom-border-color1 no-padding no-shadow\">  <div  data-type=\"column\" class=\"col-padding-small col-padding-small-xs description-container\"> <img  decoding=\"async\" class=\"custom-image\" src=\"https:\/\/www.hotelmultatuli.nl\/wp-content\/uploads\/2023\/04\/Taxi.png\" title=\"Taxi\" alt=\"\"><h4  class=\"font-500\" style=\"text-align: left;\"><span  style=\"font-weight: 600;\">Taxi von Schiphol<\/span><\/h4>   <p  class=\"\" style=\"text-align: left;\">Buchen Sie Ihre Reise online. Einfach, schnell und sicher.\n<br ><br >Schiphol Travel Taxi ist ein Taxiservice, der Fahrg\u00e4ste 24 Stunden am Tag, 7 Tage die Woche von der Haust\u00fcr zur Abflughalle des Flughafens bringt.\n<br >&nbsp;<\/p><a  class=\"button color4 white-text\" href=\"https:\/\/booking.schipholtraveltaxi.nl\" target=\"_blank\" data-cp-link=\"1\" data-icon=\"fa-arrow-circle-right\" rel=\"noopener\"><span  class=\"button-icon fa fa-arrow-circle-right\"><\/span>Ein Taxi buchen<\/a><div  class=\"social-icons-group\" data-type=\"group\"> <a  href=\"#\" target=\"_self\" data-reiki-hidden=\"true\" rel=\"noopener\"><i  class=\"fa icon fa-facebook-square gray\"><\/i><\/a> <a  href=\"#\" target=\"_self\" data-reiki-hidden=\"true\" rel=\"noopener\"><i  class=\"fa icon fa-twitter-square gray\"><\/i><\/a> <a  href=\"#\" target=\"_self\" data-reiki-hidden=\"true\" rel=\"noopener\"><i  class=\"fa icon fa-linkedin-square gray\"><\/i><\/a> <a  href=\"#\" target=\"_self\" data-reiki-hidden=\"true\" rel=\"noopener\"><i  class=\"fa icon fa-google-plus-square gray\"><\/i><\/a><\/div><\/div><\/div> <\/div>     <\/div> <\/div><\/div><div  data-label=\"Book With Us\" data-id=\"cta--1\" data-export-id=\"cta-blue-section\" data-category=\"cta\" class=\"cta-blue-section content-section content-section-spacing-medium bg-color1 white-text\" id=\"book-with-us\"><div  class=\"gridContainer\"> <div  class=\"row middle-xs\"><div  class=\"col-sm-8 space-bottom-xs\" data-type=\"column\"><h3  class=\"\"><span  style=\"font-weight: 400;\">Buchen Sie bei uns und erhalten Sie 10% Rabatt auf Ihren Aufenthalt<\/span><\/h3>  <\/div> <div  class=\"col-sm-4 end-sm\" data-type=\"column\"> <a  class=\"button color4 white-text\" href=\"https:\/\/ibe2.smarthotel.nl\/?id=41da65c8-6f1f-4bb1-977c-dd21cf1e89e0&#038;segment=Hotel&#038;promocode=MULTATULI\" target=\"_blank\" data-cp-link=\"1\" data-icon=\"fa-arrow-circle-right\" rel=\"noopener\"><span  class=\"button-icon fa fa-arrow-circle-right\"><\/span>Jetzt buchen<\/a><\/div> <\/div><\/div> <\/div><div  data-label=\"Top Footer\" data-id=\"clients--1\" data-export-id=\"clients-1\" data-category=\"clients\" class=\"clients-1 content-section content-section-spacing\" id=\"top-footer\" style=\"background-color: rgb(255, 255, 255);\"><div  class=\"gridContainer\"> <div  class=\"row middle-sm\"><div  data-type=\"column\" class=\"col-sm-6 space-bottom-xs\"><img  decoding=\"async\" class=\"custom-image\" src=\"https:\/\/www.hotelmultatuli.nl\/wp-content\/uploads\/2022\/11\/Keurmerk-3-Ster-Superior-Zwart-1-e1668187604616.png\" title=\"Keurmerk-3-Ster-Superior-Zwart\" alt=\"\">  <\/div> <div  class=\"col-sm-6\"><div  data-type=\"row\" class=\"row spaced-cols center-xs padding-lr\"> <div  class=\"col-xs-3 col-md-2\"> <img  decoding=\"async\" src=\"https:\/\/www.hotelmultatuli.nl\/wp-content\/uploads\/2023\/04\/cropped-8385-ideal_102481.png\" class=\"desaturate\" title=\"cropped-8385-ideal_102481.png\" alt=\"\"><\/div><div  class=\"col-xs-3 col-md-2\"> <img  decoding=\"async\" src=\"https:\/\/www.hotelmultatuli.nl\/wp-content\/uploads\/2023\/04\/Sofort-klarna-logo.svg_.png\" class=\"desaturate\" title=\"Sofort-klarna-logo.svg\" alt=\"\"><\/div><div  class=\"col-xs-3 col-md-2\"> <img  decoding=\"async\" src=\"https:\/\/www.hotelmultatuli.nl\/wp-content\/uploads\/2023\/04\/1280px-Bancontact_logo.svg_.png\" class=\"desaturate\" title=\"1280px-Bancontact_logo.svg\" alt=\"\"><\/div><div  class=\"col-xs-3 col-md-2\"> <img  decoding=\"async\" src=\"https:\/\/www.hotelmultatuli.nl\/wp-content\/uploads\/2022\/11\/Mastercard_new_logo-1200x865-1.jpg\" class=\"desaturate\" title=\"Mastercard_new_logo-1200x865\" alt=\"\"><\/div> <div  class=\"col-xs-3 col-md-2\"> <img  decoding=\"async\" src=\"https:\/\/www.hotelmultatuli.nl\/wp-content\/uploads\/2023\/04\/Maestro_logo.png\" class=\"desaturate\" title=\"Maestro_logo\" alt=\"\"><\/div><div  class=\"col-xs-3 col-md-2\"> <img  decoding=\"async\" src=\"https:\/\/www.hotelmultatuli.nl\/wp-content\/uploads\/2022\/11\/visa-logo-800x450-1.webp\" class=\"desaturate\" title=\"visa-logo-800x450\" alt=\"\"><\/div> <div  class=\"col-xs-3 col-md-2\"> <img  decoding=\"async\" src=\"https:\/\/www.hotelmultatuli.nl\/wp-content\/uploads\/2022\/11\/4-you-might-not-notice-amex-new-brand.webp\" class=\"desaturate\" title=\"4-Sie-k\u00f6nnen-nicht-eine-amex-neue-marke\" alt=\"\"><\/div>  <div  class=\"col-xs-3 col-md-2\"> <img  decoding=\"async\" src=\"https:\/\/www.hotelmultatuli.nl\/wp-content\/uploads\/2023\/04\/Diners_Club_International-logo-EF50D35BE8-seeklogo.com_.png\" class=\"desaturate\" title=\"Diners_Club_International-logo-EF50D35BE8-seeklogo.com\" alt=\"\"><\/div><div  class=\"col-xs-3 col-md-2\"> <img  decoding=\"async\" src=\"https:\/\/www.hotelmultatuli.nl\/wp-content\/uploads\/2023\/04\/Discover_Card-logo-4BC5D7C02C-seeklogo.com_.png\" class=\"desaturate\" title=\"Entdecken Sie_Card-logo-4BC5D7C02C-seeklogo.com\" alt=\"\"><\/div><div  class=\"col-xs-3 col-md-2\"> <img  decoding=\"async\" src=\"https:\/\/www.hotelmultatuli.nl\/wp-content\/uploads\/2022\/11\/2560px-JCB_logo.svg_.png\" class=\"desaturate\" title=\"2560px-JCB_logo.svg\" alt=\"\"><\/div><\/div><\/div> <\/div><\/div> <\/div>","protected":false},"excerpt":{"rendered":"<p>Planen Sie Ihre Reise Das Hotel Multatuli liegt nur wenige Gehminuten vom Amsterdamer Hauptbahnhof entfernt. Von hier aus gelangen Sie mit Z\u00fcgen, U-Bahnen, Stra\u00dfenbahnen und Bussen an jeden Ort innerhalb und au\u00dferhalb der Niederlande. Nachstehend finden Sie weitere Informationen zum Transport zum und vom Hotel. Zug von SchipholIn der Ankunftshalle von Schiphol nehmen Sie den&hellip; <br \/> <a class=\"read-more\" href=\"https:\/\/www.hotelmultatuli.nl\/de\/standort\/\">Read more<\/a><\/p>\n","protected":false},"author":1,"featured_media":0,"parent":0,"menu_order":0,"comment_status":"closed","ping_status":"closed","template":"pro\/page-templates\/full-width-page.php","meta":{"footnotes":""},"class_list":["post-932","page","type-page","status-publish","hentry"],"yoast_head":"<!-- This site is optimized with the Yoast SEO plugin v27.5 - https:\/\/yoast.com\/product\/yoast-seo-wordpress\/ -->\n<title>Standort - Hotel Multatuli<\/title>\n<meta name=\"robots\" content=\"index, follow, max-snippet:-1, max-image-preview:large, max-video-preview:-1\" \/>\n<link rel=\"canonical\" href=\"https:\/\/www.hotelmultatuli.nl\/de\/standort\/\" \/>\n<meta property=\"og:locale\" content=\"de_DE\" \/>\n<meta property=\"og:type\" content=\"article\" \/>\n<meta property=\"og:title\" content=\"Standort - Hotel Multatuli\" \/>\n<meta property=\"og:description\" content=\"Planen Sie Ihre Reise Das Hotel Multatuli liegt nur wenige Gehminuten vom Amsterdamer Hauptbahnhof entfernt. Von hier aus gelangen Sie mit Z\u00fcgen, U-Bahnen, Stra\u00dfenbahnen und Bussen an jeden Ort innerhalb und au\u00dferhalb der Niederlande. Nachstehend finden Sie weitere Informationen zum Transport zum und vom Hotel. Zug von SchipholIn der Ankunftshalle von Schiphol nehmen Sie den&hellip; Read more\" \/>\n<meta property=\"og:url\" content=\"https:\/\/www.hotelmultatuli.nl\/de\/standort\/\" \/>\n<meta property=\"og:site_name\" content=\"Hotel Multatuli\" \/>\n<meta property=\"article:modified_time\" content=\"2026-01-05T23:13:46+00:00\" \/>\n<meta property=\"og:image\" content=\"https:\/\/www.hotelmultatuli.nl\/wp-content\/uploads\/2023\/04\/Train.png\" \/>\n<meta name=\"twitter:card\" content=\"summary_large_image\" \/>\n<meta name=\"twitter:label1\" content=\"Gesch\u00e4tzte Lesezeit\" \/>\n\t<meta name=\"twitter:data1\" content=\"1\u00a0Minute\" \/>\n<script type=\"application\/ld+json\" class=\"yoast-schema-graph\">{\"@context\":\"https:\\\/\\\/schema.org\",\"@graph\":[{\"@type\":\"WebPage\",\"@id\":\"https:\\\/\\\/www.hotelmultatuli.nl\\\/de\\\/standort\\\/\",\"url\":\"https:\\\/\\\/www.hotelmultatuli.nl\\\/de\\\/standort\\\/\",\"name\":\"Standort - Hotel Multatuli\",\"isPartOf\":{\"@id\":\"https:\\\/\\\/www.hotelmultatuli.nl\\\/de\\\/#website\"},\"primaryImageOfPage\":{\"@id\":\"https:\\\/\\\/www.hotelmultatuli.nl\\\/de\\\/standort\\\/#primaryimage\"},\"image\":{\"@id\":\"https:\\\/\\\/www.hotelmultatuli.nl\\\/de\\\/standort\\\/#primaryimage\"},\"thumbnailUrl\":\"https:\\\/\\\/www.hotelmultatuli.nl\\\/wp-content\\\/uploads\\\/2023\\\/04\\\/Train.png\",\"datePublished\":\"2022-11-11T17:47:51+00:00\",\"dateModified\":\"2026-01-05T23:13:46+00:00\",\"breadcrumb\":{\"@id\":\"https:\\\/\\\/www.hotelmultatuli.nl\\\/de\\\/standort\\\/#breadcrumb\"},\"inLanguage\":\"de\",\"potentialAction\":[{\"@type\":\"ReadAction\",\"target\":[\"https:\\\/\\\/www.hotelmultatuli.nl\\\/de\\\/standort\\\/\"]}]},{\"@type\":\"ImageObject\",\"inLanguage\":\"de\",\"@id\":\"https:\\\/\\\/www.hotelmultatuli.nl\\\/de\\\/standort\\\/#primaryimage\",\"url\":\"https:\\\/\\\/www.hotelmultatuli.nl\\\/wp-content\\\/uploads\\\/2023\\\/04\\\/Train.png\",\"contentUrl\":\"https:\\\/\\\/www.hotelmultatuli.nl\\\/wp-content\\\/uploads\\\/2023\\\/04\\\/Train.png\"},{\"@type\":\"BreadcrumbList\",\"@id\":\"https:\\\/\\\/www.hotelmultatuli.nl\\\/de\\\/standort\\\/#breadcrumb\",\"itemListElement\":[{\"@type\":\"ListItem\",\"position\":1,\"name\":\"Home\",\"item\":\"https:\\\/\\\/www.hotelmultatuli.nl\\\/de\\\/\"},{\"@type\":\"ListItem\",\"position\":2,\"name\":\"Standort\"}]},{\"@type\":\"WebSite\",\"@id\":\"https:\\\/\\\/www.hotelmultatuli.nl\\\/de\\\/#website\",\"url\":\"https:\\\/\\\/www.hotelmultatuli.nl\\\/de\\\/\",\"name\":\"Hotel Multatuli\",\"description\":\"Amsterdam\",\"publisher\":{\"@id\":\"https:\\\/\\\/www.hotelmultatuli.nl\\\/de\\\/#organization\"},\"potentialAction\":[{\"@type\":\"SearchAction\",\"target\":{\"@type\":\"EntryPoint\",\"urlTemplate\":\"https:\\\/\\\/www.hotelmultatuli.nl\\\/de\\\/?s={search_term_string}\"},\"query-input\":{\"@type\":\"PropertyValueSpecification\",\"valueRequired\":true,\"valueName\":\"search_term_string\"}}],\"inLanguage\":\"de\"},{\"@type\":\"Organization\",\"@id\":\"https:\\\/\\\/www.hotelmultatuli.nl\\\/de\\\/#organization\",\"name\":\"Hotel Multatuli\",\"url\":\"https:\\\/\\\/www.hotelmultatuli.nl\\\/de\\\/\",\"logo\":{\"@type\":\"ImageObject\",\"inLanguage\":\"de\",\"@id\":\"https:\\\/\\\/www.hotelmultatuli.nl\\\/de\\\/#\\\/schema\\\/logo\\\/image\\\/\",\"url\":\"https:\\\/\\\/www.hotelmultatuli.nl\\\/wp-content\\\/uploads\\\/2022\\\/09\\\/logo-multatuli-hotel.png\",\"contentUrl\":\"https:\\\/\\\/www.hotelmultatuli.nl\\\/wp-content\\\/uploads\\\/2022\\\/09\\\/logo-multatuli-hotel.png\",\"width\":300,\"height\":69,\"caption\":\"Hotel Multatuli\"},\"image\":{\"@id\":\"https:\\\/\\\/www.hotelmultatuli.nl\\\/de\\\/#\\\/schema\\\/logo\\\/image\\\/\"}}]}<\/script>\n<!-- \/ Yoast SEO plugin. -->","yoast_head_json":{"title":"Standort - Hotel Multatuli","robots":{"index":"index","follow":"follow","max-snippet":"max-snippet:-1","max-image-preview":"max-image-preview:large","max-video-preview":"max-video-preview:-1"},"canonical":"https:\/\/www.hotelmultatuli.nl\/de\/standort\/","og_locale":"de_DE","og_type":"article","og_title":"Standort - Hotel Multatuli","og_description":"Planen Sie Ihre Reise Das Hotel Multatuli liegt nur wenige Gehminuten vom Amsterdamer Hauptbahnhof entfernt. Von hier aus gelangen Sie mit Z\u00fcgen, U-Bahnen, Stra\u00dfenbahnen und Bussen an jeden Ort innerhalb und au\u00dferhalb der Niederlande. Nachstehend finden Sie weitere Informationen zum Transport zum und vom Hotel. Zug von SchipholIn der Ankunftshalle von Schiphol nehmen Sie den&hellip; Read more","og_url":"https:\/\/www.hotelmultatuli.nl\/de\/standort\/","og_site_name":"Hotel Multatuli","article_modified_time":"2026-01-05T23:13:46+00:00","og_image":[{"url":"https:\/\/www.hotelmultatuli.nl\/wp-content\/uploads\/2023\/04\/Train.png","type":"","width":"","height":""}],"twitter_card":"summary_large_image","twitter_misc":{"Gesch\u00e4tzte Lesezeit":"1\u00a0Minute"},"schema":{"@context":"https:\/\/schema.org","@graph":[{"@type":"WebPage","@id":"https:\/\/www.hotelmultatuli.nl\/de\/standort\/","url":"https:\/\/www.hotelmultatuli.nl\/de\/standort\/","name":"Standort - Hotel Multatuli","isPartOf":{"@id":"https:\/\/www.hotelmultatuli.nl\/de\/#website"},"primaryImageOfPage":{"@id":"https:\/\/www.hotelmultatuli.nl\/de\/standort\/#primaryimage"},"image":{"@id":"https:\/\/www.hotelmultatuli.nl\/de\/standort\/#primaryimage"},"thumbnailUrl":"https:\/\/www.hotelmultatuli.nl\/wp-content\/uploads\/2023\/04\/Train.png","datePublished":"2022-11-11T17:47:51+00:00","dateModified":"2026-01-05T23:13:46+00:00","breadcrumb":{"@id":"https:\/\/www.hotelmultatuli.nl\/de\/standort\/#breadcrumb"},"inLanguage":"de","potentialAction":[{"@type":"ReadAction","target":["https:\/\/www.hotelmultatuli.nl\/de\/standort\/"]}]},{"@type":"ImageObject","inLanguage":"de","@id":"https:\/\/www.hotelmultatuli.nl\/de\/standort\/#primaryimage","url":"https:\/\/www.hotelmultatuli.nl\/wp-content\/uploads\/2023\/04\/Train.png","contentUrl":"https:\/\/www.hotelmultatuli.nl\/wp-content\/uploads\/2023\/04\/Train.png"},{"@type":"BreadcrumbList","@id":"https:\/\/www.hotelmultatuli.nl\/de\/standort\/#breadcrumb","itemListElement":[{"@type":"ListItem","position":1,"name":"Home","item":"https:\/\/www.hotelmultatuli.nl\/de\/"},{"@type":"ListItem","position":2,"name":"Standort"}]},{"@type":"WebSite","@id":"https:\/\/www.hotelmultatuli.nl\/de\/#website","url":"https:\/\/www.hotelmultatuli.nl\/de\/","name":"Hotel Multatuli","description":"Amsterdam","publisher":{"@id":"https:\/\/www.hotelmultatuli.nl\/de\/#organization"},"potentialAction":[{"@type":"SearchAction","target":{"@type":"EntryPoint","urlTemplate":"https:\/\/www.hotelmultatuli.nl\/de\/?s={search_term_string}"},"query-input":{"@type":"PropertyValueSpecification","valueRequired":true,"valueName":"search_term_string"}}],"inLanguage":"de"},{"@type":"Organization","@id":"https:\/\/www.hotelmultatuli.nl\/de\/#organization","name":"Hotel Multatuli","url":"https:\/\/www.hotelmultatuli.nl\/de\/","logo":{"@type":"ImageObject","inLanguage":"de","@id":"https:\/\/www.hotelmultatuli.nl\/de\/#\/schema\/logo\/image\/","url":"https:\/\/www.hotelmultatuli.nl\/wp-content\/uploads\/2022\/09\/logo-multatuli-hotel.png","contentUrl":"https:\/\/www.hotelmultatuli.nl\/wp-content\/uploads\/2022\/09\/logo-multatuli-hotel.png","width":300,"height":69,"caption":"Hotel Multatuli"},"image":{"@id":"https:\/\/www.hotelmultatuli.nl\/de\/#\/schema\/logo\/image\/"}}]}},"_links":{"self":[{"href":"https:\/\/www.hotelmultatuli.nl\/de\/wp-json\/wp\/v2\/pages\/932","targetHints":{"allow":["GET"]}}],"collection":[{"href":"https:\/\/www.hotelmultatuli.nl\/de\/wp-json\/wp\/v2\/pages"}],"about":[{"href":"https:\/\/www.hotelmultatuli.nl\/de\/wp-json\/wp\/v2\/types\/page"}],"author":[{"embeddable":true,"href":"https:\/\/www.hotelmultatuli.nl\/de\/wp-json\/wp\/v2\/users\/1"}],"replies":[{"embeddable":true,"href":"https:\/\/www.hotelmultatuli.nl\/de\/wp-json\/wp\/v2\/comments?post=932"}],"version-history":[{"count":7,"href":"https:\/\/www.hotelmultatuli.nl\/de\/wp-json\/wp\/v2\/pages\/932\/revisions"}],"predecessor-version":[{"id":2292,"href":"https:\/\/www.hotelmultatuli.nl\/de\/wp-json\/wp\/v2\/pages\/932\/revisions\/2292"}],"wp:attachment":[{"href":"https:\/\/www.hotelmultatuli.nl\/de\/wp-json\/wp\/v2\/media?parent=932"}],"curies":[{"name":"wp","href":"https:\/\/api.w.org\/{rel}","templated":true}]}}