{"id":921,"date":"2022-11-11T14:37:00","date_gmt":"2022-11-11T14:37:00","guid":{"rendered":"https:\/\/www.hotelmultatuli.nl\/titelseite\/"},"modified":"2026-01-07T11:06:43","modified_gmt":"2026-01-07T11:06:43","slug":"titelseite","status":"publish","type":"page","link":"https:\/\/www.hotelmultatuli.nl\/de\/","title":{"rendered":"Titelseite"},"content":{"rendered":"<div  data-label=\"About Us\" data-id=\"about--2\" data-export-id=\"about-text-image\" data-category=\"about\" class=\"about-text-image content-section content-section-spacing\" id=\"about-us\" style=\"background-color: rgb(255, 255, 255); background-image: none;\"><div  class=\"gridContainer\"> <div  class=\"row\"><div  class=\"col-sm-6 col-padding-small-xs col-sm-padding-large bg-color5 white-text content-col\" data-type=\"column\">  <h2  class=\"\">\u00dcber uns<\/h2> <p  class=\"\">Das Hotel Multatuli befindet sich am Anfang des Amsterdamer Grachtenviertels \u201eGrachtengordel\u201c. Die Kan\u00e4le aus dem 17. Jahrhundert wurden 2010 in die Liste des Unesco-Welterbes aufgenommen. Das Hotel befindet sich in einem denkmalgesch\u00fctzten Geb\u00e4ude aus dem Jahr 1744. Rundfahrten mit dem Boot k\u00f6nnen gegen\u00fcber dem Hotel unternommen werden. Der Damm und das Anne-Frank-Haus sind nur 10 Gehminuten entfernt.<\/p><\/div> <div  class=\"col-sm-6 flexbox-strech center-xs middle-xs no-gutter-col\"><div  class=\"shadow-large overlap-left-large flexbox middle-xs center-xs right-img\" data-bg=\"image\" style=\"background-image: url(&quot;https:\/\/www.hotelmultatuli.nl\/wp-content\/uploads\/2023\/07\/cropped-MULTATULI_AANZICHT_OVERDAG-2-scaled-1.jpg&quot;);\" https:=\"\" www.hotelmultatuli.nl=\"\" wp-content=\"\" uploads=\"\" 2023=\"\" 07=\"\" cropped-multatuli_aanzicht_overdag-2-scaled-1.jpg\");\"=\"\"><\/div><\/div> <\/div><\/div> <\/div><div  data-label=\"Multatuli\" data-id=\"about--1\" data-export-id=\"about-image-text\" data-category=\"about\" class=\"about-image-text content-section content-section-spacing\" id=\"multatuli\" style=\"background-color: rgb(255, 255, 255); background-image: none;\"><div  class=\"gridContainer\"> <div  class=\"row\"><div  class=\"col-sm-6 flexbox-strech center-xs middle-xs no-gutter-col\"> <div  class=\"shadow-large overlap-right-large flexbox middle-xs center-xs left-img\" data-bg=\"image\" style=\"background-image: url(&quot;https:\/\/www.hotelmultatuli.nl\/wp-content\/uploads\/2022\/11\/cropped-Multatuli001.gif&quot;);\" https:=\"\" www.hotelmultatuli.nl=\"\" wp-content=\"\" uploads=\"\" 2022=\"\" 11=\"\" cropped-multatuli001.gif\");\"=\"\"><\/div><\/div> <div  class=\"col-sm-6 space-bottom-xs col-padding-small-xs col-sm-padding-large bg-color5 white-text content-col\" data-type=\"column\"> <h2  class=\"\">Multatuli<br > <span  href=\"#\" style=\"font-family: Playfair Display,sans-serif; font-weight: 700; font-style: italic;\">\u201eVom Mond aus gesehen sind wir alle gleich gro\u00df\u201c<\/span><\/h2> <p  class=\"\">Das Hotel Multatuli verdankt seinen Namen und sein Logo Multatuli (1820-1887), dem Autor von \u201eMax Havelaar\u201c, einem der erfolgreichsten und fesselndsten B\u00fccher der niederl\u00e4ndischen Literatur.<\/p><\/div> <\/div><\/div> <\/div><div  data-label=\"Amenities and Services\" data-id=\"content--2\" data-export-id=\"content-6\" data-category=\"content\" class=\"content-6 content-section content-section-spacing\" id=\"amenities-and-services\" style=\"background-color: rgb(255, 255, 255); background-image: none;\"><div  class=\"gridContainer\"> <div  class=\"row text-center\"><div  class=\"section-title-col\" data-type=\"column\"> <h2  class=\"\"><span  style=\"color: rgb(0, 0, 0);\">Annehmlichkeiten und Dienstleistungen<\/span><\/h2> <p  class=\"lead\">Das Fr\u00fchst\u00fcck wird jeden Morgen serviert, abends k\u00f6nnen Sie sich an unserer Bar entspannen.<\/p><\/div> <\/div> <div  class=\"row middle-sm\"> <div  class=\"col-sm-6\"> <div  class=\"row\"> <div  class=\"col-xs-12 space-bottom\" data-type=\"column\">  <\/div> <div  data-type=\"row\" class=\"col-xs-12 start-sm content-left-sm\"><div  class=\"row space-bottom force-align\"> <div  class=\"col-xs-12 col-sm-fit text-center\"><i  class=\"fa icon fa-user big color1\"><\/i><\/div> <div  class=\"col-xs-12 col-sm\" data-type=\"column\"><h5  class=\"color1\">Dienstleistungen<\/h5> <p  class=\"\">24\/7 Rezeption, 24\/7 Zimmerservice, Reichhaltiges Fr\u00fchst\u00fccksbuffet, W\u00e4scherei, Medizinischer Dienst<\/p><\/div> <\/div> <div  class=\"row space-bottom force-align\"> <div  class=\"col-xs-12 col-sm-fit text-center\"> <i  class=\"fa icon fa-building big color1\"><\/i><\/div> <div  class=\"col-xs-12 col-sm\" data-type=\"column\"><h5  class=\"color1\">Annehmlichkeiten<\/h5> <p  class=\"\">Aufzug, Gep\u00e4ckraum, Bar, kostenloses Wifi<\/p><\/div> <\/div> <div  class=\"row space-bottom force-align\"> <div  class=\"col-xs-12 col-sm-fit text-center\"> <i  class=\"fa icon fa-star big color1\"><\/i><\/div> <div  class=\"col-xs-12 col-sm\" data-type=\"column\"><h5  class=\"color1\">G\u00e4stezimmer<\/h5> <p  class=\"\">Einzelbett, Klimaanlage, WiFi, Dusche, Fernseher, Telefon, Toilette, Badezimmerausstattung, Minibar<\/p><\/div> <\/div><\/div> <\/div><\/div> <div  class=\"col-sm-6 flexbox around-xs top-xs space-bottom-xs\"><div  class=\"overlay-box flexbox middle-xs center-xs overlay-holder\"> <div  class=\"overlay-box-offset shadow-medium border-color2 hide-xs offset-background\"><\/div> <img  decoding=\"async\" class=\"flexbox shadow-large img1\" data-size=\"485x632\" src=\"https:\/\/www.hotelmultatuli.nl\/wp-content\/uploads\/2023\/07\/cropped-MULTATULI-13-scaled-1.jpg\" title=\"MULTATULI-13\" alt=\"\"><\/div> <\/div><\/div> <\/div><\/div><div  data-label=\"Book With Us\" data-id=\"cta--1\" data-export-id=\"cta-blue-section\" data-category=\"cta\" class=\"cta-blue-section content-section content-section-spacing-medium bg-color1 white-text\" id=\"book-with-us\" style=\"background-image: none; background-color: rgb(0, 0, 0); --darkreader-inline-bgimage: none; --darkreader-inline-bgcolor: #2c2f31;\" data-darkreader-inline-bgimage=\"\" data-darkreader-inline-bgcolor=\"\"><div  class=\"gridContainer\"> <div  class=\"row middle-xs\"><div  class=\"col-sm-8 space-bottom-xs\" data-type=\"column\">  <h3  class=\"\"><span  style=\"font-weight: 400; font-family: Muli, arial, helvetica, sans-serif;\">Buchen Sie bei uns und erhalten Sie 10% Rabatt auf Ihren Aufenthalt<\/span><\/h3><\/div> <div  class=\"col-sm-4 end-sm\" data-type=\"column\"> <a  class=\"button color4 white-text\" href=\"https:\/\/ibe2.smarthotel.nl?id=41da65c8-6f1f-4bb1-977c-dd21cf1e89e0&amp;segment=Hotel&amp;promocode=MULTATULI\" target=\"_blank\" data-cp-link=\"1\" data-icon=\"fa-arrow-circle-right\" rel=\"noopener\"><span  class=\"button-icon fa fa-arrow-circle-right\"><\/span>Jetzt buchen<\/a><\/div> <\/div><\/div> <\/div><div  data-label=\"Top Footer\" data-id=\"clients--1\" data-export-id=\"clients-1\" data-category=\"clients\" class=\"clients-1 content-section content-section-spacing content-relative\" id=\"top-footer\" style=\"background-color: rgb(255, 255, 255); background-image: none; --darkreader-inline-bgcolor: #181a1b; --darkreader-inline-bgimage: none;\" data-darkreader-inline-bgcolor=\"\" data-darkreader-inline-bgimage=\"\"><div  class=\"gridContainer\"> <div  class=\"row middle-sm\"><div  data-type=\"column\" class=\"col-sm-6 space-bottom-xs\"><img  decoding=\"async\" class=\"custom-image\" src=\"https:\/\/www.hotelmultatuli.nl\/wp-content\/uploads\/2022\/11\/Keurmerk-3-Ster-Superior-Zwart-1-e1668187604616.png\" title=\"Keurmerk-3-Ster-Superior-Zwart\" alt=\"\">  <\/div> <div  class=\"col-sm-6\"><div  data-type=\"row\" class=\"row spaced-cols center-xs padding-lr\"> <div  class=\"col-xs-3 col-md-2\"> <img  decoding=\"async\" src=\"https:\/\/www.hotelmultatuli.nl\/wp-content\/uploads\/2023\/04\/cropped-8385-ideal_102481.png\" class=\"desaturate\" title=\"cropped-8385-ideal_102481.png\" alt=\"\"><\/div><div  class=\"col-xs-3 col-md-2\"> <img  decoding=\"async\" src=\"https:\/\/www.hotelmultatuli.nl\/wp-content\/uploads\/2023\/04\/Sofort-klarna-logo.svg_.png\" class=\"desaturate\" title=\"Sofort-klarna-logo.svg\" alt=\"\"><\/div><div  class=\"col-xs-3 col-md-2\"> <img  decoding=\"async\" src=\"https:\/\/www.hotelmultatuli.nl\/wp-content\/uploads\/2023\/04\/1280px-Bancontact_logo.svg_.png\" class=\"desaturate\" title=\"1280px-Bancontact_logo.svg\" alt=\"\"><\/div><div  class=\"col-xs-3 col-md-2\"> <img  decoding=\"async\" src=\"https:\/\/www.hotelmultatuli.nl\/wp-content\/uploads\/2022\/11\/Mastercard_new_logo-1200x865-1.jpg\" class=\"desaturate\" title=\"Mastercard_new_logo-1200x865\" alt=\"\"><\/div><div  class=\"col-xs-3 col-md-2\"> <img  decoding=\"async\" src=\"https:\/\/www.hotelmultatuli.nl\/wp-content\/uploads\/2023\/04\/Maestro_logo.png\" class=\"desaturate\" title=\"Maestro_logo\" alt=\"\"><\/div><div  class=\"col-xs-3 col-md-2\"> <img  decoding=\"async\" src=\"https:\/\/www.hotelmultatuli.nl\/wp-content\/uploads\/2022\/11\/visa-logo-800x450-1.webp\" class=\"desaturate\" title=\"visa-logo-800x450\" alt=\"\"><\/div>  <div  class=\"col-xs-3 col-md-2\"> <img  decoding=\"async\" src=\"https:\/\/www.hotelmultatuli.nl\/wp-content\/uploads\/2022\/11\/4-you-might-not-notice-amex-new-brand.webp\" class=\"desaturate\" title=\"4-sie-k\u00f6nnen-nicht-eine-amex-neue-marke\" alt=\"\"><\/div>  <div  class=\"col-xs-3 col-md-2\"> <img  decoding=\"async\" src=\"https:\/\/www.hotelmultatuli.nl\/wp-content\/uploads\/2023\/04\/Diners_Club_International-logo-EF50D35BE8-seeklogo.com_.png\" class=\"desaturate\" title=\"Diners_Club_International-logo-EF50D35BE8-seeklogo.com\" alt=\"\"><\/div><div  class=\"col-xs-3 col-md-2\"> <img  decoding=\"async\" src=\"https:\/\/www.hotelmultatuli.nl\/wp-content\/uploads\/2023\/04\/Discover_Card-logo-4BC5D7C02C-seeklogo.com_.png\" class=\"desaturate\" title=\"Entdecken Sie_Card-logo-4BC5D7C02C-seeklogo.com\" alt=\"\"><\/div><div  class=\"col-xs-3 col-md-2\"> <img  decoding=\"async\" src=\"https:\/\/www.hotelmultatuli.nl\/wp-content\/uploads\/2022\/11\/2560px-JCB_logo.svg_.png\" class=\"desaturate\" title=\"2560px-JCB_logo.svg\" alt=\"\"><\/div><\/div><\/div> <\/div><\/div> <\/div>","protected":false},"excerpt":{"rendered":"<p>\u00dcber uns Das Hotel Multatuli befindet sich am Anfang des Amsterdamer Grachtenviertels \u201eGrachtengordel\u201c. Die Kan\u00e4le aus dem 17. Jahrhundert wurden 2010 in die Liste des Unesco-Welterbes aufgenommen. Das Hotel befindet sich in einem denkmalgesch\u00fctzten Geb\u00e4ude aus dem Jahr 1744. Rundfahrten mit dem Boot k\u00f6nnen gegen\u00fcber dem Hotel unternommen werden. Der Damm und das Anne-Frank-Haus sind&hellip; <br \/> <a class=\"read-more\" href=\"https:\/\/www.hotelmultatuli.nl\/de\/\">Read more<\/a><\/p>\n","protected":false},"author":1,"featured_media":0,"parent":0,"menu_order":0,"comment_status":"closed","ping_status":"closed","template":"page-templates\/homepage.php","meta":{"footnotes":""},"class_list":["post-921","page","type-page","status-publish","hentry"],"yoast_head":"<!-- This site is optimized with the Yoast SEO plugin v27.5 - https:\/\/yoast.com\/product\/yoast-seo-wordpress\/ -->\n<title>Titelseite - Hotel Multatuli<\/title>\n<meta name=\"robots\" content=\"index, follow, max-snippet:-1, max-image-preview:large, max-video-preview:-1\" \/>\n<link rel=\"canonical\" href=\"https:\/\/www.hotelmultatuli.nl\/de\/\" \/>\n<meta property=\"og:locale\" content=\"de_DE\" \/>\n<meta property=\"og:type\" content=\"article\" \/>\n<meta property=\"og:title\" content=\"Titelseite - Hotel Multatuli\" \/>\n<meta property=\"og:description\" content=\"\u00dcber uns Das Hotel Multatuli befindet sich am Anfang des Amsterdamer Grachtenviertels \u201eGrachtengordel\u201c. Die Kan\u00e4le aus dem 17. Jahrhundert wurden 2010 in die Liste des Unesco-Welterbes aufgenommen. Das Hotel befindet sich in einem denkmalgesch\u00fctzten Geb\u00e4ude aus dem Jahr 1744. Rundfahrten mit dem Boot k\u00f6nnen gegen\u00fcber dem Hotel unternommen werden. Der Damm und das Anne-Frank-Haus sind&hellip; Read more\" \/>\n<meta property=\"og:url\" content=\"https:\/\/www.hotelmultatuli.nl\/de\/\" \/>\n<meta property=\"og:site_name\" content=\"Hotel Multatuli\" \/>\n<meta property=\"article:modified_time\" content=\"2026-01-07T11:06:43+00:00\" \/>\n<meta property=\"og:image\" content=\"https:\/\/www.hotelmultatuli.nl\/wp-content\/uploads\/2023\/07\/cropped-MULTATULI-13-scaled-1.jpg\" \/>\n<meta name=\"twitter:card\" content=\"summary_large_image\" \/>\n<meta name=\"twitter:label1\" content=\"Gesch\u00e4tzte Lesezeit\" \/>\n\t<meta name=\"twitter:data1\" content=\"1\u00a0Minute\" \/>\n<script type=\"application\/ld+json\" class=\"yoast-schema-graph\">{\"@context\":\"https:\\\/\\\/schema.org\",\"@graph\":[{\"@type\":\"WebPage\",\"@id\":\"https:\\\/\\\/www.hotelmultatuli.nl\\\/de\\\/\",\"url\":\"https:\\\/\\\/www.hotelmultatuli.nl\\\/de\\\/\",\"name\":\"Titelseite - Hotel Multatuli\",\"isPartOf\":{\"@id\":\"https:\\\/\\\/www.hotelmultatuli.nl\\\/de\\\/#website\"},\"primaryImageOfPage\":{\"@id\":\"https:\\\/\\\/www.hotelmultatuli.nl\\\/de\\\/#primaryimage\"},\"image\":{\"@id\":\"https:\\\/\\\/www.hotelmultatuli.nl\\\/de\\\/#primaryimage\"},\"thumbnailUrl\":\"https:\\\/\\\/www.hotelmultatuli.nl\\\/wp-content\\\/uploads\\\/2023\\\/07\\\/cropped-MULTATULI-13-scaled-1.jpg\",\"datePublished\":\"2022-11-11T14:37:00+00:00\",\"dateModified\":\"2026-01-07T11:06:43+00:00\",\"breadcrumb\":{\"@id\":\"https:\\\/\\\/www.hotelmultatuli.nl\\\/de\\\/#breadcrumb\"},\"inLanguage\":\"de\",\"potentialAction\":[{\"@type\":\"ReadAction\",\"target\":[\"https:\\\/\\\/www.hotelmultatuli.nl\\\/de\\\/\"]}]},{\"@type\":\"ImageObject\",\"inLanguage\":\"de\",\"@id\":\"https:\\\/\\\/www.hotelmultatuli.nl\\\/de\\\/#primaryimage\",\"url\":\"https:\\\/\\\/www.hotelmultatuli.nl\\\/wp-content\\\/uploads\\\/2023\\\/07\\\/cropped-MULTATULI-13-scaled-1.jpg\",\"contentUrl\":\"https:\\\/\\\/www.hotelmultatuli.nl\\\/wp-content\\\/uploads\\\/2023\\\/07\\\/cropped-MULTATULI-13-scaled-1.jpg\"},{\"@type\":\"BreadcrumbList\",\"@id\":\"https:\\\/\\\/www.hotelmultatuli.nl\\\/de\\\/#breadcrumb\",\"itemListElement\":[{\"@type\":\"ListItem\",\"position\":1,\"name\":\"Home\",\"item\":\"https:\\\/\\\/www.hotelmultatuli.nl\\\/de\\\/\"},{\"@type\":\"ListItem\",\"position\":2,\"name\":\"Titelseite\"}]},{\"@type\":\"WebSite\",\"@id\":\"https:\\\/\\\/www.hotelmultatuli.nl\\\/de\\\/#website\",\"url\":\"https:\\\/\\\/www.hotelmultatuli.nl\\\/de\\\/\",\"name\":\"Hotel Multatuli\",\"description\":\"Amsterdam\",\"publisher\":{\"@id\":\"https:\\\/\\\/www.hotelmultatuli.nl\\\/de\\\/#organization\"},\"potentialAction\":[{\"@type\":\"SearchAction\",\"target\":{\"@type\":\"EntryPoint\",\"urlTemplate\":\"https:\\\/\\\/www.hotelmultatuli.nl\\\/de\\\/?s={search_term_string}\"},\"query-input\":{\"@type\":\"PropertyValueSpecification\",\"valueRequired\":true,\"valueName\":\"search_term_string\"}}],\"inLanguage\":\"de\"},{\"@type\":\"Organization\",\"@id\":\"https:\\\/\\\/www.hotelmultatuli.nl\\\/de\\\/#organization\",\"name\":\"Hotel Multatuli\",\"url\":\"https:\\\/\\\/www.hotelmultatuli.nl\\\/de\\\/\",\"logo\":{\"@type\":\"ImageObject\",\"inLanguage\":\"de\",\"@id\":\"https:\\\/\\\/www.hotelmultatuli.nl\\\/de\\\/#\\\/schema\\\/logo\\\/image\\\/\",\"url\":\"https:\\\/\\\/www.hotelmultatuli.nl\\\/wp-content\\\/uploads\\\/2022\\\/09\\\/logo-multatuli-hotel.png\",\"contentUrl\":\"https:\\\/\\\/www.hotelmultatuli.nl\\\/wp-content\\\/uploads\\\/2022\\\/09\\\/logo-multatuli-hotel.png\",\"width\":300,\"height\":69,\"caption\":\"Hotel Multatuli\"},\"image\":{\"@id\":\"https:\\\/\\\/www.hotelmultatuli.nl\\\/de\\\/#\\\/schema\\\/logo\\\/image\\\/\"}}]}<\/script>\n<!-- \/ Yoast SEO plugin. -->","yoast_head_json":{"title":"Titelseite - Hotel Multatuli","robots":{"index":"index","follow":"follow","max-snippet":"max-snippet:-1","max-image-preview":"max-image-preview:large","max-video-preview":"max-video-preview:-1"},"canonical":"https:\/\/www.hotelmultatuli.nl\/de\/","og_locale":"de_DE","og_type":"article","og_title":"Titelseite - Hotel Multatuli","og_description":"\u00dcber uns Das Hotel Multatuli befindet sich am Anfang des Amsterdamer Grachtenviertels \u201eGrachtengordel\u201c. Die Kan\u00e4le aus dem 17. Jahrhundert wurden 2010 in die Liste des Unesco-Welterbes aufgenommen. Das Hotel befindet sich in einem denkmalgesch\u00fctzten Geb\u00e4ude aus dem Jahr 1744. Rundfahrten mit dem Boot k\u00f6nnen gegen\u00fcber dem Hotel unternommen werden. Der Damm und das Anne-Frank-Haus sind&hellip; Read more","og_url":"https:\/\/www.hotelmultatuli.nl\/de\/","og_site_name":"Hotel Multatuli","article_modified_time":"2026-01-07T11:06:43+00:00","og_image":[{"url":"https:\/\/www.hotelmultatuli.nl\/wp-content\/uploads\/2023\/07\/cropped-MULTATULI-13-scaled-1.jpg","type":"","width":"","height":""}],"twitter_card":"summary_large_image","twitter_misc":{"Gesch\u00e4tzte Lesezeit":"1\u00a0Minute"},"schema":{"@context":"https:\/\/schema.org","@graph":[{"@type":"WebPage","@id":"https:\/\/www.hotelmultatuli.nl\/de\/","url":"https:\/\/www.hotelmultatuli.nl\/de\/","name":"Titelseite - Hotel Multatuli","isPartOf":{"@id":"https:\/\/www.hotelmultatuli.nl\/de\/#website"},"primaryImageOfPage":{"@id":"https:\/\/www.hotelmultatuli.nl\/de\/#primaryimage"},"image":{"@id":"https:\/\/www.hotelmultatuli.nl\/de\/#primaryimage"},"thumbnailUrl":"https:\/\/www.hotelmultatuli.nl\/wp-content\/uploads\/2023\/07\/cropped-MULTATULI-13-scaled-1.jpg","datePublished":"2022-11-11T14:37:00+00:00","dateModified":"2026-01-07T11:06:43+00:00","breadcrumb":{"@id":"https:\/\/www.hotelmultatuli.nl\/de\/#breadcrumb"},"inLanguage":"de","potentialAction":[{"@type":"ReadAction","target":["https:\/\/www.hotelmultatuli.nl\/de\/"]}]},{"@type":"ImageObject","inLanguage":"de","@id":"https:\/\/www.hotelmultatuli.nl\/de\/#primaryimage","url":"https:\/\/www.hotelmultatuli.nl\/wp-content\/uploads\/2023\/07\/cropped-MULTATULI-13-scaled-1.jpg","contentUrl":"https:\/\/www.hotelmultatuli.nl\/wp-content\/uploads\/2023\/07\/cropped-MULTATULI-13-scaled-1.jpg"},{"@type":"BreadcrumbList","@id":"https:\/\/www.hotelmultatuli.nl\/de\/#breadcrumb","itemListElement":[{"@type":"ListItem","position":1,"name":"Home","item":"https:\/\/www.hotelmultatuli.nl\/de\/"},{"@type":"ListItem","position":2,"name":"Titelseite"}]},{"@type":"WebSite","@id":"https:\/\/www.hotelmultatuli.nl\/de\/#website","url":"https:\/\/www.hotelmultatuli.nl\/de\/","name":"Hotel Multatuli","description":"Amsterdam","publisher":{"@id":"https:\/\/www.hotelmultatuli.nl\/de\/#organization"},"potentialAction":[{"@type":"SearchAction","target":{"@type":"EntryPoint","urlTemplate":"https:\/\/www.hotelmultatuli.nl\/de\/?s={search_term_string}"},"query-input":{"@type":"PropertyValueSpecification","valueRequired":true,"valueName":"search_term_string"}}],"inLanguage":"de"},{"@type":"Organization","@id":"https:\/\/www.hotelmultatuli.nl\/de\/#organization","name":"Hotel Multatuli","url":"https:\/\/www.hotelmultatuli.nl\/de\/","logo":{"@type":"ImageObject","inLanguage":"de","@id":"https:\/\/www.hotelmultatuli.nl\/de\/#\/schema\/logo\/image\/","url":"https:\/\/www.hotelmultatuli.nl\/wp-content\/uploads\/2022\/09\/logo-multatuli-hotel.png","contentUrl":"https:\/\/www.hotelmultatuli.nl\/wp-content\/uploads\/2022\/09\/logo-multatuli-hotel.png","width":300,"height":69,"caption":"Hotel Multatuli"},"image":{"@id":"https:\/\/www.hotelmultatuli.nl\/de\/#\/schema\/logo\/image\/"}}]}},"_links":{"self":[{"href":"https:\/\/www.hotelmultatuli.nl\/de\/wp-json\/wp\/v2\/pages\/921","targetHints":{"allow":["GET"]}}],"collection":[{"href":"https:\/\/www.hotelmultatuli.nl\/de\/wp-json\/wp\/v2\/pages"}],"about":[{"href":"https:\/\/www.hotelmultatuli.nl\/de\/wp-json\/wp\/v2\/types\/page"}],"author":[{"embeddable":true,"href":"https:\/\/www.hotelmultatuli.nl\/de\/wp-json\/wp\/v2\/users\/1"}],"replies":[{"embeddable":true,"href":"https:\/\/www.hotelmultatuli.nl\/de\/wp-json\/wp\/v2\/comments?post=921"}],"version-history":[{"count":7,"href":"https:\/\/www.hotelmultatuli.nl\/de\/wp-json\/wp\/v2\/pages\/921\/revisions"}],"predecessor-version":[{"id":2339,"href":"https:\/\/www.hotelmultatuli.nl\/de\/wp-json\/wp\/v2\/pages\/921\/revisions\/2339"}],"wp:attachment":[{"href":"https:\/\/www.hotelmultatuli.nl\/de\/wp-json\/wp\/v2\/media?parent=921"}],"curies":[{"name":"wp","href":"https:\/\/api.w.org\/{rel}","templated":true}]}}